{"id":23497,"date":"2025-09-02T15:07:20","date_gmt":"2025-09-02T13:07:20","guid":{"rendered":"https:\/\/testit.uni.lu\/resources\/girls-in-it-programmation\/"},"modified":"2025-10-14T09:47:26","modified_gmt":"2025-10-14T07:47:26","slug":"girls-in-it-programmation","status":"publish","type":"page","link":"https:\/\/testit.uni.lu\/fr\/resources\/girls-in-it-programmation\/","title":{"rendered":"Girls in IT &#8211; Programmation"},"content":{"rendered":"\t\t<div data-elementor-type=\"wp-page\" data-elementor-id=\"23497\" class=\"elementor elementor-23497 elementor-23465\" data-elementor-post-type=\"page\">\n\t\t\t\t\t\t<section class=\"elementor-section elementor-top-section elementor-element elementor-element-2855398 elementor-section-stretched elementor-section-height-min-height elementor-section-boxed elementor-section-height-default elementor-section-items-middle\" data-id=\"2855398\" data-element_type=\"section\" data-settings=\"{&quot;stretch_section&quot;:&quot;section-stretched&quot;,&quot;background_background&quot;:&quot;classic&quot;,&quot;background_motion_fx_motion_fx_scrolling&quot;:&quot;yes&quot;,&quot;background_motion_fx_translateY_effect&quot;:&quot;yes&quot;,&quot;background_motion_fx_translateY_direction&quot;:&quot;negative&quot;,&quot;jet_parallax_layout_list&quot;:[],&quot;background_motion_fx_translateY_speed&quot;:{&quot;unit&quot;:&quot;px&quot;,&quot;size&quot;:4,&quot;sizes&quot;:[]},&quot;background_motion_fx_translateY_affectedRange&quot;:{&quot;unit&quot;:&quot;%&quot;,&quot;size&quot;:&quot;&quot;,&quot;sizes&quot;:{&quot;start&quot;:0,&quot;end&quot;:100}},&quot;background_motion_fx_devices&quot;:[&quot;desktop&quot;,&quot;tablet&quot;,&quot;mobile&quot;]}\">\n\t\t\t\t\t\t\t<div class=\"elementor-background-overlay\"><\/div>\n\t\t\t\t\t\t\t<div class=\"elementor-container elementor-column-gap-default\">\n\t\t\t\t\t<div class=\"elementor-column elementor-col-50 elementor-top-column elementor-element elementor-element-318ff70\" data-id=\"318ff70\" data-element_type=\"column\">\n\t\t\t<div class=\"elementor-widget-wrap elementor-element-populated\">\n\t\t\t\t\t\t<div class=\"elementor-element elementor-element-bf2f023 elementor-widget elementor-widget-heading\" data-id=\"bf2f023\" data-element_type=\"widget\" data-widget_type=\"heading.default\">\n\t\t\t\t<div class=\"elementor-widget-container\">\n\t\t\t<h2 class=\"elementor-heading-title elementor-size-default\">Girls in IT - Programmation<\/h2>\t\t<\/div>\n\t\t\t\t<\/div>\n\t\t\t\t\t<\/div>\n\t\t<\/div>\n\t\t\t\t<div class=\"elementor-column elementor-col-50 elementor-top-column elementor-element elementor-element-0eff36c\" data-id=\"0eff36c\" data-element_type=\"column\">\n\t\t\t<div class=\"elementor-widget-wrap\">\n\t\t\t\t\t\t\t<\/div>\n\t\t<\/div>\n\t\t\t\t\t<\/div>\n\t\t<\/section>\n\t\t\t\t<section class=\"elementor-section elementor-top-section elementor-element elementor-element-85c8370 elementor-section-stretched elementor-section-full_width elementor-section-height-min-height elementor-section-items-top elementor-section-height-default\" data-id=\"85c8370\" data-element_type=\"section\" data-settings=\"{&quot;stretch_section&quot;:&quot;section-stretched&quot;,&quot;background_background&quot;:&quot;classic&quot;,&quot;jet_parallax_layout_list&quot;:[]}\">\n\t\t\t\t\t\t<div class=\"elementor-container elementor-column-gap-narrow\">\n\t\t\t\t\t<div class=\"elementor-column elementor-col-100 elementor-top-column elementor-element elementor-element-4d5f155\" data-id=\"4d5f155\" data-element_type=\"column\">\n\t\t\t<div class=\"elementor-widget-wrap elementor-element-populated\">\n\t\t\t\t\t\t<div class=\"elementor-element elementor-element-5eae75f elementor-widget elementor-widget-toggle\" data-id=\"5eae75f\" data-element_type=\"widget\" data-widget_type=\"toggle.default\">\n\t\t\t\t<div class=\"elementor-widget-container\">\n\t\t\t\t\t<div class=\"elementor-toggle\">\n\t\t\t\t\t\t\t<div class=\"elementor-toggle-item\">\n\t\t\t\t\t<div id=\"elementor-tab-title-9921\" class=\"elementor-tab-title\" data-tab=\"1\" role=\"button\" aria-controls=\"elementor-tab-content-9921\" aria-expanded=\"false\">\n\t\t\t\t\t\t\t\t\t\t\t\t<span class=\"elementor-toggle-icon elementor-toggle-icon-right\" aria-hidden=\"true\">\n\t\t\t\t\t\t\t\t\t\t\t\t\t\t\t<span class=\"elementor-toggle-icon-closed\"><svg class=\"e-font-icon-svg e-fas-chevron-down\" viewBox=\"0 0 448 512\" xmlns=\"http:\/\/www.w3.org\/2000\/svg\"><path d=\"M207.029 381.476L12.686 187.132c-9.373-9.373-9.373-24.569 0-33.941l22.667-22.667c9.357-9.357 24.522-9.375 33.901-.04L224 284.505l154.745-154.021c9.379-9.335 24.544-9.317 33.901.04l22.667 22.667c9.373 9.373 9.373 24.569 0 33.941L240.971 381.476c-9.373 9.372-24.569 9.372-33.942 0z\"><\/path><\/svg><\/span>\n\t\t\t\t\t\t\t\t<span class=\"elementor-toggle-icon-opened\"><svg class=\"elementor-toggle-icon-opened e-font-icon-svg e-fas-chevron-up\" viewBox=\"0 0 448 512\" xmlns=\"http:\/\/www.w3.org\/2000\/svg\"><path d=\"M240.971 130.524l194.343 194.343c9.373 9.373 9.373 24.569 0 33.941l-22.667 22.667c-9.357 9.357-24.522 9.375-33.901.04L224 227.495 69.255 381.516c-9.379 9.335-24.544 9.317-33.901-.04l-22.667-22.667c-9.373-9.373-9.373-24.569 0-33.941L207.03 130.525c9.372-9.373 24.568-9.373 33.941-.001z\"><\/path><\/svg><\/span>\n\t\t\t\t\t\t\t\t\t\t\t\t\t<\/span>\n\t\t\t\t\t\t\t\t\t\t\t\t<a class=\"elementor-toggle-title\" tabindex=\"0\">Visualisation d'algorithmes de tri<\/a>\n\t\t\t\t\t<\/div>\n\n\t\t\t\t\t<div id=\"elementor-tab-content-9921\" class=\"elementor-tab-content elementor-clearfix\" data-tab=\"1\" role=\"region\" aria-labelledby=\"elementor-tab-title-9921\"><p>Jette un \u0153il \u00e0 cet outil qui montre plein d&rsquo;algorithmes de tri diff\u00e9rents :<\/p>\n<p><a href=\"https:\/\/mszula.github.io\/visual-sorting\/\" target=\"_blank\" rel=\"noopener\">Sorting Visualizer<\/a>.<\/p>\n<\/div>\n\t\t\t\t<\/div>\n\t\t\t\t\t\t\t<div class=\"elementor-toggle-item\">\n\t\t\t\t\t<div id=\"elementor-tab-title-9922\" class=\"elementor-tab-title\" data-tab=\"2\" role=\"button\" aria-controls=\"elementor-tab-content-9922\" aria-expanded=\"false\">\n\t\t\t\t\t\t\t\t\t\t\t\t<span class=\"elementor-toggle-icon elementor-toggle-icon-right\" aria-hidden=\"true\">\n\t\t\t\t\t\t\t\t\t\t\t\t\t\t\t<span class=\"elementor-toggle-icon-closed\"><svg class=\"e-font-icon-svg e-fas-chevron-down\" viewBox=\"0 0 448 512\" xmlns=\"http:\/\/www.w3.org\/2000\/svg\"><path d=\"M207.029 381.476L12.686 187.132c-9.373-9.373-9.373-24.569 0-33.941l22.667-22.667c9.357-9.357 24.522-9.375 33.901-.04L224 284.505l154.745-154.021c9.379-9.335 24.544-9.317 33.901.04l22.667 22.667c9.373 9.373 9.373 24.569 0 33.941L240.971 381.476c-9.373 9.372-24.569 9.372-33.942 0z\"><\/path><\/svg><\/span>\n\t\t\t\t\t\t\t\t<span class=\"elementor-toggle-icon-opened\"><svg class=\"elementor-toggle-icon-opened e-font-icon-svg e-fas-chevron-up\" viewBox=\"0 0 448 512\" xmlns=\"http:\/\/www.w3.org\/2000\/svg\"><path d=\"M240.971 130.524l194.343 194.343c9.373 9.373 9.373 24.569 0 33.941l-22.667 22.667c-9.357 9.357-24.522 9.375-33.901.04L224 227.495 69.255 381.516c-9.379 9.335-24.544 9.317-33.901-.04l-22.667-22.667c-9.373-9.373-9.373-24.569 0-33.941L207.03 130.525c9.372-9.373 24.568-9.373 33.941-.001z\"><\/path><\/svg><\/span>\n\t\t\t\t\t\t\t\t\t\t\t\t\t<\/span>\n\t\t\t\t\t\t\t\t\t\t\t\t<a class=\"elementor-toggle-title\" tabindex=\"0\">Programmation<\/a>\n\t\t\t\t\t<\/div>\n\n\t\t\t\t\t<div id=\"elementor-tab-content-9922\" class=\"elementor-tab-content elementor-clearfix\" data-tab=\"2\" role=\"region\" aria-labelledby=\"elementor-tab-title-9922\"><p><strong>Facile:<\/strong><\/p>\n<p>La programmation, c&rsquo;est un sujet super vaste, et pour commencer \u00e0 comprendre, il y a deux trucs \u00e0 savoir :<br \/>1. Comprendre la logique derri\u00e8re un programme informatique et comment un ordi suit les instructions d&rsquo;un programme. Tu peux faire comme si t&rsquo;\u00e9tais un ordi et <a href=\"https:\/\/compute-it.toxicode.fr\/?hour-of-code&amp;progression=python\" target=\"_blank\" rel=\"noopener\">t&rsquo;entra\u00eener ici<\/a>.<br \/>2. Apprendre \u00e0 \u00e9crire du code que l&rsquo;ordi peut comprendre et transformer en programme. <a href=\"https:\/\/imagilabs-webapp-test.herokuapp.com\/app\/explore\" target=\"_blank\" rel=\"noopener\">Voici un exemple visuel <\/a>qui montre comment le code peut dessiner des images. Joue avec pour comprendre comment le code est compris par l&rsquo;ordi. <\/p>\n<p><strong>Interm\u00e9diaire: <\/strong><\/p>\n<p>\u00c0 un moment donn\u00e9, le moyen le plus simple d&rsquo;apprendre \u00e0 coder est de prendre un tas de code, de modifier quelques petites choses et de voir ce qui se passe. Ce tutoriel propose un programme visuel en Python qui devient progressivement plus complexe et vous permet de modifier tout ce que vous voulez pour voir ce qui se passe. Essayez-le ici :  <\/p>\n<p><a href=\"https:\/\/hourofpython.trinket.io\/a-visual-introduction-to-python#\/welcome\/an-hour-of-code\" target=\"_blank\" rel=\"noopener\">Vers le tutoriel<\/a><\/p>\n<p><strong>Avanc\u00e9:<\/strong><\/p>\n<p>Un des meilleurs moyens de se familiariser avec la programmation, c&rsquo;est de s&rsquo;attaquer \u00e0 des probl\u00e8mes concrets. Il y a plein de super outils en ligne (il faut cr\u00e9er un compte pour les utiliser) qui proposent des d\u00e9fis et testent ta solution (qui peut \u00eatre vraiment avanc\u00e9e) dans le langage de programmation que tu veux. Voici deux bonnes plateformes :  <\/p>\n<p><a href=\"https:\/\/leetcode.com\/problems\/two-sum\/\" target=\"_blank\" rel=\"noopener\">LeetCode<\/a> (D\u00e9fi de d\u00e9part, en haut \u00e0 gauche pour trouver le prochain)<\/p>\n<p><a href=\"https:\/\/www.codewars.com\/dashboard\" target=\"_blank\" rel=\"noopener\">CodeWars<\/a> (commence avec les d\u00e9fis 8 et 7 kyu)<\/p>\n<p><a href=\"https:\/\/edabit.com\/challenges\" target=\"_blank\" rel=\"noopener\">Edabit<\/a> (petits d\u00e9fis de programmation en Python ou JavaScript)<\/p>\n<\/div>\n\t\t\t\t<\/div>\n\t\t\t\t\t\t\t<div class=\"elementor-toggle-item\">\n\t\t\t\t\t<div id=\"elementor-tab-title-9923\" class=\"elementor-tab-title\" data-tab=\"3\" role=\"button\" aria-controls=\"elementor-tab-content-9923\" aria-expanded=\"false\">\n\t\t\t\t\t\t\t\t\t\t\t\t<span class=\"elementor-toggle-icon elementor-toggle-icon-right\" aria-hidden=\"true\">\n\t\t\t\t\t\t\t\t\t\t\t\t\t\t\t<span class=\"elementor-toggle-icon-closed\"><svg class=\"e-font-icon-svg e-fas-chevron-down\" viewBox=\"0 0 448 512\" xmlns=\"http:\/\/www.w3.org\/2000\/svg\"><path d=\"M207.029 381.476L12.686 187.132c-9.373-9.373-9.373-24.569 0-33.941l22.667-22.667c9.357-9.357 24.522-9.375 33.901-.04L224 284.505l154.745-154.021c9.379-9.335 24.544-9.317 33.901.04l22.667 22.667c9.373 9.373 9.373 24.569 0 33.941L240.971 381.476c-9.373 9.372-24.569 9.372-33.942 0z\"><\/path><\/svg><\/span>\n\t\t\t\t\t\t\t\t<span class=\"elementor-toggle-icon-opened\"><svg class=\"elementor-toggle-icon-opened e-font-icon-svg e-fas-chevron-up\" viewBox=\"0 0 448 512\" xmlns=\"http:\/\/www.w3.org\/2000\/svg\"><path d=\"M240.971 130.524l194.343 194.343c9.373 9.373 9.373 24.569 0 33.941l-22.667 22.667c-9.357 9.357-24.522 9.375-33.901.04L224 227.495 69.255 381.516c-9.379 9.335-24.544 9.317-33.901-.04l-22.667-22.667c-9.373-9.373-9.373-24.569 0-33.941L207.03 130.525c9.372-9.373 24.568-9.373 33.941-.001z\"><\/path><\/svg><\/span>\n\t\t\t\t\t\t\t\t\t\t\t\t\t<\/span>\n\t\t\t\t\t\t\t\t\t\t\t\t<a class=\"elementor-toggle-title\" tabindex=\"0\">Conception de jeux vid\u00e9o<\/a>\n\t\t\t\t\t<\/div>\n\n\t\t\t\t\t<div id=\"elementor-tab-content-9923\" class=\"elementor-tab-content elementor-clearfix\" data-tab=\"3\" role=\"region\" aria-labelledby=\"elementor-tab-title-9923\"><p><strong>Facile:<\/strong><\/p>\n<p>Tes premiers pas dans la conception de jeux et la compr\u00e9hension de la logique derri\u00e8re ton premier jeu. Comment contr\u00f4ler un personnage et comment un jeu compte-t-il les points ou se termine-t-il ? Apprends tout \u00e7a dans un tutoriel simple utilisant une version simplifi\u00e9e de Scratch qui te guidera pas \u00e0 pas \u00e0 travers un jeu de type \u00ab Flappy Bird \u00bb.  <\/p>\n<p><a href=\"https:\/\/studio.code.org\/flappy\/1\" target=\"_blank\" rel=\"noopener\">Flappy Bird bas\u00e9 sur Scratch<\/a><\/p>\n<p><strong>Interm\u00e9diaire:<\/strong><\/p>\n<p>Scratch est un super logiciel pour commencer \u00e0 s&rsquo;int\u00e9resser \u00e0 la conception de jeux, car la programmation est super facile \u00e0 comprendre, ce qui veut dire que tu peux te concentrer sur les \u00e9tapes de cr\u00e9ation d&rsquo;un jeu. Voici un tutoriel qui explique comment cr\u00e9er un jeu simple en utilisant la vraie plateforme Scratch. <\/p>\n<p><a href=\"https:\/\/testit.uni.lu\/fr\/pratiquer\/scratchgame\/\" target=\"_blank\" rel=\"noopener\">Cr\u00e9e ton jeu avec Scratch<\/a><\/p>\n<p><strong>Avanc\u00e9:<\/strong><\/p>\n<p>La plupart des vrais jeux vid\u00e9o, petits et grands, sont programm\u00e9s dans un moteur de jeu, un outil super puissant qui combine les graphismes, la logique du jeu et les commandes dans un seul programme pratique. Un exemple gratuit est Godot, qui permet de cr\u00e9er des projets simples et complexes. Tout le moteur est disponible <a href=\"https:\/\/editor.godotengine.org\/releases\/latest\/\" target=\"_blank\" rel=\"noopener\">en ligne ici<\/a>, mais pour commencer, voici un super tutoriel qui te montre le langage de programmation derri\u00e8re Godot, appel\u00e9 GDScript :  <\/p>\n<p><a href=\"https:\/\/gdquest.github.io\/learn-gdscript\/\" target=\"_blank\" rel=\"noopener\">Les premiers pas avec une vraie Game Engine<\/a><\/p>\n<\/div>\n\t\t\t\t<\/div>\n\t\t\t\t\t\t\t\t<\/div>\n\t\t\t\t<\/div>\n\t\t\t\t<\/div>\n\t\t\t\t<div class=\"elementor-element elementor-element-87701d5 elementor-align-center elementor-widget elementor-widget-button\" data-id=\"87701d5\" data-element_type=\"widget\" data-widget_type=\"button.default\">\n\t\t\t\t<div class=\"elementor-widget-container\">\n\t\t\t\t\t\t\t<div class=\"elementor-button-wrapper\">\n\t\t\t\t\t<a class=\"elementor-button elementor-button-link elementor-size-sm\" href=\"https:\/\/forms.cloud.microsoft\/e\/DVqxrKzi5N\" target=\"_blank\">\n\t\t\t\t\t\t<span class=\"elementor-button-content-wrapper\">\n\t\t\t\t\t\t\t\t\t<span class=\"elementor-button-text\">Questionnaire<\/span>\n\t\t\t\t\t<\/span>\n\t\t\t\t\t<\/a>\n\t\t\t\t<\/div>\n\t\t\t\t\t\t<\/div>\n\t\t\t\t<\/div>\n\t\t\t\t\t<\/div>\n\t\t<\/div>\n\t\t\t\t\t<\/div>\n\t\t<\/section>\n\t\t\t\t<\/div>\n\t\t","protected":false},"excerpt":{"rendered":"<p>Girls in IT &#8211; Programmation Visualisation d&rsquo;algorithmes de tri Jette un \u0153il \u00e0 cet outil qui montre plein d&#8217;algorithmes de tri diff\u00e9rents : Sorting Visualizer. Programmation Facile: La programmation, c&#8217;est un sujet super vaste, et pour commencer \u00e0 comprendre, il y a deux trucs \u00e0 savoir :1. Comprendre la logique derri\u00e8re un programme informatique et &hellip; <a href=\"https:\/\/testit.uni.lu\/fr\/resources\/girls-in-it-programmation\/\" class=\"more-link\">Continuer la lecture<span class=\"screen-reader-text\"> de &laquo;&nbsp;Girls in IT &#8211; Programmation&nbsp;&raquo;<\/span><\/a><\/p>\n","protected":false},"author":1,"featured_media":0,"parent":11788,"menu_order":0,"comment_status":"closed","ping_status":"closed","template":"","meta":{"iawp_total_views":8,"footnotes":""},"class_list":["post-23497","page","type-page","status-publish","hentry"],"_links":{"self":[{"href":"https:\/\/testit.uni.lu\/fr\/wp-json\/wp\/v2\/pages\/23497","targetHints":{"allow":["GET"]}}],"collection":[{"href":"https:\/\/testit.uni.lu\/fr\/wp-json\/wp\/v2\/pages"}],"about":[{"href":"https:\/\/testit.uni.lu\/fr\/wp-json\/wp\/v2\/types\/page"}],"author":[{"embeddable":true,"href":"https:\/\/testit.uni.lu\/fr\/wp-json\/wp\/v2\/users\/1"}],"replies":[{"embeddable":true,"href":"https:\/\/testit.uni.lu\/fr\/wp-json\/wp\/v2\/comments?post=23497"}],"version-history":[{"count":6,"href":"https:\/\/testit.uni.lu\/fr\/wp-json\/wp\/v2\/pages\/23497\/revisions"}],"predecessor-version":[{"id":24455,"href":"https:\/\/testit.uni.lu\/fr\/wp-json\/wp\/v2\/pages\/23497\/revisions\/24455"}],"up":[{"embeddable":true,"href":"https:\/\/testit.uni.lu\/fr\/wp-json\/wp\/v2\/pages\/11788"}],"wp:attachment":[{"href":"https:\/\/testit.uni.lu\/fr\/wp-json\/wp\/v2\/media?parent=23497"}],"curies":[{"name":"wp","href":"https:\/\/api.w.org\/{rel}","templated":true}]}}