{"id":22641,"date":"2025-07-31T08:51:21","date_gmt":"2025-07-31T06:51:21","guid":{"rendered":"https:\/\/testit.uni.lu\/rolemodels-vanina-3\/"},"modified":"2025-08-19T16:14:38","modified_gmt":"2025-08-19T14:14:38","slug":"programminglanguages","status":"publish","type":"page","link":"https:\/\/testit.uni.lu\/fr\/se-connecter\/askaresearcher\/programminglanguages\/","title":{"rendered":"ProgrammingLanguages"},"content":{"rendered":"\t\t<div data-elementor-type=\"wp-page\" data-elementor-id=\"22641\" class=\"elementor elementor-22641 elementor-22639\" data-elementor-post-type=\"page\">\n\t\t\t\t\t\t<section class=\"elementor-section elementor-top-section elementor-element elementor-element-cb55d70 elementor-section-content-middle elementor-section-stretched elementor-section-boxed elementor-section-height-default elementor-section-height-default\" data-id=\"cb55d70\" data-element_type=\"section\" data-settings=\"{&quot;background_background&quot;:&quot;classic&quot;,&quot;jet_parallax_layout_list&quot;:[],&quot;stretch_section&quot;:&quot;section-stretched&quot;}\">\n\t\t\t\t\t\t<div class=\"elementor-container elementor-column-gap-default\">\n\t\t\t\t\t<div class=\"elementor-column elementor-col-50 elementor-top-column elementor-element elementor-element-2220d8a\" data-id=\"2220d8a\" data-element_type=\"column\" data-settings=\"{&quot;background_background&quot;:&quot;classic&quot;,&quot;animation&quot;:&quot;none&quot;}\">\n\t\t\t<div class=\"elementor-widget-wrap elementor-element-populated\">\n\t\t\t\t\t\t<div class=\"elementor-element elementor-element-1195a7f elementor-widget elementor-widget-image\" data-id=\"1195a7f\" data-element_type=\"widget\" data-settings=\"{&quot;_animation&quot;:&quot;none&quot;}\" data-widget_type=\"image.default\">\n\t\t\t\t<div class=\"elementor-widget-container\">\n\t\t\t\t\t\t\t\t\t\t\t\t\t\t<a href=\"https:\/\/testit\/rolemodels\/\">\n\t\t\t\t\t\t\t<img fetchpriority=\"high\" decoding=\"async\" width=\"840\" height=\"391\" src=\"https:\/\/testit.uni.lu\/wp-content\/uploads\/2024\/09\/dfzh-768x472-2-1024x477.png\" class=\"attachment-large size-large wp-image-17164\" alt=\"\" srcset=\"https:\/\/testit.uni.lu\/wp-content\/uploads\/2024\/09\/dfzh-768x472-2-1024x477.png 1024w, https:\/\/testit.uni.lu\/wp-content\/uploads\/2024\/09\/dfzh-768x472-2-300x140.png 300w, https:\/\/testit.uni.lu\/wp-content\/uploads\/2024\/09\/dfzh-768x472-2-768x358.png 768w, https:\/\/testit.uni.lu\/wp-content\/uploads\/2024\/09\/dfzh-768x472-2-1536x716.png 1536w, https:\/\/testit.uni.lu\/wp-content\/uploads\/2024\/09\/dfzh-768x472-2-2048x954.png 2048w, https:\/\/testit.uni.lu\/wp-content\/uploads\/2024\/09\/dfzh-768x472-2-1200x559.png 1200w\" sizes=\"(max-width: 709px) 85vw, (max-width: 909px) 67vw, (max-width: 1362px) 62vw, 840px\" \/>\t\t\t\t\t\t\t\t<\/a>\n\t\t\t\t\t\t\t\t\t\t\t\t\t<\/div>\n\t\t\t\t<\/div>\n\t\t\t\t\t<\/div>\n\t\t<\/div>\n\t\t\t\t<div class=\"elementor-column elementor-col-50 elementor-top-column elementor-element elementor-element-a69c9d9\" data-id=\"a69c9d9\" data-element_type=\"column\">\n\t\t\t<div class=\"elementor-widget-wrap elementor-element-populated\">\n\t\t\t\t\t\t<div class=\"elementor-element elementor-element-861dcf7 elementor-widget__width-inherit elementor-widget elementor-widget-heading\" data-id=\"861dcf7\" data-element_type=\"widget\" data-widget_type=\"heading.default\">\n\t\t\t\t<div class=\"elementor-widget-container\">\n\t\t\t<h1 class=\"elementor-heading-title elementor-size-default\"><a href=\"https:\/\/testit\/askaresearcher\/\">Pourquoi existe-t-il autant de langages de programmation ?<\/a><\/h1>\t\t<\/div>\n\t\t\t\t<\/div>\n\t\t\t\t\t<\/div>\n\t\t<\/div>\n\t\t\t\t\t<\/div>\n\t\t<\/section>\n\t\t\t\t<section class=\"elementor-section elementor-top-section elementor-element elementor-element-3eb872e elementor-section-boxed elementor-section-height-default elementor-section-height-default\" data-id=\"3eb872e\" data-element_type=\"section\" data-settings=\"{&quot;jet_parallax_layout_list&quot;:[]}\">\n\t\t\t\t\t\t<div class=\"elementor-container elementor-column-gap-default\">\n\t\t\t\t\t<div class=\"elementor-column elementor-col-100 elementor-top-column elementor-element elementor-element-3f99b3d\" data-id=\"3f99b3d\" data-element_type=\"column\">\n\t\t\t<div class=\"elementor-widget-wrap elementor-element-populated\">\n\t\t\t\t\t\t<div class=\"elementor-element elementor-element-0ee1fde elementor-widget elementor-widget-image\" data-id=\"0ee1fde\" data-element_type=\"widget\" data-widget_type=\"image.default\">\n\t\t\t\t<div class=\"elementor-widget-container\">\n\t\t\t\t\t\t\t\t\t\t\t\t\t<img decoding=\"async\" width=\"640\" height=\"395\" src=\"https:\/\/testit.uni.lu\/wp-content\/uploads\/2025\/08\/drawing-367946_640.png\" class=\"attachment-large size-large wp-image-22624\" alt=\"\" srcset=\"https:\/\/testit.uni.lu\/wp-content\/uploads\/2025\/08\/drawing-367946_640.png 640w, https:\/\/testit.uni.lu\/wp-content\/uploads\/2025\/08\/drawing-367946_640-300x185.png 300w, https:\/\/testit.uni.lu\/wp-content\/uploads\/2025\/08\/drawing-367946_640-150x93.png 150w\" sizes=\"(max-width: 640px) 85vw, 640px\" \/>\t\t\t\t\t\t\t\t\t\t\t\t\t<\/div>\n\t\t\t\t<\/div>\n\t\t\t\t\t<\/div>\n\t\t<\/div>\n\t\t\t\t\t<\/div>\n\t\t<\/section>\n\t\t\t\t<section class=\"elementor-section elementor-top-section elementor-element elementor-element-df2ef2f elementor-section-stretched elementor-section-boxed elementor-section-height-default elementor-section-height-default\" data-id=\"df2ef2f\" data-element_type=\"section\" data-settings=\"{&quot;jet_parallax_layout_list&quot;:[],&quot;stretch_section&quot;:&quot;section-stretched&quot;}\">\n\t\t\t\t\t\t<div class=\"elementor-container elementor-column-gap-default\">\n\t\t\t\t\t<div class=\"elementor-column elementor-col-100 elementor-top-column elementor-element elementor-element-59eaa1b\" data-id=\"59eaa1b\" data-element_type=\"column\">\n\t\t\t<div class=\"elementor-widget-wrap elementor-element-populated\">\n\t\t\t\t\t\t<div class=\"elementor-element elementor-element-aeb37ba elementor-widget elementor-widget-heading\" data-id=\"aeb37ba\" data-element_type=\"widget\" data-widget_type=\"heading.default\">\n\t\t\t\t<div class=\"elementor-widget-container\">\n\t\t\t<h2 class=\"elementor-heading-title elementor-size-default\">Qu'est-ce qu'un langage de programmation?<\/h2>\t\t<\/div>\n\t\t\t\t<\/div>\n\t\t\t\t<div class=\"elementor-element elementor-element-84cda89 elementor-widget elementor-widget-text-editor\" data-id=\"84cda89\" data-element_type=\"widget\" data-widget_type=\"text-editor.default\">\n\t\t\t\t<div class=\"elementor-widget-container\">\n\t\t\t\t\t\t\t<p>Si tu as d\u00e9j\u00e0 essay\u00e9 de coder ou entendu des gens en parler, tu t\u2019es peut-\u00eatre demand\u00e9 : pourquoi y a-t-il autant de langages de programmation ? Tout comme il existe l\u2019anglais, l\u2019espagnol, le japonais et des centaines d\u2019autres langues humaines, le monde de l\u2019informatique poss\u00e8de ses propres langages \u2014 entre 700 et plus de 100 000, selon la mani\u00e8re dont on les compte. Chaque langage de programmation est une fa\u00e7on de \u00ab parler \u00bb aux ordinateurs pour leur dire quoi faire. Mais tous les langages ne se valent pas. Certains sont meilleurs pour cr\u00e9er des sites web, d\u2019autres pour d\u00e9velopper des jeux vid\u00e9o, et certains sont utilis\u00e9s pour contr\u00f4ler des robots ou analyser des donn\u00e9es.    <\/p>\n<p>Alors, pourquoi en avons-nous besoin d\u2019autant ? Parce que chaque t\u00e2che n\u00e9cessite un outil diff\u00e9rent. Imagine peindre un mur avec une brosse \u00e0 dents \u2014 c\u2019est possible, mais pas tr\u00e8s pratique. De la m\u00eame mani\u00e8re, certains langages sont con\u00e7us pour \u00eatre rapides et puissants (comme C++), tandis que d\u2019autres sont faits pour \u00eatre faciles \u00e0 lire et \u00e0 \u00e9crire (comme Python). De nouveaux langages sont aussi cr\u00e9\u00e9s lorsque les d\u00e9veloppeurs veulent corriger des d\u00e9fauts dans les anciens ou tester de nouvelles id\u00e9es. C\u2019est un peu comme l\u2019apparition de nouveaux mots ou d\u2019argot dans les langues humaines au fil du temps.     <\/p>\n\t\t\t\t\t\t<\/div>\n\t\t\t\t<\/div>\n\t\t\t\t\t<\/div>\n\t\t<\/div>\n\t\t\t\t\t<\/div>\n\t\t<\/section>\n\t\t\t\t<section class=\"elementor-section elementor-top-section elementor-element elementor-element-423e06b elementor-section-stretched elementor-section-boxed elementor-section-height-default elementor-section-height-default\" data-id=\"423e06b\" data-element_type=\"section\" data-settings=\"{&quot;jet_parallax_layout_list&quot;:[],&quot;stretch_section&quot;:&quot;section-stretched&quot;}\">\n\t\t\t\t\t\t<div class=\"elementor-container elementor-column-gap-default\">\n\t\t\t\t\t<div class=\"elementor-column elementor-col-100 elementor-top-column elementor-element elementor-element-6aaa9d1\" data-id=\"6aaa9d1\" data-element_type=\"column\">\n\t\t\t<div class=\"elementor-widget-wrap elementor-element-populated\">\n\t\t\t\t\t\t<div class=\"elementor-element elementor-element-574a08f elementor-widget elementor-widget-heading\" data-id=\"574a08f\" data-element_type=\"widget\" data-widget_type=\"heading.default\">\n\t\t\t\t<div class=\"elementor-widget-container\">\n\t\t\t<h2 class=\"elementor-heading-title elementor-size-default\">Diff\u00e9rents types de langages de programmation<\/h2>\t\t<\/div>\n\t\t\t\t<\/div>\n\t\t\t\t<div class=\"elementor-element elementor-element-18102e4 elementor-widget elementor-widget-text-editor\" data-id=\"18102e4\" data-element_type=\"widget\" data-widget_type=\"text-editor.default\">\n\t\t\t\t<div class=\"elementor-widget-container\">\n\t\t\t\t\t\t\t<p>Les langages de programmation se d\u00e9clinent en plusieurs types, chacun con\u00e7u pour des t\u00e2ches sp\u00e9cifiques :<\/p>\n<ol>\n<li><strong>Les langages de bas niveau <\/strong>sont les plus proches du fonctionnement interne des ordinateurs. Ce sont les premiers langages utilis\u00e9s par les informaticiens. Le langage assembleur (Assembly) est l\u2019un des plus connus. Il utilise de courts mots-cl\u00e9s (comme MOV ou ADD) pour repr\u00e9senter des instructions, et il est surtout utilis\u00e9 pour programmer du mat\u00e9riel (hardware).   <\/li>\n<li><strong>Les langages de haut niveau <\/strong>sont plus faciles \u00e0 lire et \u00e0 \u00e9crire pour les humains. Ils utilisent des mots proches de l\u2019anglais et doivent \u00eatre compil\u00e9s pour cr\u00e9er des fichiers ex\u00e9cutables que l\u2019ordinateur peut comprendre. Chaque langage a \u00e9t\u00e9 con\u00e7u pour un besoin particulier. Par exemple, Fortran est parfait pour les applications scientifiques et d\u2019ing\u00e9nierie, et est souvent utilis\u00e9 pour programmer des superordinateurs. Java est un langage \u00ab \u00e9crit une fois, ex\u00e9cut\u00e9 partout \u00bb : le code compil\u00e9 fonctionne sur n\u2019importe quel appareil gr\u00e2ce \u00e0 la machine virtuelle Java (JVM), une sorte d\u2019ordinateur virtuel. Cela le rend id\u00e9al pour les logiciels et applications, et il a inspir\u00e9 des langages comme JavaScript et Python.     <\/li>\n<li><strong>Les langages sp\u00e9cifiques \u00e0 un domaine (DSL) <\/strong>sont con\u00e7us pour des t\u00e2ches pr\u00e9cises. Par exemple, SQL sert \u00e0 g\u00e9rer des bases de donn\u00e9es, Matlab est utilis\u00e9 pour les calculs math\u00e9matiques, et HTML\/CSS pour concevoir des sites web. <\/li>\n<li><strong>Les langages de programmation visuelle <\/strong>comme Scratch ou Blockly sont parfaits pour les d\u00e9butants. Au lieu de taper du code, tu fais glisser des blocs. En plus, ils sont souvent disponibles dans ta langue maternelle, car traduits dans plus de 70 langues.  <\/li>\n<\/ol>\n\t\t\t\t\t\t<\/div>\n\t\t\t\t<\/div>\n\t\t\t\t\t<\/div>\n\t\t<\/div>\n\t\t\t\t\t<\/div>\n\t\t<\/section>\n\t\t\t\t<section class=\"elementor-section elementor-top-section elementor-element elementor-element-362d234 elementor-section-stretched elementor-section-boxed elementor-section-height-default elementor-section-height-default\" data-id=\"362d234\" data-element_type=\"section\" data-settings=\"{&quot;jet_parallax_layout_list&quot;:[],&quot;stretch_section&quot;:&quot;section-stretched&quot;}\">\n\t\t\t\t\t\t<div class=\"elementor-container elementor-column-gap-default\">\n\t\t\t\t\t<div class=\"elementor-column elementor-col-100 elementor-top-column elementor-element elementor-element-ad0fcc2\" data-id=\"ad0fcc2\" data-element_type=\"column\">\n\t\t\t<div class=\"elementor-widget-wrap elementor-element-populated\">\n\t\t\t\t\t\t<div class=\"elementor-element elementor-element-246d7d7 elementor-widget elementor-widget-heading\" data-id=\"246d7d7\" data-element_type=\"widget\" data-widget_type=\"heading.default\">\n\t\t\t\t<div class=\"elementor-widget-container\">\n\t\t\t<h2 class=\"elementor-heading-title elementor-size-default\">Quel langage de programmation devrais-je apprendre en premier ?<\/h2>\t\t<\/div>\n\t\t\t\t<\/div>\n\t\t\t\t<div class=\"elementor-element elementor-element-a6ed8c5 elementor-widget__width-initial elementor-widget elementor-widget-text-editor\" data-id=\"a6ed8c5\" data-element_type=\"widget\" data-widget_type=\"text-editor.default\">\n\t\t\t\t<div class=\"elementor-widget-container\">\n\t\t\t\t\t\t\t<p class=\"MsoNormal\">Voici quelques options adapt\u00e9es aux d\u00e9butants, selon ce que tu veux faire :<\/p>\n<ul style=\"margin-top: 0cm;\" type=\"disc\">\n<li class=\"MsoNormal\">Tu veux cr\u00e9er des sites web ? \u2192 Commence par <b>JavaScript<\/b>. <\/li>\n<li class=\"MsoNormal\">Tu veux faire des jeux ou automatiser des t\u00e2ches ? \u2192 Essaie <b>Python<\/b>. <\/li>\n<li class=\"MsoNormal\">Tu es totalement d\u00e9butant et tu veux t\u2019amuser ? \u2192 Commence avec <b>Scratch<\/b>. <\/li>\n<li class=\"MsoNormal\">Tu veux cr\u00e9er des applications mobiles ? \u2192 Choisis <b>Java.<\/b> <\/li>\n<\/ul>\n\t\t\t\t\t\t<\/div>\n\t\t\t\t<\/div>\n\t\t\t\t\t<\/div>\n\t\t<\/div>\n\t\t\t\t\t<\/div>\n\t\t<\/section>\n\t\t\t\t<section class=\"elementor-section elementor-top-section elementor-element elementor-element-446f55d elementor-section-stretched elementor-section-boxed elementor-section-height-default elementor-section-height-default\" data-id=\"446f55d\" data-element_type=\"section\" data-settings=\"{&quot;jet_parallax_layout_list&quot;:[],&quot;stretch_section&quot;:&quot;section-stretched&quot;}\">\n\t\t\t\t\t\t<div class=\"elementor-container elementor-column-gap-default\">\n\t\t\t\t\t<div class=\"elementor-column elementor-col-100 elementor-top-column elementor-element elementor-element-a6e1d91\" data-id=\"a6e1d91\" data-element_type=\"column\">\n\t\t\t<div class=\"elementor-widget-wrap elementor-element-populated\">\n\t\t\t\t\t\t<div class=\"elementor-element elementor-element-cddd7c1 elementor-widget elementor-widget-text-editor\" data-id=\"cddd7c1\" data-element_type=\"widget\" data-widget_type=\"text-editor.default\">\n\t\t\t\t<div class=\"elementor-widget-container\">\n\t\t\t\t\t\t\t<p>Avoir autant de langages de programmation n\u2019est pas un probl\u00e8me \u2014 c\u2019est une richesse. Cela nous donne des options diff\u00e9rentes et nous permet de s\u00e9lectionner le meilleur outil pour chaque t\u00e2che. Cela montre aussi \u00e0 quel point le monde du code est cr\u00e9atif et diversifi\u00e9. Que tu cr\u00e9es une appli, con\u00e7oives un jeu ou explores l\u2019intelligence artificielle, il existe un langage qui correspond \u00e0 tes besoins. Et tout comme apprendre une nouvelle langue humaine peut t\u2019ouvrir \u00e0 d\u2019autres cultures et id\u00e9es, apprendre diff\u00e9rents langages de programmation peut faire de toi un\u00b7e codeur\u00b7se plus polyvalent\u00b7e et comp\u00e9tent\u00b7e.    <\/p>\n\t\t\t\t\t\t<\/div>\n\t\t\t\t<\/div>\n\t\t\t\t\t<\/div>\n\t\t<\/div>\n\t\t\t\t\t<\/div>\n\t\t<\/section>\n\t\t\t\t<section class=\"elementor-section elementor-top-section elementor-element elementor-element-d7bbd19 elementor-section-stretched elementor-section-boxed elementor-section-height-default elementor-section-height-default\" data-id=\"d7bbd19\" data-element_type=\"section\" data-settings=\"{&quot;jet_parallax_layout_list&quot;:[],&quot;stretch_section&quot;:&quot;section-stretched&quot;}\">\n\t\t\t\t\t\t<div class=\"elementor-container elementor-column-gap-default\">\n\t\t\t\t\t<div class=\"elementor-column elementor-col-100 elementor-top-column elementor-element elementor-element-0bf2cb2\" data-id=\"0bf2cb2\" data-element_type=\"column\">\n\t\t\t<div class=\"elementor-widget-wrap elementor-element-populated\">\n\t\t\t\t\t\t<div class=\"elementor-element elementor-element-d535b2a elementor-widget elementor-widget-text-editor\" data-id=\"d535b2a\" data-element_type=\"widget\" data-widget_type=\"text-editor.default\">\n\t\t\t\t<div class=\"elementor-widget-container\">\n\t\t\t\t\t\t\t<p><span lang=\"EN-US\" style=\"font-size: 11.0pt; font-family: 'Aptos',sans-serif; mso-fareast-font-family: 'Times New Roman'; mso-bidi-font-family: Aptos; mso-ansi-language: EN-US; mso-fareast-language: EN-US; mso-bidi-language: AR-SA;\">Article \u00e9crit par R\u00e9gine POUSSIN<\/span><\/p>\n\t\t\t\t\t\t<\/div>\n\t\t\t\t<\/div>\n\t\t\t\t\t<\/div>\n\t\t<\/div>\n\t\t\t\t\t<\/div>\n\t\t<\/section>\n\t\t\t\t<section class=\"elementor-section elementor-top-section elementor-element elementor-element-d43d8bb elementor-section-boxed elementor-section-height-default elementor-section-height-default\" data-id=\"d43d8bb\" data-element_type=\"section\" data-settings=\"{&quot;jet_parallax_layout_list&quot;:[]}\">\n\t\t\t\t\t\t<div class=\"elementor-container elementor-column-gap-default\">\n\t\t\t\t\t<div class=\"elementor-column elementor-col-100 elementor-top-column elementor-element elementor-element-966ca0e\" data-id=\"966ca0e\" data-element_type=\"column\">\n\t\t\t<div class=\"elementor-widget-wrap elementor-element-populated\">\n\t\t\t\t\t\t<section class=\"elementor-section elementor-inner-section elementor-element elementor-element-f653f70 elementor-section-boxed elementor-section-height-default elementor-section-height-default\" data-id=\"f653f70\" data-element_type=\"section\" data-settings=\"{&quot;jet_parallax_layout_list&quot;:[]}\">\n\t\t\t\t\t\t<div class=\"elementor-container elementor-column-gap-default\">\n\t\t\t\t\t<div class=\"elementor-column elementor-col-50 elementor-inner-column elementor-element elementor-element-1070760\" data-id=\"1070760\" data-element_type=\"column\">\n\t\t\t<div class=\"elementor-widget-wrap elementor-element-populated\">\n\t\t\t\t\t\t<div class=\"elementor-element elementor-element-73d5149 elementor-button-info elementor-mobile-align-center elementor-widget elementor-widget-button\" data-id=\"73d5149\" data-element_type=\"widget\" data-widget_type=\"button.default\">\n\t\t\t\t<div class=\"elementor-widget-container\">\n\t\t\t\t\t\t\t<div class=\"elementor-button-wrapper\">\n\t\t\t\t\t<a class=\"elementor-button elementor-button-link elementor-size-sm\" href=\"https:\/\/testit.uni.lu\/connect\/askaresearcher\/\" target=\"_blank\">\n\t\t\t\t\t\t<span class=\"elementor-button-content-wrapper\">\n\t\t\t\t\t\t\t\t\t<span class=\"elementor-button-text\">Lire plus d'articles<\/span>\n\t\t\t\t\t<\/span>\n\t\t\t\t\t<\/a>\n\t\t\t\t<\/div>\n\t\t\t\t\t\t<\/div>\n\t\t\t\t<\/div>\n\t\t\t\t\t<\/div>\n\t\t<\/div>\n\t\t\t\t<div class=\"elementor-column elementor-col-50 elementor-inner-column elementor-element elementor-element-fe78664\" data-id=\"fe78664\" data-element_type=\"column\">\n\t\t\t<div class=\"elementor-widget-wrap\">\n\t\t\t\t\t\t\t<\/div>\n\t\t<\/div>\n\t\t\t\t\t<\/div>\n\t\t<\/section>\n\t\t\t\t\t<\/div>\n\t\t<\/div>\n\t\t\t\t\t<\/div>\n\t\t<\/section>\n\t\t\t\t<\/div>\n\t\t","protected":false},"excerpt":{"rendered":"<p>Pourquoi existe-t-il autant de langages de programmation ? Qu&rsquo;est-ce qu&rsquo;un langage de programmation? Si tu as d\u00e9j\u00e0 essay\u00e9 de coder ou entendu des gens en parler, tu t\u2019es peut-\u00eatre demand\u00e9 : pourquoi y a-t-il autant de langages de programmation ? Tout comme il existe l\u2019anglais, l\u2019espagnol, le japonais et des centaines d\u2019autres langues humaines, le &hellip; <a href=\"https:\/\/testit.uni.lu\/fr\/se-connecter\/askaresearcher\/programminglanguages\/\" class=\"more-link\">Continuer la lecture<span class=\"screen-reader-text\"> de &laquo;&nbsp;ProgrammingLanguages&nbsp;&raquo;<\/span><\/a><\/p>\n","protected":false},"author":1525,"featured_media":0,"parent":22207,"menu_order":0,"comment_status":"closed","ping_status":"closed","template":"elementor_header_footer","meta":{"iawp_total_views":4,"footnotes":""},"class_list":["post-22641","page","type-page","status-publish","hentry"],"_links":{"self":[{"href":"https:\/\/testit.uni.lu\/fr\/wp-json\/wp\/v2\/pages\/22641","targetHints":{"allow":["GET"]}}],"collection":[{"href":"https:\/\/testit.uni.lu\/fr\/wp-json\/wp\/v2\/pages"}],"about":[{"href":"https:\/\/testit.uni.lu\/fr\/wp-json\/wp\/v2\/types\/page"}],"author":[{"embeddable":true,"href":"https:\/\/testit.uni.lu\/fr\/wp-json\/wp\/v2\/users\/1525"}],"replies":[{"embeddable":true,"href":"https:\/\/testit.uni.lu\/fr\/wp-json\/wp\/v2\/comments?post=22641"}],"version-history":[{"count":8,"href":"https:\/\/testit.uni.lu\/fr\/wp-json\/wp\/v2\/pages\/22641\/revisions"}],"predecessor-version":[{"id":23058,"href":"https:\/\/testit.uni.lu\/fr\/wp-json\/wp\/v2\/pages\/22641\/revisions\/23058"}],"up":[{"embeddable":true,"href":"https:\/\/testit.uni.lu\/fr\/wp-json\/wp\/v2\/pages\/22207"}],"wp:attachment":[{"href":"https:\/\/testit.uni.lu\/fr\/wp-json\/wp\/v2\/media?parent=22641"}],"curies":[{"name":"wp","href":"https:\/\/api.w.org\/{rel}","templated":true}]}}