{"id":22635,"date":"2025-07-31T08:51:21","date_gmt":"2025-07-31T06:51:21","guid":{"rendered":"https:\/\/testit.uni.lu\/rolemodels-vanina-3\/"},"modified":"2025-08-19T15:58:57","modified_gmt":"2025-08-19T13:58:57","slug":"aijobs","status":"publish","type":"page","link":"https:\/\/testit.uni.lu\/fr\/se-connecter\/askaresearcher\/aijobs\/","title":{"rendered":"AIJobs"},"content":{"rendered":"\t\t<div data-elementor-type=\"wp-page\" data-elementor-id=\"22635\" class=\"elementor elementor-22635 elementor-22633\" data-elementor-post-type=\"page\">\n\t\t\t\t\t\t<section class=\"elementor-section elementor-top-section elementor-element elementor-element-cb55d70 elementor-section-content-middle elementor-section-stretched elementor-section-boxed elementor-section-height-default elementor-section-height-default\" data-id=\"cb55d70\" data-element_type=\"section\" data-settings=\"{&quot;background_background&quot;:&quot;classic&quot;,&quot;jet_parallax_layout_list&quot;:[],&quot;stretch_section&quot;:&quot;section-stretched&quot;}\">\n\t\t\t\t\t\t<div class=\"elementor-container elementor-column-gap-default\">\n\t\t\t\t\t<div class=\"elementor-column elementor-col-50 elementor-top-column elementor-element elementor-element-2220d8a\" data-id=\"2220d8a\" data-element_type=\"column\" data-settings=\"{&quot;background_background&quot;:&quot;classic&quot;,&quot;animation&quot;:&quot;none&quot;}\">\n\t\t\t<div class=\"elementor-widget-wrap elementor-element-populated\">\n\t\t\t\t\t\t<div class=\"elementor-element elementor-element-1195a7f elementor-widget elementor-widget-image\" data-id=\"1195a7f\" data-element_type=\"widget\" data-settings=\"{&quot;_animation&quot;:&quot;none&quot;}\" data-widget_type=\"image.default\">\n\t\t\t\t<div class=\"elementor-widget-container\">\n\t\t\t\t\t\t\t\t\t\t\t\t\t\t<a href=\"https:\/\/testit\/rolemodels\/\">\n\t\t\t\t\t\t\t<img fetchpriority=\"high\" decoding=\"async\" width=\"840\" height=\"391\" src=\"https:\/\/testit.uni.lu\/wp-content\/uploads\/2024\/09\/dfzh-768x472-2-1024x477.png\" class=\"attachment-large size-large wp-image-17164\" alt=\"\" srcset=\"https:\/\/testit.uni.lu\/wp-content\/uploads\/2024\/09\/dfzh-768x472-2-1024x477.png 1024w, https:\/\/testit.uni.lu\/wp-content\/uploads\/2024\/09\/dfzh-768x472-2-300x140.png 300w, https:\/\/testit.uni.lu\/wp-content\/uploads\/2024\/09\/dfzh-768x472-2-768x358.png 768w, https:\/\/testit.uni.lu\/wp-content\/uploads\/2024\/09\/dfzh-768x472-2-1536x716.png 1536w, https:\/\/testit.uni.lu\/wp-content\/uploads\/2024\/09\/dfzh-768x472-2-2048x954.png 2048w, https:\/\/testit.uni.lu\/wp-content\/uploads\/2024\/09\/dfzh-768x472-2-1200x559.png 1200w\" sizes=\"(max-width: 709px) 85vw, (max-width: 909px) 67vw, (max-width: 1362px) 62vw, 840px\" \/>\t\t\t\t\t\t\t\t<\/a>\n\t\t\t\t\t\t\t\t\t\t\t\t\t<\/div>\n\t\t\t\t<\/div>\n\t\t\t\t\t<\/div>\n\t\t<\/div>\n\t\t\t\t<div class=\"elementor-column elementor-col-50 elementor-top-column elementor-element elementor-element-a69c9d9\" data-id=\"a69c9d9\" data-element_type=\"column\">\n\t\t\t<div class=\"elementor-widget-wrap elementor-element-populated\">\n\t\t\t\t\t\t<div class=\"elementor-element elementor-element-861dcf7 elementor-widget__width-inherit elementor-widget elementor-widget-heading\" data-id=\"861dcf7\" data-element_type=\"widget\" data-widget_type=\"heading.default\">\n\t\t\t\t<div class=\"elementor-widget-container\">\n\t\t\t<h1 class=\"elementor-heading-title elementor-size-default\"><a href=\"https:\/\/testit\/askaresearcher\/\">Comment l'Intelligence Artificielle modifiera-t-elle nos emplois?<\/a><\/h1>\t\t<\/div>\n\t\t\t\t<\/div>\n\t\t\t\t\t<\/div>\n\t\t<\/div>\n\t\t\t\t\t<\/div>\n\t\t<\/section>\n\t\t\t\t<section class=\"elementor-section elementor-top-section elementor-element elementor-element-3eb872e elementor-section-boxed elementor-section-height-default elementor-section-height-default\" data-id=\"3eb872e\" data-element_type=\"section\" data-settings=\"{&quot;jet_parallax_layout_list&quot;:[]}\">\n\t\t\t\t\t\t<div class=\"elementor-container elementor-column-gap-default\">\n\t\t\t\t\t<div class=\"elementor-column elementor-col-50 elementor-top-column elementor-element elementor-element-3f99b3d\" data-id=\"3f99b3d\" data-element_type=\"column\">\n\t\t\t<div class=\"elementor-widget-wrap elementor-element-populated\">\n\t\t\t\t\t\t<div class=\"elementor-element elementor-element-0ee1fde elementor-widget elementor-widget-image\" data-id=\"0ee1fde\" data-element_type=\"widget\" data-widget_type=\"image.default\">\n\t\t\t\t<div class=\"elementor-widget-container\">\n\t\t\t\t\t\t\t\t\t\t\t\t\t<img decoding=\"async\" width=\"640\" height=\"457\" src=\"https:\/\/testit.uni.lu\/wp-content\/uploads\/2025\/08\/staff-6779620_640.png\" class=\"attachment-large size-large wp-image-22627\" alt=\"\" srcset=\"https:\/\/testit.uni.lu\/wp-content\/uploads\/2025\/08\/staff-6779620_640.png 640w, https:\/\/testit.uni.lu\/wp-content\/uploads\/2025\/08\/staff-6779620_640-300x214.png 300w, https:\/\/testit.uni.lu\/wp-content\/uploads\/2025\/08\/staff-6779620_640-150x107.png 150w\" sizes=\"(max-width: 640px) 85vw, 640px\" \/>\t\t\t\t\t\t\t\t\t\t\t\t\t<\/div>\n\t\t\t\t<\/div>\n\t\t\t\t\t<\/div>\n\t\t<\/div>\n\t\t\t\t<div class=\"elementor-column elementor-col-50 elementor-top-column elementor-element elementor-element-4c328bc\" data-id=\"4c328bc\" data-element_type=\"column\">\n\t\t\t<div class=\"elementor-widget-wrap elementor-element-populated\">\n\t\t\t\t\t\t<div class=\"elementor-element elementor-element-fa278dc elementor-widget elementor-widget-heading\" data-id=\"fa278dc\" data-element_type=\"widget\" data-widget_type=\"heading.default\">\n\t\t\t\t<div class=\"elementor-widget-container\">\n\t\t\t<h3 class=\"elementor-heading-title elementor-size-default\">\u00ab\u202fL\u2019IA va remplacer tout le monde !\u202f\u00bb \u2014 c\u2019est ce que beaucoup de gens craignent lorsqu\u2019on parle d\u2019intelligence artificielle. Mais la r\u00e9alit\u00e9 est bien plus nuanc\u00e9e. Voyons d\u2019abord ce que l\u2019IA peut ou ne peut pas faire, puis comment cela peut t\u2019aider \u00e0 planifier ton avenir.  <\/h3>\t\t<\/div>\n\t\t\t\t<\/div>\n\t\t\t\t\t<\/div>\n\t\t<\/div>\n\t\t\t\t\t<\/div>\n\t\t<\/section>\n\t\t\t\t<section class=\"elementor-section elementor-top-section elementor-element elementor-element-df2ef2f elementor-section-stretched elementor-section-boxed elementor-section-height-default elementor-section-height-default\" data-id=\"df2ef2f\" data-element_type=\"section\" data-settings=\"{&quot;jet_parallax_layout_list&quot;:[],&quot;stretch_section&quot;:&quot;section-stretched&quot;}\">\n\t\t\t\t\t\t<div class=\"elementor-container elementor-column-gap-default\">\n\t\t\t\t\t<div class=\"elementor-column elementor-col-100 elementor-top-column elementor-element elementor-element-59eaa1b\" data-id=\"59eaa1b\" data-element_type=\"column\">\n\t\t\t<div class=\"elementor-widget-wrap elementor-element-populated\">\n\t\t\t\t\t\t<div class=\"elementor-element elementor-element-aeb37ba elementor-widget elementor-widget-heading\" data-id=\"aeb37ba\" data-element_type=\"widget\" data-widget_type=\"heading.default\">\n\t\t\t\t<div class=\"elementor-widget-container\">\n\t\t\t<h2 class=\"elementor-heading-title elementor-size-default\">Que peut vraiment faire l\u2019IA ? <\/h2>\t\t<\/div>\n\t\t\t\t<\/div>\n\t\t\t\t<div class=\"elementor-element elementor-element-84cda89 elementor-widget elementor-widget-text-editor\" data-id=\"84cda89\" data-element_type=\"widget\" data-widget_type=\"text-editor.default\">\n\t\t\t\t<div class=\"elementor-widget-container\">\n\t\t\t\t\t\t\t<p class=\"MsoNormal\">L\u2019IA change d\u00e9j\u00e0 notre quotidien. Elle aide les m\u00e9decins \u00e0 diagnostiquer des maladies, am\u00e9liore tes applications pr\u00e9f\u00e9r\u00e9es, et peut m\u00eame conduire des voitures. Dans le futur, elle fera encore plus : aider les scientifiques \u00e0 lutter contre le changement climatique ou rendre l\u2019apprentissage plus personnalis\u00e9 \u00e0 l\u2019\u00e9cole.  <\/p>\n<p class=\"MsoNormal\">Mais l<span lang=\"EN-US\">\u2019IA peut aussi t\u2019aider \u00e0 \u00e9crire plus vite, traduire, dessiner, \u00eatre cr\u00e9atif, faire des recherches pour toi\u2026 En r\u00e9sum\u00e9, l\u2019IA \u2014 et plus pr\u00e9cis\u00e9ment l\u2019IA g\u00e9n\u00e9rative comme DeepL, Copilot, ChatGPT, DALL\u00b7E ou Sora \u2014 agit comme un assistant personnel.<\/span> <\/p>\n<\/p>\n<p class=\"MsoNormal\">L\u2019IA est donc tr\u00e8s dou\u00e9e pour les t\u00e2ches ennuyeuses et r\u00e9p\u00e9titives, comme trier des e-mails ou analyser de grandes quantit\u00e9s de donn\u00e9es. En revanche, elle est moins performante pour faire preuve de cr\u00e9ativit\u00e9, comprendre les \u00e9motions ou prendre des d\u00e9cisions \u00e9thiques. Cela signifie que les m\u00e9tiers qui n\u00e9cessitent des comp\u00e9tences humaines \u2014 comme enseigner, concevoir, prendre soin des autres ou diriger des \u00e9quipes \u2014 n\u00e9cessiteront toujours des humains.  <\/p>\n\t\t\t\t\t\t<\/div>\n\t\t\t\t<\/div>\n\t\t\t\t\t<\/div>\n\t\t<\/div>\n\t\t\t\t\t<\/div>\n\t\t<\/section>\n\t\t\t\t<section class=\"elementor-section elementor-top-section elementor-element elementor-element-423e06b elementor-section-stretched elementor-section-boxed elementor-section-height-default elementor-section-height-default\" data-id=\"423e06b\" data-element_type=\"section\" data-settings=\"{&quot;jet_parallax_layout_list&quot;:[],&quot;stretch_section&quot;:&quot;section-stretched&quot;}\">\n\t\t\t\t\t\t<div class=\"elementor-container elementor-column-gap-default\">\n\t\t\t\t\t<div class=\"elementor-column elementor-col-100 elementor-top-column elementor-element elementor-element-6aaa9d1\" data-id=\"6aaa9d1\" data-element_type=\"column\">\n\t\t\t<div class=\"elementor-widget-wrap elementor-element-populated\">\n\t\t\t\t\t\t<div class=\"elementor-element elementor-element-574a08f elementor-widget elementor-widget-heading\" data-id=\"574a08f\" data-element_type=\"widget\" data-widget_type=\"heading.default\">\n\t\t\t\t<div class=\"elementor-widget-container\">\n\t\t\t<h2 class=\"elementor-heading-title elementor-size-default\">Peut-on remplacer tous les \u00eatres humains par des robots intelligents?<\/h2>\t\t<\/div>\n\t\t\t\t<\/div>\n\t\t\t\t<div class=\"elementor-element elementor-element-18102e4 elementor-widget elementor-widget-text-editor\" data-id=\"18102e4\" data-element_type=\"widget\" data-widget_type=\"text-editor.default\">\n\t\t\t\t<div class=\"elementor-widget-container\">\n\t\t\t\t\t\t\t<p>Ce sc\u00e9nario est peu probable, notamment pour des raisons environnementales.<\/p>\n<p>D\u2019abord, les ressources n\u00e9cessaires pour fabriquer des ordinateurs et des robots se trouvent en quantit\u00e9 limit\u00e9e sur Terre. Il n\u2019y a pas assez de lithium, de m\u00e9taux rares ou d\u2019or (pour ne citer qu\u2019eux) pour remplacer chaque \u00eatre humain par un robot intelligent. <\/p>\n<p>Ensuite, entra\u00eener et faire fonctionner de grands mod\u00e8les d\u2019IA demande \u00e9norm\u00e9ment d\u2019\u00e9lectricit\u00e9 et d\u2019eau potable. M\u00eame si les scientifiques travaillent \u00e0 rendre l\u2019IA plus \u00e9cologique et plus efficace, les humains restent plus \u00e9conomes en \u00e9nergie pour produire les m\u00eames r\u00e9sultats qu\u2019une IA. <\/p>\n\t\t\t\t\t\t<\/div>\n\t\t\t\t<\/div>\n\t\t\t\t\t<\/div>\n\t\t<\/div>\n\t\t\t\t\t<\/div>\n\t\t<\/section>\n\t\t\t\t<section class=\"elementor-section elementor-top-section elementor-element elementor-element-362d234 elementor-section-stretched elementor-section-boxed elementor-section-height-default elementor-section-height-default\" data-id=\"362d234\" data-element_type=\"section\" data-settings=\"{&quot;jet_parallax_layout_list&quot;:[],&quot;stretch_section&quot;:&quot;section-stretched&quot;}\">\n\t\t\t\t\t\t<div class=\"elementor-container elementor-column-gap-default\">\n\t\t\t\t\t<div class=\"elementor-column elementor-col-100 elementor-top-column elementor-element elementor-element-ad0fcc2\" data-id=\"ad0fcc2\" data-element_type=\"column\">\n\t\t\t<div class=\"elementor-widget-wrap elementor-element-populated\">\n\t\t\t\t\t\t<div class=\"elementor-element elementor-element-246d7d7 elementor-widget elementor-widget-heading\" data-id=\"246d7d7\" data-element_type=\"widget\" data-widget_type=\"heading.default\">\n\t\t\t\t<div class=\"elementor-widget-container\">\n\t\t\t<h2 class=\"elementor-heading-title elementor-size-default\">Qu'est-ce que cela signifie pour moi en tant qu'\u00e9tudiant ?<\/h2>\t\t<\/div>\n\t\t\t\t<\/div>\n\t\t\t\t\t<\/div>\n\t\t<\/div>\n\t\t\t\t\t<\/div>\n\t\t<\/section>\n\t\t\t\t<section class=\"elementor-section elementor-top-section elementor-element elementor-element-7dc3781 elementor-section-stretched elementor-section-boxed elementor-section-height-default elementor-section-height-default\" data-id=\"7dc3781\" data-element_type=\"section\" data-settings=\"{&quot;jet_parallax_layout_list&quot;:[],&quot;stretch_section&quot;:&quot;section-stretched&quot;}\">\n\t\t\t\t\t\t<div class=\"elementor-container elementor-column-gap-default\">\n\t\t\t\t\t<div class=\"elementor-column elementor-col-100 elementor-top-column elementor-element elementor-element-b43c68e\" data-id=\"b43c68e\" data-element_type=\"column\">\n\t\t\t<div class=\"elementor-widget-wrap elementor-element-populated\">\n\t\t\t\t\t\t<div class=\"elementor-element elementor-element-1d2abfc elementor-widget elementor-widget-text-editor\" data-id=\"1d2abfc\" data-element_type=\"widget\" data-widget_type=\"text-editor.default\">\n\t\t\t\t<div class=\"elementor-widget-container\">\n\t\t\t\t\t\t\t<p>L\u2019IA est tr\u00e8s dou\u00e9e pour accomplir des t\u00e2ches ennuyeuses et r\u00e9p\u00e9titives \u2014 comme trier des e-mails ou analyser de grandes quantit\u00e9s de donn\u00e9es. En revanche, elle est moins performante pour faire preuve de cr\u00e9ativit\u00e9, comprendre les \u00e9motions ou prendre des d\u00e9cisions \u00e9thiques. Cela signifie que les m\u00e9tiers qui n\u00e9cessitent des comp\u00e9tences humaines \u2014 comme enseigner, concevoir, prendre soin des autres ou diriger des \u00e9quipes \u2014 n\u00e9cessiteront toujours des \u00eatre humains.  <\/p>\n<p>L\u2019IA cr\u00e9e aussi de nombreux nouveaux emplois dans des domaines comme la science des donn\u00e9es, l\u2019ing\u00e9nierie, l\u2019informatique, la cybers\u00e9curit\u00e9 ou la robotique. Tous ces secteurs sont de bonnes options, car ces outils intelligents ne peuvent pas se cr\u00e9er eux-m\u00eames. <\/p>\n<p>En r\u00e9sum\u00e9, il vaut mieux choisir un m\u00e9tier qui implique une forme d\u2019interaction humaine, qui n\u2019est pas r\u00e9p\u00e9titif ou qui consiste \u00e0 cr\u00e9er de nouveaux outils dot\u00e9s d\u2019IA.<\/p>\n\t\t\t\t\t\t<\/div>\n\t\t\t\t<\/div>\n\t\t\t\t\t<\/div>\n\t\t<\/div>\n\t\t\t\t\t<\/div>\n\t\t<\/section>\n\t\t\t\t<section class=\"elementor-section elementor-top-section elementor-element elementor-element-85cdd21 elementor-section-stretched elementor-section-boxed elementor-section-height-default elementor-section-height-default\" data-id=\"85cdd21\" data-element_type=\"section\" data-settings=\"{&quot;jet_parallax_layout_list&quot;:[],&quot;stretch_section&quot;:&quot;section-stretched&quot;}\">\n\t\t\t\t\t\t<div class=\"elementor-container elementor-column-gap-default\">\n\t\t\t\t\t<div class=\"elementor-column elementor-col-100 elementor-top-column elementor-element elementor-element-73a37ec\" data-id=\"73a37ec\" data-element_type=\"column\">\n\t\t\t<div class=\"elementor-widget-wrap elementor-element-populated\">\n\t\t\t\t\t\t<div class=\"elementor-element elementor-element-8c1488f elementor-widget elementor-widget-heading\" data-id=\"8c1488f\" data-element_type=\"widget\" data-widget_type=\"heading.default\">\n\t\t\t\t<div class=\"elementor-widget-container\">\n\t\t\t<h2 class=\"elementor-heading-title elementor-size-default\">Reste in\/form\u00e9(e)!<\/h2>\t\t<\/div>\n\t\t\t\t<\/div>\n\t\t\t\t<div class=\"elementor-element elementor-element-c77a847 elementor-widget elementor-widget-text-editor\" data-id=\"c77a847\" data-element_type=\"widget\" data-widget_type=\"text-editor.default\">\n\t\t\t\t<div class=\"elementor-widget-container\">\n\t\t\t\t\t\t\t<p class=\"MsoNormal\">Plut\u00f4t que de remplacer tout le monde, l\u2019IA va travailler avec nous, comme un assistant ultra-intelligent. Mais souviens-toi : aucun m\u00e9tier n\u2019est 100 % \u00e0 l&rsquo;abri ou condamn\u00e9. La cl\u00e9, c\u2019est de rester curieux, d\u2019apprendre en continu et de s\u2019adapter.  <\/p>\n<\/p>\n<p class=\"MsoNormal\">L\u2019IA n\u2019est pas l\u2019ennemie \u2014 c\u2019est un outil. Et comme tout outil, c\u2019est \u00e0 nous de l\u2019utiliser intelligemment. Alors, au lieu de craindre l\u2019avenir, r\u00e9jouis-toi ! Apprends comment fonctionne l\u2019IA, d\u00e9couvre ce qui te passionne, et d\u00e9veloppe des comp\u00e9tences qui te rendront irrempla\u00e7able.   <\/p>\n\t\t\t\t\t\t<\/div>\n\t\t\t\t<\/div>\n\t\t\t\t\t<\/div>\n\t\t<\/div>\n\t\t\t\t\t<\/div>\n\t\t<\/section>\n\t\t\t\t<section class=\"elementor-section elementor-top-section elementor-element elementor-element-d7bbd19 elementor-section-stretched elementor-section-boxed elementor-section-height-default elementor-section-height-default\" data-id=\"d7bbd19\" data-element_type=\"section\" data-settings=\"{&quot;jet_parallax_layout_list&quot;:[],&quot;stretch_section&quot;:&quot;section-stretched&quot;}\">\n\t\t\t\t\t\t<div class=\"elementor-container elementor-column-gap-default\">\n\t\t\t\t\t<div class=\"elementor-column elementor-col-100 elementor-top-column elementor-element elementor-element-0bf2cb2\" data-id=\"0bf2cb2\" data-element_type=\"column\">\n\t\t\t<div class=\"elementor-widget-wrap elementor-element-populated\">\n\t\t\t\t\t\t<div class=\"elementor-element elementor-element-d535b2a elementor-widget elementor-widget-text-editor\" data-id=\"d535b2a\" data-element_type=\"widget\" data-widget_type=\"text-editor.default\">\n\t\t\t\t<div class=\"elementor-widget-container\">\n\t\t\t\t\t\t\t<p><span lang=\"EN-US\" style=\"font-size: 11.0pt; font-family: 'Aptos',sans-serif; mso-fareast-font-family: 'Times New Roman'; mso-bidi-font-family: Aptos; mso-ansi-language: EN-US; mso-fareast-language: EN-US; mso-bidi-language: AR-SA;\">Article \u00e9crit par R\u00e9gine POUSSIN<\/span><\/p><\/p>\n\t\t\t\t\t\t<\/div>\n\t\t\t\t<\/div>\n\t\t\t\t\t<\/div>\n\t\t<\/div>\n\t\t\t\t\t<\/div>\n\t\t<\/section>\n\t\t\t\t<section class=\"elementor-section elementor-top-section elementor-element elementor-element-d43d8bb elementor-section-boxed elementor-section-height-default elementor-section-height-default\" data-id=\"d43d8bb\" data-element_type=\"section\" data-settings=\"{&quot;jet_parallax_layout_list&quot;:[]}\">\n\t\t\t\t\t\t<div class=\"elementor-container elementor-column-gap-default\">\n\t\t\t\t\t<div class=\"elementor-column elementor-col-100 elementor-top-column elementor-element elementor-element-966ca0e\" data-id=\"966ca0e\" data-element_type=\"column\">\n\t\t\t<div class=\"elementor-widget-wrap elementor-element-populated\">\n\t\t\t\t\t\t<section class=\"elementor-section elementor-inner-section elementor-element elementor-element-f653f70 elementor-section-boxed elementor-section-height-default elementor-section-height-default\" data-id=\"f653f70\" data-element_type=\"section\" data-settings=\"{&quot;jet_parallax_layout_list&quot;:[]}\">\n\t\t\t\t\t\t<div class=\"elementor-container elementor-column-gap-default\">\n\t\t\t\t\t<div class=\"elementor-column elementor-col-50 elementor-inner-column elementor-element elementor-element-1070760\" data-id=\"1070760\" data-element_type=\"column\">\n\t\t\t<div class=\"elementor-widget-wrap elementor-element-populated\">\n\t\t\t\t\t\t<div class=\"elementor-element elementor-element-73d5149 elementor-button-info elementor-mobile-align-center elementor-widget elementor-widget-button\" data-id=\"73d5149\" data-element_type=\"widget\" data-widget_type=\"button.default\">\n\t\t\t\t<div class=\"elementor-widget-container\">\n\t\t\t\t\t\t\t<div class=\"elementor-button-wrapper\">\n\t\t\t\t\t<a class=\"elementor-button elementor-button-link elementor-size-sm\" href=\"https:\/\/testit.uni.lu\/connect\/askaresearcher\/\" target=\"_blank\">\n\t\t\t\t\t\t<span class=\"elementor-button-content-wrapper\">\n\t\t\t\t\t\t\t\t\t<span class=\"elementor-button-text\">Lire plus d'articles<\/span>\n\t\t\t\t\t<\/span>\n\t\t\t\t\t<\/a>\n\t\t\t\t<\/div>\n\t\t\t\t\t\t<\/div>\n\t\t\t\t<\/div>\n\t\t\t\t\t<\/div>\n\t\t<\/div>\n\t\t\t\t<div class=\"elementor-column elementor-col-50 elementor-inner-column elementor-element elementor-element-fe78664\" data-id=\"fe78664\" data-element_type=\"column\">\n\t\t\t<div class=\"elementor-widget-wrap\">\n\t\t\t\t\t\t\t<\/div>\n\t\t<\/div>\n\t\t\t\t\t<\/div>\n\t\t<\/section>\n\t\t\t\t\t<\/div>\n\t\t<\/div>\n\t\t\t\t\t<\/div>\n\t\t<\/section>\n\t\t\t\t<\/div>\n\t\t","protected":false},"excerpt":{"rendered":"<p>Comment l&rsquo;Intelligence Artificielle modifiera-t-elle nos emplois? \u00ab\u202fL\u2019IA va remplacer tout le monde !\u202f\u00bb \u2014 c\u2019est ce que beaucoup de gens craignent lorsqu\u2019on parle d\u2019intelligence artificielle. Mais la r\u00e9alit\u00e9 est bien plus nuanc\u00e9e. Voyons d\u2019abord ce que l\u2019IA peut ou ne peut pas faire, puis comment cela peut t\u2019aider \u00e0 planifier ton avenir. Que peut vraiment &hellip; <a href=\"https:\/\/testit.uni.lu\/fr\/se-connecter\/askaresearcher\/aijobs\/\" class=\"more-link\">Continuer la lecture<span class=\"screen-reader-text\"> de &laquo;&nbsp;AIJobs&nbsp;&raquo;<\/span><\/a><\/p>\n","protected":false},"author":1525,"featured_media":0,"parent":22207,"menu_order":0,"comment_status":"closed","ping_status":"closed","template":"elementor_header_footer","meta":{"iawp_total_views":2,"footnotes":""},"class_list":["post-22635","page","type-page","status-publish","hentry"],"_links":{"self":[{"href":"https:\/\/testit.uni.lu\/fr\/wp-json\/wp\/v2\/pages\/22635","targetHints":{"allow":["GET"]}}],"collection":[{"href":"https:\/\/testit.uni.lu\/fr\/wp-json\/wp\/v2\/pages"}],"about":[{"href":"https:\/\/testit.uni.lu\/fr\/wp-json\/wp\/v2\/types\/page"}],"author":[{"embeddable":true,"href":"https:\/\/testit.uni.lu\/fr\/wp-json\/wp\/v2\/users\/1525"}],"replies":[{"embeddable":true,"href":"https:\/\/testit.uni.lu\/fr\/wp-json\/wp\/v2\/comments?post=22635"}],"version-history":[{"count":11,"href":"https:\/\/testit.uni.lu\/fr\/wp-json\/wp\/v2\/pages\/22635\/revisions"}],"predecessor-version":[{"id":23060,"href":"https:\/\/testit.uni.lu\/fr\/wp-json\/wp\/v2\/pages\/22635\/revisions\/23060"}],"up":[{"embeddable":true,"href":"https:\/\/testit.uni.lu\/fr\/wp-json\/wp\/v2\/pages\/22207"}],"wp:attachment":[{"href":"https:\/\/testit.uni.lu\/fr\/wp-json\/wp\/v2\/media?parent=22635"}],"curies":[{"name":"wp","href":"https:\/\/api.w.org\/{rel}","templated":true}]}}