{"id":19715,"date":"2025-02-27T15:32:13","date_gmt":"2025-02-27T13:32:13","guid":{"rendered":"https:\/\/testit\/role-models-egle\/"},"modified":"2025-08-19T16:14:26","modified_gmt":"2025-08-19T14:14:26","slug":"egle","status":"publish","type":"page","link":"https:\/\/testit.uni.lu\/fr\/se-connecter\/rolemodels\/egle\/","title":{"rendered":"Role Models &#8211; Egle"},"content":{"rendered":"\t\t<div data-elementor-type=\"wp-page\" data-elementor-id=\"19715\" class=\"elementor elementor-19715 elementor-19693\" data-elementor-post-type=\"page\">\n\t\t\t\t\t\t<section class=\"elementor-section elementor-top-section elementor-element elementor-element-cb55d70 elementor-section-content-middle elementor-section-stretched elementor-section-boxed elementor-section-height-default elementor-section-height-default\" data-id=\"cb55d70\" data-element_type=\"section\" data-settings=\"{&quot;background_background&quot;:&quot;classic&quot;,&quot;jet_parallax_layout_list&quot;:[],&quot;stretch_section&quot;:&quot;section-stretched&quot;}\">\n\t\t\t\t\t\t<div class=\"elementor-container elementor-column-gap-default\">\n\t\t\t\t\t<div class=\"elementor-column elementor-col-50 elementor-top-column elementor-element elementor-element-2220d8a\" data-id=\"2220d8a\" data-element_type=\"column\" data-settings=\"{&quot;background_background&quot;:&quot;classic&quot;,&quot;animation&quot;:&quot;none&quot;}\">\n\t\t\t<div class=\"elementor-widget-wrap elementor-element-populated\">\n\t\t\t\t\t\t<div class=\"elementor-element elementor-element-1195a7f elementor-widget elementor-widget-image\" data-id=\"1195a7f\" data-element_type=\"widget\" data-settings=\"{&quot;_animation&quot;:&quot;none&quot;}\" data-widget_type=\"image.default\">\n\t\t\t\t<div class=\"elementor-widget-container\">\n\t\t\t\t\t\t\t\t\t\t\t\t\t\t<a href=\"https:\/\/testit\/rolemodels\/\">\n\t\t\t\t\t\t\t<img fetchpriority=\"high\" decoding=\"async\" width=\"840\" height=\"391\" src=\"https:\/\/testit.uni.lu\/wp-content\/uploads\/2024\/09\/dfzh-768x472-2-1024x477.png\" class=\"attachment-large size-large wp-image-17164\" alt=\"\" srcset=\"https:\/\/testit.uni.lu\/wp-content\/uploads\/2024\/09\/dfzh-768x472-2-1024x477.png 1024w, https:\/\/testit.uni.lu\/wp-content\/uploads\/2024\/09\/dfzh-768x472-2-300x140.png 300w, https:\/\/testit.uni.lu\/wp-content\/uploads\/2024\/09\/dfzh-768x472-2-768x358.png 768w, https:\/\/testit.uni.lu\/wp-content\/uploads\/2024\/09\/dfzh-768x472-2-1536x716.png 1536w, https:\/\/testit.uni.lu\/wp-content\/uploads\/2024\/09\/dfzh-768x472-2-2048x954.png 2048w, https:\/\/testit.uni.lu\/wp-content\/uploads\/2024\/09\/dfzh-768x472-2-1200x559.png 1200w\" sizes=\"(max-width: 709px) 85vw, (max-width: 909px) 67vw, (max-width: 1362px) 62vw, 840px\" \/>\t\t\t\t\t\t\t\t<\/a>\n\t\t\t\t\t\t\t\t\t\t\t\t\t<\/div>\n\t\t\t\t<\/div>\n\t\t\t\t\t<\/div>\n\t\t<\/div>\n\t\t\t\t<div class=\"elementor-column elementor-col-50 elementor-top-column elementor-element elementor-element-a69c9d9\" data-id=\"a69c9d9\" data-element_type=\"column\">\n\t\t\t<div class=\"elementor-widget-wrap elementor-element-populated\">\n\t\t\t\t\t\t<div class=\"elementor-element elementor-element-861dcf7 elementor-widget__width-inherit elementor-widget elementor-widget-heading\" data-id=\"861dcf7\" data-element_type=\"widget\" data-widget_type=\"heading.default\">\n\t\t\t\t<div class=\"elementor-widget-container\">\n\t\t\t<h1 class=\"elementor-heading-title elementor-size-default\"><a href=\"https:\/\/testit\/rolemodels\/\">Et si c'\u00e9tait toi demain<\/a><\/h1>\t\t<\/div>\n\t\t\t\t<\/div>\n\t\t\t\t\t<\/div>\n\t\t<\/div>\n\t\t\t\t\t<\/div>\n\t\t<\/section>\n\t\t\t\t<section class=\"elementor-section elementor-top-section elementor-element elementor-element-551a2ac elementor-section-boxed elementor-section-height-default elementor-section-height-default\" data-id=\"551a2ac\" data-element_type=\"section\" data-settings=\"{&quot;jet_parallax_layout_list&quot;:[]}\">\n\t\t\t\t\t\t<div class=\"elementor-container elementor-column-gap-default\">\n\t\t\t\t\t<div class=\"elementor-column elementor-col-100 elementor-top-column elementor-element elementor-element-b210fb0\" data-id=\"b210fb0\" data-element_type=\"column\">\n\t\t\t<div class=\"elementor-widget-wrap elementor-element-populated\">\n\t\t\t\t\t\t<div class=\"elementor-element elementor-element-829ff83 elementor-widget-divider--view-line elementor-widget elementor-widget-divider\" data-id=\"829ff83\" data-element_type=\"widget\" data-widget_type=\"divider.default\">\n\t\t\t\t<div class=\"elementor-widget-container\">\n\t\t\t\t\t<div class=\"elementor-divider\">\n\t\t\t<span class=\"elementor-divider-separator\">\n\t\t\t\t\t\t<\/span>\n\t\t<\/div>\n\t\t\t\t<\/div>\n\t\t\t\t<\/div>\n\t\t\t\t\t<\/div>\n\t\t<\/div>\n\t\t\t\t\t<\/div>\n\t\t<\/section>\n\t\t\t\t<section class=\"elementor-section elementor-top-section elementor-element elementor-element-8a0e98d elementor-section-stretched elementor-section-boxed elementor-section-height-default elementor-section-height-default\" data-id=\"8a0e98d\" data-element_type=\"section\" data-settings=\"{&quot;jet_parallax_layout_list&quot;:[],&quot;stretch_section&quot;:&quot;section-stretched&quot;}\">\n\t\t\t\t\t\t<div class=\"elementor-container elementor-column-gap-default\">\n\t\t\t\t\t<div class=\"elementor-column elementor-col-50 elementor-top-column elementor-element elementor-element-4cffd36\" data-id=\"4cffd36\" data-element_type=\"column\">\n\t\t\t<div class=\"elementor-widget-wrap elementor-element-populated\">\n\t\t\t\t\t\t<div class=\"elementor-element elementor-element-ce2a356 elementor-widget elementor-widget-image\" data-id=\"ce2a356\" data-element_type=\"widget\" data-widget_type=\"image.default\">\n\t\t\t\t<div class=\"elementor-widget-container\">\n\t\t\t\t\t\t\t\t\t\t\t\t\t<img decoding=\"async\" width=\"819\" height=\"1024\" src=\"https:\/\/testit.uni.lu\/wp-content\/uploads\/2025\/05\/Egle-Valkunaite_cropped_2048x2560-819x1024.jpg\" class=\"attachment-large size-large wp-image-20270\" alt=\"\" srcset=\"https:\/\/testit.uni.lu\/wp-content\/uploads\/2025\/05\/Egle-Valkunaite_cropped_2048x2560-819x1024.jpg 819w, https:\/\/testit.uni.lu\/wp-content\/uploads\/2025\/05\/Egle-Valkunaite_cropped_2048x2560-240x300.jpg 240w, https:\/\/testit.uni.lu\/wp-content\/uploads\/2025\/05\/Egle-Valkunaite_cropped_2048x2560-768x960.jpg 768w, https:\/\/testit.uni.lu\/wp-content\/uploads\/2025\/05\/Egle-Valkunaite_cropped_2048x2560-1229x1536.jpg 1229w, https:\/\/testit.uni.lu\/wp-content\/uploads\/2025\/05\/Egle-Valkunaite_cropped_2048x2560-1638x2048.jpg 1638w, https:\/\/testit.uni.lu\/wp-content\/uploads\/2025\/05\/Egle-Valkunaite_cropped_2048x2560-1200x1500.jpg 1200w, https:\/\/testit.uni.lu\/wp-content\/uploads\/2025\/05\/Egle-Valkunaite_cropped_2048x2560.jpg 2048w\" sizes=\"(max-width: 819px) 85vw, 819px\" \/>\t\t\t\t\t\t\t\t\t\t\t\t\t<\/div>\n\t\t\t\t<\/div>\n\t\t\t\t\t<\/div>\n\t\t<\/div>\n\t\t\t\t<div class=\"elementor-column elementor-col-50 elementor-top-column elementor-element elementor-element-24d14dc\" data-id=\"24d14dc\" data-element_type=\"column\">\n\t\t\t<div class=\"elementor-widget-wrap elementor-element-populated\">\n\t\t\t\t\t\t<div class=\"elementor-element elementor-element-9c23b0f elementor-widget elementor-widget-heading\" data-id=\"9c23b0f\" data-element_type=\"widget\" data-widget_type=\"heading.default\">\n\t\t\t\t<div class=\"elementor-widget-container\">\n\t\t\t<h1 class=\"elementor-heading-title elementor-size-default\">Egle Valkunaite<\/h1>\t\t<\/div>\n\t\t\t\t<\/div>\n\t\t\t\t<div class=\"elementor-element elementor-element-41b85b8 elementor-widget__width-initial elementor-widget elementor-widget-text-editor\" data-id=\"41b85b8\" data-element_type=\"widget\" data-widget_type=\"text-editor.default\">\n\t\t\t\t<div class=\"elementor-widget-container\">\n\t\t\t\t\t\t\t<p>Egle Valkunaite a d\u00e9couvert sa passion pour l\u2019informatique \u00e0 l\u2019\u00e2ge de 12 ans, lors d\u2019un cours de d\u00e9veloppement web qui a \u00e9veill\u00e9 son int\u00e9r\u00eat pour la technologie. Originaire de Lituanie, elle a fait ses \u00e9tudes en informatique \u00e0 l\u2019Universit\u00e9 de St Andrews en \u00c9cosse. Apr\u00e8s avoir effectu\u00e9 un stage \u00e0 la banque CACEIS, Egle a rejoint le \u00ab graduate programme \u00bb de la banque, une initiative qui permet aux jeunes dipl\u00f4m\u00e9s d\u2019explorer diff\u00e9rents d\u00e9partements et de trouver des postes adapt\u00e9s \u00e0 leurs comp\u00e9tences et \u00e0 leurs centres d\u2019int\u00e9r\u00eat. Sa soif d\u2019apprendre l\u2019a aid\u00e9e \u00e0 progresser jusqu\u2019\u00e0 son poste actuel de chef de projet informatique senior.   <\/p>\n\t\t\t\t\t\t<\/div>\n\t\t\t\t<\/div>\n\t\t\t\t\t<\/div>\n\t\t<\/div>\n\t\t\t\t\t<\/div>\n\t\t<\/section>\n\t\t\t\t<section class=\"elementor-section elementor-top-section elementor-element elementor-element-df2ef2f elementor-section-stretched elementor-section-boxed elementor-section-height-default elementor-section-height-default\" data-id=\"df2ef2f\" data-element_type=\"section\" data-settings=\"{&quot;jet_parallax_layout_list&quot;:[],&quot;stretch_section&quot;:&quot;section-stretched&quot;}\">\n\t\t\t\t\t\t<div class=\"elementor-container elementor-column-gap-default\">\n\t\t\t\t\t<div class=\"elementor-column elementor-col-100 elementor-top-column elementor-element elementor-element-59eaa1b\" data-id=\"59eaa1b\" data-element_type=\"column\">\n\t\t\t<div class=\"elementor-widget-wrap elementor-element-populated\">\n\t\t\t\t\t\t<div class=\"elementor-element elementor-element-aeb37ba elementor-widget elementor-widget-heading\" data-id=\"aeb37ba\" data-element_type=\"widget\" data-widget_type=\"heading.default\">\n\t\t\t\t<div class=\"elementor-widget-container\">\n\t\t\t<h2 class=\"elementor-heading-title elementor-size-default\">Si tu pourrais remonter dans le temps et discuter de l'informatique avec ton cadet, comment susciterais-tu son int\u00e9r\u00eat ?<\/h2>\t\t<\/div>\n\t\t\t\t<\/div>\n\t\t\t\t<div class=\"elementor-element elementor-element-84cda89 elementor-widget elementor-widget-text-editor\" data-id=\"84cda89\" data-element_type=\"widget\" data-widget_type=\"text-editor.default\">\n\t\t\t\t<div class=\"elementor-widget-container\">\n\t\t\t\t\t\t\t<p>En termes d\u2019opportunit\u00e9s pour les \u00e9tudes et le travail, l\u2019informatique est un domaine beaucoup plus vaste qu\u2019on ne le pense. Cela ne se limite pas \u00e0 devenir programmeur. Il y a d\u2019autres m\u00e9tiers qui requi\u00e8rent de nombreuses autres comp\u00e9tences, comme par exemple de la cr\u00e9ativit\u00e9 pour concevoir des sites web, des applications et des publicit\u00e9s sur diff\u00e9rents canaux de communication. L\u2019analyse des donn\u00e9es est un autre exemple de la diversit\u00e9 du domaine : cela exige de bien conna\u00eetre et comprendre les donn\u00e9es, afin de d\u00e9voiler les informations qu\u2019elles cachent. Savoir trouver des r\u00e9ponses dans les donn\u00e9es offre la possibilit\u00e9 de travailler dans n\u2019importe quel domaine.  <\/p>\n<p>Vous pouvez devenir une sorte d\u2019architecte et construire des syst\u00e8mes informatique de A \u00e0 Z. Vous pouvez am\u00e9liorer la vie quotidienne des gens en r\u00e9solvant des probl\u00e8mes dans des processus automatiques. Vous pouvez m\u00eame utiliser votre imagination pour cr\u00e9er une technologie qui n\u2019existe pas encore. De nos jours, l\u2019informatique est pr\u00e9sente partout, de l\u2019agriculture aux voyages, en passant par la sant\u00e9 et les r\u00e9seaux sociaux. Quels que soient vos go\u00fbts et vos centres d\u2019int\u00e9r\u00eat, je vous garantis que l\u2019informatique y est li\u00e9e d\u2019une mani\u00e8re ou d\u2019une autre.  <\/p>\n\t\t\t\t\t\t<\/div>\n\t\t\t\t<\/div>\n\t\t\t\t\t<\/div>\n\t\t<\/div>\n\t\t\t\t\t<\/div>\n\t\t<\/section>\n\t\t\t\t<section class=\"elementor-section elementor-top-section elementor-element elementor-element-423e06b elementor-section-stretched elementor-section-boxed elementor-section-height-default elementor-section-height-default\" data-id=\"423e06b\" data-element_type=\"section\" data-settings=\"{&quot;jet_parallax_layout_list&quot;:[],&quot;stretch_section&quot;:&quot;section-stretched&quot;}\">\n\t\t\t\t\t\t<div class=\"elementor-container elementor-column-gap-default\">\n\t\t\t\t\t<div class=\"elementor-column elementor-col-100 elementor-top-column elementor-element elementor-element-6aaa9d1\" data-id=\"6aaa9d1\" data-element_type=\"column\">\n\t\t\t<div class=\"elementor-widget-wrap elementor-element-populated\">\n\t\t\t\t\t\t<div class=\"elementor-element elementor-element-574a08f elementor-widget elementor-widget-heading\" data-id=\"574a08f\" data-element_type=\"widget\" data-widget_type=\"heading.default\">\n\t\t\t\t<div class=\"elementor-widget-container\">\n\t\t\t<h2 class=\"elementor-heading-title elementor-size-default\">Quelles sont les comp\u00e9tences ou les qualit\u00e9s qui, selon toi, sont importantes pour une personne souhaitant faire carri\u00e8re dans l'informatique ? Sur la base de ton exp\u00e9rience, quels conseils veux-tu donner aux jeunes femmes int\u00e9ress\u00e9es par l'informatique ?<\/h2>\t\t<\/div>\n\t\t\t\t<\/div>\n\t\t\t\t<div class=\"elementor-element elementor-element-18102e4 elementor-widget elementor-widget-text-editor\" data-id=\"18102e4\" data-element_type=\"widget\" data-widget_type=\"text-editor.default\">\n\t\t\t\t<div class=\"elementor-widget-container\">\n\t\t\t\t\t\t\t<p>La pens\u00e9e logique joue un r\u00f4le cl\u00e9 dans l&rsquo;informatique, en particulier lorsqu&rsquo;il s&rsquo;agit de prendre des d\u00e9cisions susceptibles d&rsquo;avoir un impact sur l&rsquo;\u00e9volution d&rsquo;un projet en cours. Vous devez \u00eatre capable de penser \u00ab hors des sentiers battus \u00bb et de ne pas vous en tenir aux m\u00e9thodes conventionnelles de r\u00e9solution des probl\u00e8mes. Exploitez les caract\u00e9ristiques techniques et les ressources \u00e0 votre disposition pour trouver des solutions. N&rsquo;ayez pas peur de casser les choses et de les pousser \u00e0 la limite. Enfin, n&rsquo;h\u00e9sitez pas \u00e0 demander de l&rsquo;aide si n\u00e9cessaire, surtout si vous \u00eates nouveau dans le domaine. Avoir des coll\u00e8gues exp\u00e9riment\u00e9s est une b\u00e9n\u00e9diction et vous devriez saisir l&rsquo;occasion d&rsquo;apprendre d&rsquo;eux.     <\/p>\n\t\t\t\t\t\t<\/div>\n\t\t\t\t<\/div>\n\t\t\t\t\t<\/div>\n\t\t<\/div>\n\t\t\t\t\t<\/div>\n\t\t<\/section>\n\t\t\t\t<section class=\"elementor-section elementor-top-section elementor-element elementor-element-e436f02 elementor-section-stretched elementor-section-boxed elementor-section-height-default elementor-section-height-default\" data-id=\"e436f02\" data-element_type=\"section\" data-settings=\"{&quot;jet_parallax_layout_list&quot;:[],&quot;stretch_section&quot;:&quot;section-stretched&quot;}\">\n\t\t\t\t\t\t<div class=\"elementor-container elementor-column-gap-default\">\n\t\t\t\t\t<div class=\"elementor-column elementor-col-100 elementor-top-column elementor-element elementor-element-485a548\" data-id=\"485a548\" data-element_type=\"column\">\n\t\t\t<div class=\"elementor-widget-wrap elementor-element-populated\">\n\t\t\t\t\t\t<div class=\"elementor-element elementor-element-55089df elementor-widget elementor-widget-heading\" data-id=\"55089df\" data-element_type=\"widget\" data-widget_type=\"heading.default\">\n\t\t\t\t<div class=\"elementor-widget-container\">\n\t\t\t<h2 class=\"elementor-heading-title elementor-size-default\">Comment peut-on changer l\u2019id\u00e9e que l\u2019informatique est plut\u00f4t r\u00e9serv\u00e9e aux hommes ? Comment inciter les femmes \u00e0 se lancer ? <\/h2>\t\t<\/div>\n\t\t\t\t<\/div>\n\t\t\t\t<div class=\"elementor-element elementor-element-ba5fc94 elementor-widget elementor-widget-text-editor\" data-id=\"ba5fc94\" data-element_type=\"widget\" data-widget_type=\"text-editor.default\">\n\t\t\t\t<div class=\"elementor-widget-container\">\n\t\t\t\t\t\t\t<p>Cela commence par les mod\u00e8les masculins que les femmes ont dans leur vie, avec leur soutien et leur encouragement \u00e0 poursuivre des objectifs m\u00eame si le domaine est consid\u00e9r\u00e9 comme domin\u00e9 par les hommes. Cela commence aussi par les femmes qui remettent en question ces st\u00e9r\u00e9otypes. Cela peut \u00eatre aussi simple que de demander \u00e0 une personne pourquoi elle pense qu&rsquo;un domaine comme l&rsquo;informatique est consid\u00e9r\u00e9 comme domin\u00e9 par les hommes.  <\/p>\n<p>L\u2019\u00e9galit\u00e9 devrait \u00e9galement \u00eatre promue sur le lieu de travail. La plupart des entreprises ont d\u00e9j\u00e0 fix\u00e9 des objectifs \u00e0 atteindre dans ce domaine mais elles devraient \u00e9galement cibler les jeunes g\u00e9n\u00e9rations qui entreront sur le march\u00e9 du travail plus tard. Les emplois d\u2019\u00e9t\u00e9 et les stages peuvent \u00eatre un bon moyen de donner un aper\u00e7u du quotidien dans l\u2019informatique et de prouver qu\u2019il n\u2019y a pas de raison de consid\u00e9rer que ce domaine est plus adapt\u00e9 aux hommes. CACEIS a par exemple contribu\u00e9 au Plan Jeunesse du Cr\u00e9dit Agricole en accueillant des stagiaires au sein de la banque, afin de faciliter l\u2019int\u00e9gration des jeunes g\u00e9n\u00e9rations.   <\/p>\n\t\t\t\t\t\t<\/div>\n\t\t\t\t<\/div>\n\t\t\t\t\t<\/div>\n\t\t<\/div>\n\t\t\t\t\t<\/div>\n\t\t<\/section>\n\t\t\t\t<section class=\"elementor-section elementor-top-section elementor-element elementor-element-700cb9d elementor-section-stretched elementor-section-boxed elementor-section-height-default elementor-section-height-default\" data-id=\"700cb9d\" data-element_type=\"section\" data-settings=\"{&quot;jet_parallax_layout_list&quot;:[],&quot;stretch_section&quot;:&quot;section-stretched&quot;}\">\n\t\t\t\t\t\t<div class=\"elementor-container elementor-column-gap-default\">\n\t\t\t\t\t<div class=\"elementor-column elementor-col-100 elementor-top-column elementor-element elementor-element-20290ae\" data-id=\"20290ae\" data-element_type=\"column\">\n\t\t\t<div class=\"elementor-widget-wrap elementor-element-populated\">\n\t\t\t\t\t\t<div class=\"elementor-element elementor-element-e213d76 elementor-widget elementor-widget-heading\" data-id=\"e213d76\" data-element_type=\"widget\" data-widget_type=\"heading.default\">\n\t\t\t\t<div class=\"elementor-widget-container\">\n\t\t\t<h2 class=\"elementor-heading-title elementor-size-default\">Quels sont les aspects de l'informatique qui vous plaisent le plus et pourquoi ?<\/h2>\t\t<\/div>\n\t\t\t\t<\/div>\n\t\t\t\t<div class=\"elementor-element elementor-element-a6040cc elementor-widget elementor-widget-text-editor\" data-id=\"a6040cc\" data-element_type=\"widget\" data-widget_type=\"text-editor.default\">\n\t\t\t\t<div class=\"elementor-widget-container\">\n\t\t\t\t\t\t\t<p>Lorsque vous comprenez les concepts fondamentaux de l&rsquo;informatique, vous \u00eates en mesure de comprendre le fonctionnement de la majorit\u00e9 des outils et appareils qui nous entourent. Une fois que vous aurez compris les concepts de base de l&rsquo;informatique, vous serez en mesure de comprendre le fonctionnement de la majorit\u00e9 des outils et des appareils qui nous entourent. Non seulement vous \u00eates alors en mesure de r\u00e9soudre vous-m\u00eame des probl\u00e8mes simples, mais vous pouvez \u00e9galement les am\u00e9liorer et les adapter \u00e0 vos besoins sp\u00e9cifiques. <\/p>\n<p>L\u2019informatique \u00e9volue rapidement et de nouvelles technologies apparaissent constamment. Tant que vous \u00eates pr\u00eat \u00e0 apprendre, vous ne vous ennuierez jamais ! <\/p>\n\t\t\t\t\t\t<\/div>\n\t\t\t\t<\/div>\n\t\t\t\t\t<\/div>\n\t\t<\/div>\n\t\t\t\t\t<\/div>\n\t\t<\/section>\n\t\t\t\t<section class=\"elementor-section elementor-top-section elementor-element elementor-element-d7bbd19 elementor-section-stretched elementor-section-boxed elementor-section-height-default elementor-section-height-default\" data-id=\"d7bbd19\" data-element_type=\"section\" data-settings=\"{&quot;jet_parallax_layout_list&quot;:[],&quot;stretch_section&quot;:&quot;section-stretched&quot;}\">\n\t\t\t\t\t\t<div class=\"elementor-container elementor-column-gap-default\">\n\t\t\t\t\t<div class=\"elementor-column elementor-col-100 elementor-top-column elementor-element elementor-element-0bf2cb2\" data-id=\"0bf2cb2\" data-element_type=\"column\">\n\t\t\t<div class=\"elementor-widget-wrap elementor-element-populated\">\n\t\t\t\t\t\t<div class=\"elementor-element elementor-element-0d8f84f elementor-button-info elementor-mobile-align-center elementor-widget elementor-widget-button\" data-id=\"0d8f84f\" data-element_type=\"widget\" data-widget_type=\"button.default\">\n\t\t\t\t<div class=\"elementor-widget-container\">\n\t\t\t\t\t\t\t<div class=\"elementor-button-wrapper\">\n\t\t\t\t\t<a class=\"elementor-button elementor-button-link elementor-size-sm\" href=\"https:\/\/testit.uni.lu\/connect\/rolemodels\/\">\n\t\t\t\t\t\t<span class=\"elementor-button-content-wrapper\">\n\t\t\t\t\t\t\t\t\t<span class=\"elementor-button-text\">Lire plus d'articles<\/span>\n\t\t\t\t\t<\/span>\n\t\t\t\t\t<\/a>\n\t\t\t\t<\/div>\n\t\t\t\t\t\t<\/div>\n\t\t\t\t<\/div>\n\t\t\t\t\t<\/div>\n\t\t<\/div>\n\t\t\t\t\t<\/div>\n\t\t<\/section>\n\t\t\t\t<\/div>\n\t\t","protected":false},"excerpt":{"rendered":"<p>Et si c&rsquo;\u00e9tait toi demain Egle Valkunaite Egle Valkunaite a d\u00e9couvert sa passion pour l\u2019informatique \u00e0 l\u2019\u00e2ge de 12 ans, lors d\u2019un cours de d\u00e9veloppement web qui a \u00e9veill\u00e9 son int\u00e9r\u00eat pour la technologie. Originaire de Lituanie, elle a fait ses \u00e9tudes en informatique \u00e0 l\u2019Universit\u00e9 de St Andrews en \u00c9cosse. Apr\u00e8s avoir effectu\u00e9 un &hellip; <a href=\"https:\/\/testit.uni.lu\/fr\/se-connecter\/rolemodels\/egle\/\" class=\"more-link\">Continuer la lecture<span class=\"screen-reader-text\"> de &laquo;&nbsp;Role Models &#8211; Egle&nbsp;&raquo;<\/span><\/a><\/p>\n","protected":false},"author":1525,"featured_media":0,"parent":18572,"menu_order":0,"comment_status":"closed","ping_status":"closed","template":"elementor_header_footer","meta":{"iawp_total_views":8,"footnotes":""},"class_list":["post-19715","page","type-page","status-publish","hentry"],"_links":{"self":[{"href":"https:\/\/testit.uni.lu\/fr\/wp-json\/wp\/v2\/pages\/19715","targetHints":{"allow":["GET"]}}],"collection":[{"href":"https:\/\/testit.uni.lu\/fr\/wp-json\/wp\/v2\/pages"}],"about":[{"href":"https:\/\/testit.uni.lu\/fr\/wp-json\/wp\/v2\/types\/page"}],"author":[{"embeddable":true,"href":"https:\/\/testit.uni.lu\/fr\/wp-json\/wp\/v2\/users\/1525"}],"replies":[{"embeddable":true,"href":"https:\/\/testit.uni.lu\/fr\/wp-json\/wp\/v2\/comments?post=19715"}],"version-history":[{"count":24,"href":"https:\/\/testit.uni.lu\/fr\/wp-json\/wp\/v2\/pages\/19715\/revisions"}],"predecessor-version":[{"id":23049,"href":"https:\/\/testit.uni.lu\/fr\/wp-json\/wp\/v2\/pages\/19715\/revisions\/23049"}],"up":[{"embeddable":true,"href":"https:\/\/testit.uni.lu\/fr\/wp-json\/wp\/v2\/pages\/18572"}],"wp:attachment":[{"href":"https:\/\/testit.uni.lu\/fr\/wp-json\/wp\/v2\/media?parent=19715"}],"curies":[{"name":"wp","href":"https:\/\/api.w.org\/{rel}","templated":true}]}}