{"id":17862,"date":"2024-07-12T13:23:12","date_gmt":"2024-07-12T11:23:12","guid":{"rendered":"https:\/\/testit\/exposition\/danse-et-ia-2\/"},"modified":"2025-08-19T15:39:26","modified_gmt":"2025-08-19T13:39:26","slug":"danse-et-ia","status":"publish","type":"page","link":"https:\/\/testit.uni.lu\/fr\/exposition\/danse-et-ia\/","title":{"rendered":"Danse et IA"},"content":{"rendered":"\t\t<div data-elementor-type=\"wp-page\" data-elementor-id=\"17862\" class=\"elementor elementor-17862 elementor-16856\" data-elementor-post-type=\"page\">\n\t\t\t\t\t\t<section class=\"elementor-section elementor-top-section elementor-element elementor-element-15d1701 elementor-section-height-min-height elementor-section-items-stretch elementor-section-content-bottom elementor-section-stretched elementor-section-boxed elementor-section-height-default\" data-id=\"15d1701\" data-element_type=\"section\" data-settings=\"{&quot;jet_parallax_layout_list&quot;:[],&quot;background_background&quot;:&quot;classic&quot;,&quot;stretch_section&quot;:&quot;section-stretched&quot;}\">\n\t\t\t\t\t\t<div class=\"elementor-container elementor-column-gap-no\">\n\t\t\t\t\t<div class=\"elementor-column elementor-col-50 elementor-top-column elementor-element elementor-element-711f27c\" data-id=\"711f27c\" data-element_type=\"column\">\n\t\t\t<div class=\"elementor-widget-wrap elementor-element-populated\">\n\t\t\t\t\t\t<div class=\"elementor-element elementor-element-1eb442e elementor-widget elementor-widget-heading\" data-id=\"1eb442e\" data-element_type=\"widget\" data-widget_type=\"heading.default\">\n\t\t\t\t<div class=\"elementor-widget-container\">\n\t\t\t<h2 class=\"elementor-heading-title elementor-size-default\">Danse et IA<\/h2>\t\t<\/div>\n\t\t\t\t<\/div>\n\t\t\t\t<div class=\"elementor-element elementor-element-1965711 elementor-widget elementor-widget-text-editor\" data-id=\"1965711\" data-element_type=\"widget\" data-widget_type=\"text-editor.default\">\n\t\t\t\t<div class=\"elementor-widget-container\">\n\t\t\t\t\t\t\t<p><span class=\"ui-provider fz b c d e f g h i j k l m n o p q r s t u v w x y z ab ac ae af ag ah ai aj ak\" dir=\"ltr\">Al ROBOLAB @University of Luxembourg | <\/span><span class=\"ui-provider fz b c d e f g h i j k l m n o p q r s t u v w x y z ab ac ae af ag ah ai aj ak\" dir=\"ltr\">N. Shojaee, B. Antico |2022<br \/><\/span><\/p>\n\t\t\t\t\t\t<\/div>\n\t\t\t\t<\/div>\n\t\t\t\t\t<\/div>\n\t\t<\/div>\n\t\t\t\t<div class=\"elementor-column elementor-col-50 elementor-top-column elementor-element elementor-element-cdc19b1\" data-id=\"cdc19b1\" data-element_type=\"column\">\n\t\t\t<div class=\"elementor-widget-wrap elementor-element-populated\">\n\t\t\t\t\t\t<section class=\"elementor-section elementor-inner-section elementor-element elementor-element-97e76e3 elementor-section-boxed elementor-section-height-default elementor-section-height-default\" data-id=\"97e76e3\" data-element_type=\"section\" data-settings=\"{&quot;jet_parallax_layout_list&quot;:[]}\">\n\t\t\t\t\t\t<div class=\"elementor-container elementor-column-gap-no\">\n\t\t\t\t\t<div class=\"elementor-column elementor-col-50 elementor-inner-column elementor-element elementor-element-18d29e4\" data-id=\"18d29e4\" data-element_type=\"column\">\n\t\t\t<div class=\"elementor-widget-wrap elementor-element-populated\">\n\t\t\t\t\t\t<div class=\"elementor-element elementor-element-69a6060 animated-fast elementor-invisible elementor-widget elementor-widget-image\" data-id=\"69a6060\" data-element_type=\"widget\" data-settings=\"{&quot;_animation&quot;:&quot;slideInDown&quot;,&quot;_animation_tablet&quot;:&quot;slideInRight&quot;}\" data-widget_type=\"image.default\">\n\t\t\t\t<div class=\"elementor-widget-container\">\n\t\t\t\t\t\t\t\t\t\t\t\t\t<img fetchpriority=\"high\" decoding=\"async\" width=\"666\" height=\"1024\" src=\"https:\/\/testit.uni.lu\/wp-content\/uploads\/2023\/07\/MicrosoftTeams-image-151-666x1024.png\" class=\"attachment-large size-large wp-image-11303\" alt=\"\" srcset=\"https:\/\/testit.uni.lu\/wp-content\/uploads\/2023\/07\/MicrosoftTeams-image-151-666x1024.png 666w, https:\/\/testit.uni.lu\/wp-content\/uploads\/2023\/07\/MicrosoftTeams-image-151-195x300.png 195w, https:\/\/testit.uni.lu\/wp-content\/uploads\/2023\/07\/MicrosoftTeams-image-151.png 700w\" sizes=\"(max-width: 666px) 85vw, 666px\" \/>\t\t\t\t\t\t\t\t\t\t\t\t\t<\/div>\n\t\t\t\t<\/div>\n\t\t\t\t\t<\/div>\n\t\t<\/div>\n\t\t\t\t<div class=\"elementor-column elementor-col-50 elementor-inner-column elementor-element elementor-element-6d734ca\" data-id=\"6d734ca\" data-element_type=\"column\">\n\t\t\t<div class=\"elementor-widget-wrap elementor-element-populated\">\n\t\t\t\t\t\t<div class=\"elementor-element elementor-element-56387502 animated-fast elementor-invisible elementor-widget elementor-widget-image\" data-id=\"56387502\" data-element_type=\"widget\" data-settings=\"{&quot;_animation&quot;:&quot;slideInRight&quot;,&quot;_animation_tablet&quot;:&quot;slideInLeft&quot;}\" data-widget_type=\"image.default\">\n\t\t\t\t<div class=\"elementor-widget-container\">\n\t\t\t\t\t\t\t\t\t\t\t\t\t<img decoding=\"async\" width=\"568\" height=\"700\" src=\"https:\/\/testit.uni.lu\/wp-content\/uploads\/2023\/07\/MicrosoftTeams-image-154.png\" class=\"attachment-large size-large wp-image-11310\" alt=\"\" srcset=\"https:\/\/testit.uni.lu\/wp-content\/uploads\/2023\/07\/MicrosoftTeams-image-154.png 568w, https:\/\/testit.uni.lu\/wp-content\/uploads\/2023\/07\/MicrosoftTeams-image-154-243x300.png 243w\" sizes=\"(max-width: 568px) 85vw, 568px\" \/>\t\t\t\t\t\t\t\t\t\t\t\t\t<\/div>\n\t\t\t\t<\/div>\n\t\t\t\t\t<\/div>\n\t\t<\/div>\n\t\t\t\t\t<\/div>\n\t\t<\/section>\n\t\t\t\t\t<\/div>\n\t\t<\/div>\n\t\t\t\t\t<\/div>\n\t\t<\/section>\n\t\t\t\t<section class=\"elementor-section elementor-top-section elementor-element elementor-element-603a14a elementor-section-boxed elementor-section-height-default elementor-section-height-default\" data-id=\"603a14a\" data-element_type=\"section\" data-settings=\"{&quot;jet_parallax_layout_list&quot;:[],&quot;background_background&quot;:&quot;classic&quot;}\">\n\t\t\t\t\t\t<div class=\"elementor-container elementor-column-gap-default\">\n\t\t\t\t\t<div class=\"elementor-column elementor-col-100 elementor-top-column elementor-element elementor-element-5ba8ced\" data-id=\"5ba8ced\" data-element_type=\"column\">\n\t\t\t<div class=\"elementor-widget-wrap elementor-element-populated\">\n\t\t\t\t\t\t<div class=\"elementor-element elementor-element-b1a454b elementor-widget elementor-widget-heading\" data-id=\"b1a454b\" data-element_type=\"widget\" data-widget_type=\"heading.default\">\n\t\t\t\t<div class=\"elementor-widget-container\">\n\t\t\t<h2 class=\"elementor-heading-title elementor-size-default\">Observe une IA danser sur de la musique!<\/h2>\t\t<\/div>\n\t\t\t\t<\/div>\n\t\t\t\t<div class=\"elementor-element elementor-element-14294ed elementor-widget elementor-widget-text-editor\" data-id=\"14294ed\" data-element_type=\"widget\" data-widget_type=\"text-editor.default\">\n\t\t\t\t<div class=\"elementor-widget-container\">\n\t\t\t\t\t\t\t<p>Pour cette exposition en 2022, nous avons entra\u00een\u00e9 un programme d\u2019IA \u00e0 \u00e9couter de la musique et \u00e0 g\u00e9n\u00e9rer des mouvements de danse pour accompagner cette musique. Les vid\u00e9os suivantes vous montrent deux exemples de mouvements de danse g\u00e9n\u00e9r\u00e9s par notre programme d\u2019IA pour deux styles de danse diff\u00e9rents: le ballet et le tango. <\/p>\n\t\t\t\t\t\t<\/div>\n\t\t\t\t<\/div>\n\t\t\t\t\t<\/div>\n\t\t<\/div>\n\t\t\t\t\t<\/div>\n\t\t<\/section>\n\t\t\t\t<section class=\"elementor-section elementor-top-section elementor-element elementor-element-f0972d5 elementor-section-boxed elementor-section-height-default elementor-section-height-default\" data-id=\"f0972d5\" data-element_type=\"section\" data-settings=\"{&quot;jet_parallax_layout_list&quot;:[],&quot;background_background&quot;:&quot;classic&quot;}\">\n\t\t\t\t\t\t<div class=\"elementor-container elementor-column-gap-default\">\n\t\t\t\t\t<div class=\"elementor-column elementor-col-50 elementor-top-column elementor-element elementor-element-a1d4048\" data-id=\"a1d4048\" data-element_type=\"column\">\n\t\t\t<div class=\"elementor-widget-wrap elementor-element-populated\">\n\t\t\t\t\t\t<div class=\"elementor-element elementor-element-00e7e12 elementor-widget elementor-widget-video\" data-id=\"00e7e12\" data-element_type=\"widget\" data-settings=\"{&quot;video_type&quot;:&quot;hosted&quot;,&quot;controls&quot;:&quot;yes&quot;}\" data-widget_type=\"video.default\">\n\t\t\t\t<div class=\"elementor-widget-container\">\n\t\t\t\t\t<div class=\"e-hosted-video elementor-wrapper elementor-open-inline\">\n\t\t\t\t\t<video class=\"elementor-video\" src=\"https:\/\/testit.uni.lu\/wp-content\/uploads\/2023\/07\/Tango-Workshop1-video-converter.com_.mp4\" controls=\"\" preload=\"metadata\" controlsList=\"nodownload\"><\/video>\n\t\t\t\t<\/div>\n\t\t\t\t<\/div>\n\t\t\t\t<\/div>\n\t\t\t\t\t<\/div>\n\t\t<\/div>\n\t\t\t\t<div class=\"elementor-column elementor-col-50 elementor-top-column elementor-element elementor-element-15e060d\" data-id=\"15e060d\" data-element_type=\"column\">\n\t\t\t<div class=\"elementor-widget-wrap elementor-element-populated\">\n\t\t\t\t\t\t<div class=\"elementor-element elementor-element-eb3ba26 elementor-widget elementor-widget-video\" data-id=\"eb3ba26\" data-element_type=\"widget\" data-settings=\"{&quot;video_type&quot;:&quot;hosted&quot;,&quot;controls&quot;:&quot;yes&quot;}\" data-widget_type=\"video.default\">\n\t\t\t\t<div class=\"elementor-widget-container\">\n\t\t\t\t\t<div class=\"e-hosted-video elementor-wrapper elementor-open-inline\">\n\t\t\t\t\t<video class=\"elementor-video\" src=\"https:\/\/testit.uni.lu\/wp-content\/uploads\/2023\/07\/AI-DANCER-Ballet-video-converter.com_.mp4\" controls=\"\" preload=\"metadata\" controlsList=\"nodownload\"><\/video>\n\t\t\t\t<\/div>\n\t\t\t\t<\/div>\n\t\t\t\t<\/div>\n\t\t\t\t\t<\/div>\n\t\t<\/div>\n\t\t\t\t\t<\/div>\n\t\t<\/section>\n\t\t\t\t<section class=\"elementor-section elementor-top-section elementor-element elementor-element-8656b53 elementor-section-boxed elementor-section-height-default elementor-section-height-default\" data-id=\"8656b53\" data-element_type=\"section\" data-settings=\"{&quot;jet_parallax_layout_list&quot;:[],&quot;background_background&quot;:&quot;classic&quot;}\">\n\t\t\t\t\t\t<div class=\"elementor-container elementor-column-gap-default\">\n\t\t\t\t\t<div class=\"elementor-column elementor-col-100 elementor-top-column elementor-element elementor-element-265c8f0\" data-id=\"265c8f0\" data-element_type=\"column\">\n\t\t\t<div class=\"elementor-widget-wrap elementor-element-populated\">\n\t\t\t\t\t\t<div class=\"elementor-element elementor-element-844e79f elementor-widget elementor-widget-text-editor\" data-id=\"844e79f\" data-element_type=\"widget\" data-widget_type=\"text-editor.default\">\n\t\t\t\t<div class=\"elementor-widget-container\">\n\t\t\t\t\t\t\t<p>Ces vid\u00e9os montrent les r\u00e9sultats d&rsquo;une intelligence artificielle qui a \u00e9t\u00e9 entrain\u00e9e sur 71 heures de s\u00e9quences de clips de danse avec de la musique. Les poses de danse sont d\u00e9finies par 14 points cl\u00e9s (articulations des bras et des jambes, \u00e9paules, &#8230;) formant un squelette repr\u00e9sentant les mouvements de danse. L&rsquo;IA choisit une s\u00e9rie de mouvements de danse qui correspondent le mieux \u00e0 la musique, sur la base des donn\u00e9es d&rsquo;entra\u00eenement sur lesquelles le programme a appris.  <\/p>\n\t\t\t\t\t\t<\/div>\n\t\t\t\t<\/div>\n\t\t\t\t\t<\/div>\n\t\t<\/div>\n\t\t\t\t\t<\/div>\n\t\t<\/section>\n\t\t\t\t<section class=\"elementor-section elementor-top-section elementor-element elementor-element-ca74451 elementor-section-boxed elementor-section-height-default elementor-section-height-default\" data-id=\"ca74451\" data-element_type=\"section\" data-settings=\"{&quot;jet_parallax_layout_list&quot;:[],&quot;background_background&quot;:&quot;classic&quot;}\">\n\t\t\t\t\t\t<div class=\"elementor-container elementor-column-gap-default\">\n\t\t\t\t\t<div class=\"elementor-column elementor-col-100 elementor-top-column elementor-element elementor-element-75efa15\" data-id=\"75efa15\" data-element_type=\"column\">\n\t\t\t<div class=\"elementor-widget-wrap elementor-element-populated\">\n\t\t\t\t\t\t<div class=\"elementor-element elementor-element-590d31e elementor-widget elementor-widget-heading\" data-id=\"590d31e\" data-element_type=\"widget\" data-widget_type=\"heading.default\">\n\t\t\t\t<div class=\"elementor-widget-container\">\n\t\t\t<h2 class=\"elementor-heading-title elementor-size-default\">Les difficult\u00e9es de ce projet<\/h2>\t\t<\/div>\n\t\t\t\t<\/div>\n\t\t\t\t<div class=\"elementor-element elementor-element-4ee867c elementor-widget elementor-widget-text-editor\" data-id=\"4ee867c\" data-element_type=\"widget\" data-widget_type=\"text-editor.default\">\n\t\t\t\t<div class=\"elementor-widget-container\">\n\t\t\t\t\t\t\t<p>Au cours du projet, de nombreux d\u00e9fis ont \u00e9t\u00e9 relev\u00e9s pour permettre \u00e0 l&rsquo;IA de comprendre les mouvements de danse et de les adapter \u00e0 la musique. En particulier pour les mouvements de danse les plus complexes, l&rsquo;IA a eu du mal \u00e0 faire correspondre le squelette aux mouvements de danse. Regardez la vid\u00e9o suivante, \u00e0 gauche, qui montre une vid\u00e9o d&rsquo;entra\u00eenement d&rsquo;un danseur de ballet et les r\u00e9sultats de l&rsquo;intelligence artificielle. Les images de droite montrent deux images de poses de danse difficiles.   <\/p>\n\t\t\t\t\t\t<\/div>\n\t\t\t\t<\/div>\n\t\t\t\t\t<\/div>\n\t\t<\/div>\n\t\t\t\t\t<\/div>\n\t\t<\/section>\n\t\t\t\t<section class=\"elementor-section elementor-top-section elementor-element elementor-element-a629c44 elementor-section-content-middle elementor-section-boxed elementor-section-height-default elementor-section-height-default\" data-id=\"a629c44\" data-element_type=\"section\" data-settings=\"{&quot;jet_parallax_layout_list&quot;:[],&quot;background_background&quot;:&quot;classic&quot;}\">\n\t\t\t\t\t\t<div class=\"elementor-container elementor-column-gap-default\">\n\t\t\t\t\t<div class=\"elementor-column elementor-col-50 elementor-top-column elementor-element elementor-element-6746650\" data-id=\"6746650\" data-element_type=\"column\">\n\t\t\t<div class=\"elementor-widget-wrap elementor-element-populated\">\n\t\t\t\t\t\t<div class=\"elementor-element elementor-element-2007288 elementor-widget elementor-widget-video\" data-id=\"2007288\" data-element_type=\"widget\" data-settings=\"{&quot;video_type&quot;:&quot;hosted&quot;,&quot;controls&quot;:&quot;yes&quot;}\" data-widget_type=\"video.default\">\n\t\t\t\t<div class=\"elementor-widget-container\">\n\t\t\t\t\t<div class=\"e-hosted-video elementor-wrapper elementor-open-inline\">\n\t\t\t\t\t<video class=\"elementor-video\" src=\"https:\/\/testit.uni.lu\/wp-content\/uploads\/2023\/07\/Dance-and-AI-2.mp4\" controls=\"\" preload=\"metadata\" controlsList=\"nodownload\"><\/video>\n\t\t\t\t<\/div>\n\t\t\t\t<\/div>\n\t\t\t\t<\/div>\n\t\t\t\t\t<\/div>\n\t\t<\/div>\n\t\t\t\t<div class=\"elementor-column elementor-col-50 elementor-top-column elementor-element elementor-element-460575a\" data-id=\"460575a\" data-element_type=\"column\">\n\t\t\t<div class=\"elementor-widget-wrap elementor-element-populated\">\n\t\t\t\t\t\t<section class=\"elementor-section elementor-inner-section elementor-element elementor-element-161f634 elementor-section-content-bottom elementor-section-boxed elementor-section-height-default elementor-section-height-default\" data-id=\"161f634\" data-element_type=\"section\" data-settings=\"{&quot;jet_parallax_layout_list&quot;:[]}\">\n\t\t\t\t\t\t<div class=\"elementor-container elementor-column-gap-default\">\n\t\t\t\t\t<div class=\"elementor-column elementor-col-50 elementor-inner-column elementor-element elementor-element-8635e87\" data-id=\"8635e87\" data-element_type=\"column\">\n\t\t\t<div class=\"elementor-widget-wrap elementor-element-populated\">\n\t\t\t\t\t\t<div class=\"elementor-element elementor-element-395c95c elementor-widget elementor-widget-image\" data-id=\"395c95c\" data-element_type=\"widget\" data-widget_type=\"image.default\">\n\t\t\t\t<div class=\"elementor-widget-container\">\n\t\t\t\t\t\t\t\t\t\t\t\t\t<img decoding=\"async\" width=\"258\" height=\"365\" src=\"https:\/\/testit.uni.lu\/wp-content\/uploads\/2024\/07\/challenge1.png\" class=\"attachment-large size-large wp-image-16857\" alt=\"\" srcset=\"https:\/\/testit.uni.lu\/wp-content\/uploads\/2024\/07\/challenge1.png 258w, https:\/\/testit.uni.lu\/wp-content\/uploads\/2024\/07\/challenge1-212x300.png 212w\" sizes=\"(max-width: 258px) 85vw, 258px\" \/>\t\t\t\t\t\t\t\t\t\t\t\t\t<\/div>\n\t\t\t\t<\/div>\n\t\t\t\t<div class=\"elementor-element elementor-element-eb7d1a3 elementor-widget elementor-widget-text-editor\" data-id=\"eb7d1a3\" data-element_type=\"widget\" data-widget_type=\"text-editor.default\">\n\t\t\t\t<div class=\"elementor-widget-container\">\n\t\t\t\t\t\t\t<p>La jambe gauche de la danseuse est soulev\u00e9e derri\u00e8re son corps et donc invisible, ce qui emp\u00eache de d\u00e9finir correctement le squelette.<\/p>\n\t\t\t\t\t\t<\/div>\n\t\t\t\t<\/div>\n\t\t\t\t\t<\/div>\n\t\t<\/div>\n\t\t\t\t<div class=\"elementor-column elementor-col-50 elementor-inner-column elementor-element elementor-element-c49a7a3\" data-id=\"c49a7a3\" data-element_type=\"column\">\n\t\t\t<div class=\"elementor-widget-wrap elementor-element-populated\">\n\t\t\t\t\t\t<div class=\"elementor-element elementor-element-9b13c88 elementor-widget elementor-widget-image\" data-id=\"9b13c88\" data-element_type=\"widget\" data-widget_type=\"image.default\">\n\t\t\t\t<div class=\"elementor-widget-container\">\n\t\t\t\t\t\t\t\t\t\t\t\t\t<img loading=\"lazy\" decoding=\"async\" width=\"374\" height=\"321\" src=\"https:\/\/testit.uni.lu\/wp-content\/uploads\/2024\/07\/challenge3.png\" class=\"attachment-large size-large wp-image-16863\" alt=\"\" srcset=\"https:\/\/testit.uni.lu\/wp-content\/uploads\/2024\/07\/challenge3.png 374w, https:\/\/testit.uni.lu\/wp-content\/uploads\/2024\/07\/challenge3-300x257.png 300w\" sizes=\"(max-width: 374px) 85vw, 374px\" \/>\t\t\t\t\t\t\t\t\t\t\t\t\t<\/div>\n\t\t\t\t<\/div>\n\t\t\t\t<div class=\"elementor-element elementor-element-69e9911 elementor-widget elementor-widget-text-editor\" data-id=\"69e9911\" data-element_type=\"widget\" data-widget_type=\"text-editor.default\">\n\t\t\t\t<div class=\"elementor-widget-container\">\n\t\t\t\t\t\t\t<p>Une pose plus complexe, comme celle pr\u00e9sent\u00e9e ci-dessus, pose des probl\u00e8mes \u00e0 l&rsquo;IA pour relier correctement les points cl\u00e9s du squelette au danseur.<\/p>\n\t\t\t\t\t\t<\/div>\n\t\t\t\t<\/div>\n\t\t\t\t\t<\/div>\n\t\t<\/div>\n\t\t\t\t\t<\/div>\n\t\t<\/section>\n\t\t\t\t\t<\/div>\n\t\t<\/div>\n\t\t\t\t\t<\/div>\n\t\t<\/section>\n\t\t\t\t<section class=\"elementor-section elementor-top-section elementor-element elementor-element-6e73780 elementor-section-boxed elementor-section-height-default elementor-section-height-default\" data-id=\"6e73780\" data-element_type=\"section\" data-settings=\"{&quot;jet_parallax_layout_list&quot;:[],&quot;background_background&quot;:&quot;classic&quot;}\">\n\t\t\t\t\t\t<div class=\"elementor-container elementor-column-gap-default\">\n\t\t\t\t\t<div class=\"elementor-column elementor-col-100 elementor-top-column elementor-element elementor-element-449463f\" data-id=\"449463f\" data-element_type=\"column\">\n\t\t\t<div class=\"elementor-widget-wrap elementor-element-populated\">\n\t\t\t\t\t\t<div class=\"elementor-element elementor-element-08b0b9a elementor-widget elementor-widget-heading\" data-id=\"08b0b9a\" data-element_type=\"widget\" data-widget_type=\"heading.default\">\n\t\t\t\t<div class=\"elementor-widget-container\">\n\t\t\t<h2 class=\"elementor-heading-title elementor-size-default\">Notre id\u00e9e pour une prochaine \u00e9tape<\/h2>\t\t<\/div>\n\t\t\t\t<\/div>\n\t\t\t\t<div class=\"elementor-element elementor-element-c70fe2d elementor-widget elementor-widget-text-editor\" data-id=\"c70fe2d\" data-element_type=\"widget\" data-widget_type=\"text-editor.default\">\n\t\t\t\t<div class=\"elementor-widget-container\">\n\t\t\t\t\t\t\t<p>Une id\u00e9e compl\u00e9mentaire \u00e0 ces danses automatis\u00e9es \u00e9tait de faire danser un robot semi-humano\u00efde. Pepper est le premier robot semi-humano\u00efde social fabriqu\u00e9 par SoftBank Robotics, capable de reconna\u00eetre les visages et les \u00e9motions humaines de base. Pepper a \u00e9t\u00e9 optimis\u00e9 pour l\u2019interaction humaine et est capable d\u2019interagir avec les gens gr\u00e2ce \u00e0 la conversation et \u00e0 son \u00e9cran tactile. Les caract\u00e9ristiques physiques et interactives de Pepper nous ont incit\u00e9s \u00e0 concevoir pour lui une s\u00e9quence de danse classique de base et \u00e0 exp\u00e9rimenter l\u2019interaction homme-robot par le biais de la danse. Regardez les chor\u00e9graphies de danse utilisant le robot Pepper dans la vid\u00e9o suivante.  <\/p>\n\t\t\t\t\t\t<\/div>\n\t\t\t\t<\/div>\n\t\t\t\t\t<\/div>\n\t\t<\/div>\n\t\t\t\t\t<\/div>\n\t\t<\/section>\n\t\t\t\t<section class=\"elementor-section elementor-top-section elementor-element elementor-element-0c4302e elementor-section-boxed elementor-section-height-default elementor-section-height-default\" data-id=\"0c4302e\" data-element_type=\"section\" data-settings=\"{&quot;jet_parallax_layout_list&quot;:[],&quot;background_background&quot;:&quot;classic&quot;}\">\n\t\t\t\t\t\t<div class=\"elementor-container elementor-column-gap-default\">\n\t\t\t\t\t<div class=\"elementor-column elementor-col-100 elementor-top-column elementor-element elementor-element-42220a5\" data-id=\"42220a5\" data-element_type=\"column\">\n\t\t\t<div class=\"elementor-widget-wrap elementor-element-populated\">\n\t\t\t\t\t\t<div class=\"elementor-element elementor-element-e1887fc elementor-widget elementor-widget-heading\" data-id=\"e1887fc\" data-element_type=\"widget\" data-widget_type=\"heading.default\">\n\t\t\t\t<div class=\"elementor-widget-container\">\n\t\t\t<h2 class=\"elementor-heading-title elementor-size-default\">La vid\u00e9o ne provient pas de notre projet, mais d'une autre entreprise!<\/h2>\t\t<\/div>\n\t\t\t\t<\/div>\n\t\t\t\t<div class=\"elementor-element elementor-element-55923a5 elementor-widget elementor-widget-video\" data-id=\"55923a5\" data-element_type=\"widget\" data-settings=\"{&quot;youtube_url&quot;:&quot;https:\\\/\\\/www.youtube.com\\\/watch?v=fndpS3Ak_WU&quot;,&quot;video_type&quot;:&quot;youtube&quot;,&quot;controls&quot;:&quot;yes&quot;}\" data-widget_type=\"video.default\">\n\t\t\t\t<div class=\"elementor-widget-container\">\n\t\t\t\t\t<div class=\"elementor-wrapper elementor-open-inline\">\n\t\t\t<div class=\"elementor-video\"><\/div>\t\t<\/div>\n\t\t\t\t<\/div>\n\t\t\t\t<\/div>\n\t\t\t\t\t<\/div>\n\t\t<\/div>\n\t\t\t\t\t<\/div>\n\t\t<\/section>\n\t\t\t\t<\/div>\n\t\t","protected":false},"excerpt":{"rendered":"<p>Danse et IA Al ROBOLAB @University of Luxembourg | N. Shojaee, B. Antico |2022 Observe une IA danser sur de la musique! Pour cette exposition en 2022, nous avons entra\u00een\u00e9 un programme d\u2019IA \u00e0 \u00e9couter de la musique et \u00e0 g\u00e9n\u00e9rer des mouvements de danse pour accompagner cette musique. Les vid\u00e9os suivantes vous montrent deux &hellip; <a href=\"https:\/\/testit.uni.lu\/fr\/exposition\/danse-et-ia\/\" class=\"more-link\">Continuer la lecture<span class=\"screen-reader-text\"> de &laquo;&nbsp;Danse et IA&nbsp;&raquo;<\/span><\/a><\/p>\n","protected":false},"author":1486,"featured_media":0,"parent":14377,"menu_order":0,"comment_status":"closed","ping_status":"closed","template":"elementor_header_footer","meta":{"iawp_total_views":20,"footnotes":""},"class_list":["post-17862","page","type-page","status-publish","hentry"],"_links":{"self":[{"href":"https:\/\/testit.uni.lu\/fr\/wp-json\/wp\/v2\/pages\/17862","targetHints":{"allow":["GET"]}}],"collection":[{"href":"https:\/\/testit.uni.lu\/fr\/wp-json\/wp\/v2\/pages"}],"about":[{"href":"https:\/\/testit.uni.lu\/fr\/wp-json\/wp\/v2\/types\/page"}],"author":[{"embeddable":true,"href":"https:\/\/testit.uni.lu\/fr\/wp-json\/wp\/v2\/users\/1486"}],"replies":[{"embeddable":true,"href":"https:\/\/testit.uni.lu\/fr\/wp-json\/wp\/v2\/comments?post=17862"}],"version-history":[{"count":14,"href":"https:\/\/testit.uni.lu\/fr\/wp-json\/wp\/v2\/pages\/17862\/revisions"}],"predecessor-version":[{"id":22996,"href":"https:\/\/testit.uni.lu\/fr\/wp-json\/wp\/v2\/pages\/17862\/revisions\/22996"}],"up":[{"embeddable":true,"href":"https:\/\/testit.uni.lu\/fr\/wp-json\/wp\/v2\/pages\/14377"}],"wp:attachment":[{"href":"https:\/\/testit.uni.lu\/fr\/wp-json\/wp\/v2\/media?parent=17862"}],"curies":[{"name":"wp","href":"https:\/\/api.w.org\/{rel}","templated":true}]}}