{"id":17845,"date":"2024-07-17T07:53:05","date_gmt":"2024-07-17T05:53:05","guid":{"rendered":"https:\/\/testit\/exposition\/initiation-2\/"},"modified":"2025-08-19T15:41:35","modified_gmt":"2025-08-19T13:41:35","slug":"initiation","status":"publish","type":"page","link":"https:\/\/testit.uni.lu\/fr\/exposition\/initiation\/","title":{"rendered":"Initiation"},"content":{"rendered":"\t\t<div data-elementor-type=\"wp-page\" data-elementor-id=\"17845\" class=\"elementor elementor-17845 elementor-16869\" data-elementor-post-type=\"page\">\n\t\t\t\t\t\t<section class=\"elementor-section elementor-top-section elementor-element elementor-element-e4ffa79 elementor-section-content-bottom elementor-section-stretched elementor-section-boxed elementor-section-height-default elementor-section-height-default\" data-id=\"e4ffa79\" data-element_type=\"section\" data-settings=\"{&quot;jet_parallax_layout_list&quot;:[],&quot;background_background&quot;:&quot;classic&quot;,&quot;stretch_section&quot;:&quot;section-stretched&quot;}\">\n\t\t\t\t\t\t<div class=\"elementor-container elementor-column-gap-default\">\n\t\t\t\t\t<div class=\"elementor-column elementor-col-50 elementor-top-column elementor-element elementor-element-125be1b\" data-id=\"125be1b\" data-element_type=\"column\">\n\t\t\t<div class=\"elementor-widget-wrap elementor-element-populated\">\n\t\t\t\t\t\t<div class=\"elementor-element elementor-element-5f96ae2 elementor-widget elementor-widget-heading\" data-id=\"5f96ae2\" data-element_type=\"widget\" data-widget_type=\"heading.default\">\n\t\t\t\t<div class=\"elementor-widget-container\">\n\t\t\t<h2 class=\"elementor-heading-title elementor-size-default\">Initiation<\/h2>\t\t<\/div>\n\t\t\t\t<\/div>\n\t\t\t\t<div class=\"elementor-element elementor-element-0e840f3 elementor-widget elementor-widget-text-editor\" data-id=\"0e840f3\" data-element_type=\"widget\" data-widget_type=\"text-editor.default\">\n\t\t\t\t<div class=\"elementor-widget-container\">\n\t\t\t\t\t\t\t<p>Al ROBOLAB @University of Luxembourg | D. Gareev, O. Glassl | 2022<\/p>\n\t\t\t\t\t\t<\/div>\n\t\t\t\t<\/div>\n\t\t\t\t\t<\/div>\n\t\t<\/div>\n\t\t\t\t<div class=\"elementor-column elementor-col-50 elementor-top-column elementor-element elementor-element-d60a694\" data-id=\"d60a694\" data-element_type=\"column\">\n\t\t\t<div class=\"elementor-widget-wrap elementor-element-populated\">\n\t\t\t\t\t\t<section class=\"elementor-section elementor-inner-section elementor-element elementor-element-f6700f8 elementor-section-boxed elementor-section-height-default elementor-section-height-default\" data-id=\"f6700f8\" data-element_type=\"section\" data-settings=\"{&quot;jet_parallax_layout_list&quot;:[]}\">\n\t\t\t\t\t\t<div class=\"elementor-container elementor-column-gap-no\">\n\t\t\t\t\t<div class=\"elementor-column elementor-col-50 elementor-inner-column elementor-element elementor-element-fda6661\" data-id=\"fda6661\" data-element_type=\"column\">\n\t\t\t<div class=\"elementor-widget-wrap elementor-element-populated\">\n\t\t\t\t\t\t<div class=\"elementor-element elementor-element-69a6060 animated-fast elementor-invisible elementor-widget elementor-widget-image\" data-id=\"69a6060\" data-element_type=\"widget\" data-settings=\"{&quot;_animation&quot;:&quot;slideInDown&quot;,&quot;_animation_tablet&quot;:&quot;slideInRight&quot;}\" data-widget_type=\"image.default\">\n\t\t\t\t<div class=\"elementor-widget-container\">\n\t\t\t\t\t\t\t\t\t\t\t\t\t<img fetchpriority=\"high\" decoding=\"async\" width=\"666\" height=\"1024\" src=\"https:\/\/testit.uni.lu\/wp-content\/uploads\/2023\/07\/posters-666x1024.png\" class=\"attachment-large size-large wp-image-11546\" alt=\"\" srcset=\"https:\/\/testit.uni.lu\/wp-content\/uploads\/2023\/07\/posters-666x1024.png 666w, https:\/\/testit.uni.lu\/wp-content\/uploads\/2023\/07\/posters-195x300.png 195w, https:\/\/testit.uni.lu\/wp-content\/uploads\/2023\/07\/posters.png 700w\" sizes=\"(max-width: 666px) 85vw, 666px\" \/>\t\t\t\t\t\t\t\t\t\t\t\t\t<\/div>\n\t\t\t\t<\/div>\n\t\t\t\t\t<\/div>\n\t\t<\/div>\n\t\t\t\t<div class=\"elementor-column elementor-col-50 elementor-inner-column elementor-element elementor-element-5baafd6\" data-id=\"5baafd6\" data-element_type=\"column\">\n\t\t\t<div class=\"elementor-widget-wrap elementor-element-populated\">\n\t\t\t\t\t\t<div class=\"elementor-element elementor-element-56387502 animated-fast elementor-invisible elementor-widget elementor-widget-image\" data-id=\"56387502\" data-element_type=\"widget\" data-settings=\"{&quot;_animation&quot;:&quot;slideInRight&quot;,&quot;_animation_tablet&quot;:&quot;slideInLeft&quot;}\" data-widget_type=\"image.default\">\n\t\t\t\t<div class=\"elementor-widget-container\">\n\t\t\t\t\t\t\t\t\t\t\t\t\t<img decoding=\"async\" width=\"568\" height=\"700\" src=\"https:\/\/testit.uni.lu\/wp-content\/uploads\/2023\/07\/\u0446\u0443\u0443\u0443.png\" class=\"attachment-large size-large wp-image-11549\" alt=\"\" srcset=\"https:\/\/testit.uni.lu\/wp-content\/uploads\/2023\/07\/\u0446\u0443\u0443\u0443.png 568w, https:\/\/testit.uni.lu\/wp-content\/uploads\/2023\/07\/\u0446\u0443\u0443\u0443-243x300.png 243w\" sizes=\"(max-width: 568px) 85vw, 568px\" \/>\t\t\t\t\t\t\t\t\t\t\t\t\t<\/div>\n\t\t\t\t<\/div>\n\t\t\t\t\t<\/div>\n\t\t<\/div>\n\t\t\t\t\t<\/div>\n\t\t<\/section>\n\t\t\t\t\t<\/div>\n\t\t<\/div>\n\t\t\t\t\t<\/div>\n\t\t<\/section>\n\t\t\t\t<section class=\"elementor-section elementor-top-section elementor-element elementor-element-9b8517a elementor-section-boxed elementor-section-height-default elementor-section-height-default\" data-id=\"9b8517a\" data-element_type=\"section\" data-settings=\"{&quot;jet_parallax_layout_list&quot;:[],&quot;background_background&quot;:&quot;classic&quot;}\">\n\t\t\t\t\t\t<div class=\"elementor-container elementor-column-gap-default\">\n\t\t\t\t\t<div class=\"elementor-column elementor-col-100 elementor-top-column elementor-element elementor-element-dbbaafa\" data-id=\"dbbaafa\" data-element_type=\"column\">\n\t\t\t<div class=\"elementor-widget-wrap elementor-element-populated\">\n\t\t\t\t\t\t<div class=\"elementor-element elementor-element-1ca84a9 elementor-widget elementor-widget-text-editor\" data-id=\"1ca84a9\" data-element_type=\"widget\" data-widget_type=\"text-editor.default\">\n\t\t\t\t<div class=\"elementor-widget-container\">\n\t\t\t\t\t\t\t<p>Initiation est une chanson de 2022 du ThalamusProject, un groupe \u00e9lectroacoustique bas\u00e9 au Luxembourg <a href=\"http:\/\/www.thalamusproject.com\/\">(http:\/\/www.thalamusproject.com\/)<\/a>. Pour la vid\u00e9o d\u2019Initiation, nous avons utilis\u00e9 l\u2019intelligence artificielle et l\u2019apprentissage automatique pour cr\u00e9er une vision cin\u00e9matographique de la chanson \u00e0 partir de \u00ab l\u2019\u0153il de l\u2019esprit \u00bb d\u2019une IA. Pour ce faire, nous avons entra\u00een\u00e9 l\u2019IA sur des milliers d\u2019images de paysages, d\u2019\u0153uvres d\u2019art et de photographies qui illustrent les significations conceptuelles des paroles de la chanson. Le film r\u00e9sultant est un voyage \u00e9pique mais intime \u00e0 travers ces concepts imagin\u00e9s par l\u2019intelligence artificielle.    D\u00e9couvre la premi\u00e8re partie de la vid\u00e9o repr\u00e9sentant les premi\u00e8res paroles de la chanson :<\/p>\n\t\t\t\t\t\t<\/div>\n\t\t\t\t<\/div>\n\t\t\t\t\t<\/div>\n\t\t<\/div>\n\t\t\t\t\t<\/div>\n\t\t<\/section>\n\t\t\t\t<section class=\"elementor-section elementor-top-section elementor-element elementor-element-fbbf333 elementor-section-boxed elementor-section-height-default elementor-section-height-default\" data-id=\"fbbf333\" data-element_type=\"section\" data-settings=\"{&quot;jet_parallax_layout_list&quot;:[],&quot;background_background&quot;:&quot;classic&quot;}\">\n\t\t\t\t\t\t<div class=\"elementor-container elementor-column-gap-default\">\n\t\t\t\t\t<div class=\"elementor-column elementor-col-100 elementor-top-column elementor-element elementor-element-1ba6b28\" data-id=\"1ba6b28\" data-element_type=\"column\">\n\t\t\t<div class=\"elementor-widget-wrap elementor-element-populated\">\n\t\t\t\t\t\t<div class=\"elementor-element elementor-element-865ab1b elementor-widget elementor-widget-heading\" data-id=\"865ab1b\" data-element_type=\"widget\" data-widget_type=\"heading.default\">\n\t\t\t\t<div class=\"elementor-widget-container\">\n\t\t\t<h2 class=\"elementor-heading-title elementor-size-default\">\"The first ray of light\" (Le premier rayon de lumi\u00e8re)<\/h2>\t\t<\/div>\n\t\t\t\t<\/div>\n\t\t\t\t\t<\/div>\n\t\t<\/div>\n\t\t\t\t\t<\/div>\n\t\t<\/section>\n\t\t\t\t<section class=\"elementor-section elementor-top-section elementor-element elementor-element-bdc91f3 elementor-section-boxed elementor-section-height-default elementor-section-height-default\" data-id=\"bdc91f3\" data-element_type=\"section\" data-settings=\"{&quot;jet_parallax_layout_list&quot;:[],&quot;background_background&quot;:&quot;classic&quot;}\">\n\t\t\t\t\t\t<div class=\"elementor-container elementor-column-gap-default\">\n\t\t\t\t\t<div class=\"elementor-column elementor-col-50 elementor-top-column elementor-element elementor-element-4307cb1\" data-id=\"4307cb1\" data-element_type=\"column\">\n\t\t\t<div class=\"elementor-widget-wrap elementor-element-populated\">\n\t\t\t\t\t\t<div class=\"elementor-element elementor-element-c8637d5 elementor-widget elementor-widget-video\" data-id=\"c8637d5\" data-element_type=\"widget\" data-settings=\"{&quot;video_type&quot;:&quot;hosted&quot;,&quot;controls&quot;:&quot;yes&quot;}\" data-widget_type=\"video.default\">\n\t\t\t\t<div class=\"elementor-widget-container\">\n\t\t\t\t\t<div class=\"e-hosted-video elementor-wrapper elementor-open-inline\">\n\t\t\t\t\t<video class=\"elementor-video\" src=\"https:\/\/testit.uni.lu\/wp-content\/uploads\/2023\/07\/1-1.mp4\" controls=\"\" preload=\"metadata\" controlsList=\"nodownload\"><\/video>\n\t\t\t\t<\/div>\n\t\t\t\t<\/div>\n\t\t\t\t<\/div>\n\t\t\t\t\t<\/div>\n\t\t<\/div>\n\t\t\t\t<div class=\"elementor-column elementor-col-50 elementor-top-column elementor-element elementor-element-bba9e97\" data-id=\"bba9e97\" data-element_type=\"column\">\n\t\t\t<div class=\"elementor-widget-wrap elementor-element-populated\">\n\t\t\t\t\t\t<div class=\"elementor-element elementor-element-2d00fa3 elementor-widget elementor-widget-text-editor\" data-id=\"2d00fa3\" data-element_type=\"widget\" data-widget_type=\"text-editor.default\">\n\t\t\t\t<div class=\"elementor-widget-container\">\n\t\t\t\t\t\t\t<p>Cette vid\u00e9o montre la premi\u00e8re partie de la vid\u00e9o, qui fait r\u00e9f\u00e9rence aux premi\u00e8res paroles \u00ab the first ray of light \u00bb (le premier rayon de lumi\u00e8re). Elle est g\u00e9n\u00e9r\u00e9e par notre IA, qui a appris \u00e0 partir des r\u00e9sultats de recherche d\u2019images pour \u00ab rayon de lumi\u00e8re \u00bb et qui a combin\u00e9 ces images en une vid\u00e9o homog\u00e8ne. Un extrait de ces images est visible ci-dessous.  <\/p>\n\t\t\t\t\t\t<\/div>\n\t\t\t\t<\/div>\n\t\t\t\t<div class=\"elementor-element elementor-element-71fdce8 elementor-widget elementor-widget-image\" data-id=\"71fdce8\" data-element_type=\"widget\" data-widget_type=\"image.default\">\n\t\t\t\t<div class=\"elementor-widget-container\">\n\t\t\t\t\t\t\t\t\t\t\t\t\t<img decoding=\"async\" width=\"1095\" height=\"625\" src=\"https:\/\/testit.uni.lu\/wp-content\/uploads\/2023\/07\/st3.png\" class=\"attachment-full size-full wp-image-11617\" alt=\"\" srcset=\"https:\/\/testit.uni.lu\/wp-content\/uploads\/2023\/07\/st3.png 1095w, https:\/\/testit.uni.lu\/wp-content\/uploads\/2023\/07\/st3-300x171.png 300w, https:\/\/testit.uni.lu\/wp-content\/uploads\/2023\/07\/st3-1024x584.png 1024w, https:\/\/testit.uni.lu\/wp-content\/uploads\/2023\/07\/st3-768x438.png 768w\" sizes=\"(max-width: 709px) 85vw, (max-width: 909px) 67vw, (max-width: 1362px) 62vw, 840px\" \/>\t\t\t\t\t\t\t\t\t\t\t\t\t<\/div>\n\t\t\t\t<\/div>\n\t\t\t\t\t<\/div>\n\t\t<\/div>\n\t\t\t\t\t<\/div>\n\t\t<\/section>\n\t\t\t\t<section class=\"elementor-section elementor-top-section elementor-element elementor-element-69df2d4 elementor-section-boxed elementor-section-height-default elementor-section-height-default\" data-id=\"69df2d4\" data-element_type=\"section\" data-settings=\"{&quot;jet_parallax_layout_list&quot;:[],&quot;background_background&quot;:&quot;classic&quot;}\">\n\t\t\t\t\t\t<div class=\"elementor-container elementor-column-gap-default\">\n\t\t\t\t\t<div class=\"elementor-column elementor-col-100 elementor-top-column elementor-element elementor-element-6a49661\" data-id=\"6a49661\" data-element_type=\"column\">\n\t\t\t<div class=\"elementor-widget-wrap elementor-element-populated\">\n\t\t\t\t\t\t<div class=\"elementor-element elementor-element-5c1cb9c elementor-widget elementor-widget-heading\" data-id=\"5c1cb9c\" data-element_type=\"widget\" data-widget_type=\"heading.default\">\n\t\t\t\t<div class=\"elementor-widget-container\">\n\t\t\t<h2 class=\"elementor-heading-title elementor-size-default\">La vid\u00e9o compl\u00e8te est disponible ici :<\/h2>\t\t<\/div>\n\t\t\t\t<\/div>\n\t\t\t\t<div class=\"elementor-element elementor-element-19b7474 elementor-widget elementor-widget-video\" data-id=\"19b7474\" data-element_type=\"widget\" data-settings=\"{&quot;youtube_url&quot;:&quot;https:\\\/\\\/www.youtube.com\\\/watch?v=_JVv8CtXVKA&quot;,&quot;video_type&quot;:&quot;youtube&quot;,&quot;controls&quot;:&quot;yes&quot;}\" data-widget_type=\"video.default\">\n\t\t\t\t<div class=\"elementor-widget-container\">\n\t\t\t\t\t<div class=\"elementor-wrapper elementor-open-inline\">\n\t\t\t<div class=\"elementor-video\"><\/div>\t\t<\/div>\n\t\t\t\t<\/div>\n\t\t\t\t<\/div>\n\t\t\t\t\t<\/div>\n\t\t<\/div>\n\t\t\t\t\t<\/div>\n\t\t<\/section>\n\t\t\t\t<\/div>\n\t\t","protected":false},"excerpt":{"rendered":"<p>Initiation Al ROBOLAB @University of Luxembourg | D. Gareev, O. Glassl | 2022 Initiation est une chanson de 2022 du ThalamusProject, un groupe \u00e9lectroacoustique bas\u00e9 au Luxembourg (http:\/\/www.thalamusproject.com\/). Pour la vid\u00e9o d\u2019Initiation, nous avons utilis\u00e9 l\u2019intelligence artificielle et l\u2019apprentissage automatique pour cr\u00e9er une vision cin\u00e9matographique de la chanson \u00e0 partir de \u00ab l\u2019\u0153il de l\u2019esprit &hellip; <a href=\"https:\/\/testit.uni.lu\/fr\/exposition\/initiation\/\" class=\"more-link\">Continuer la lecture<span class=\"screen-reader-text\"> de &laquo;&nbsp;Initiation&nbsp;&raquo;<\/span><\/a><\/p>\n","protected":false},"author":1486,"featured_media":0,"parent":14377,"menu_order":0,"comment_status":"open","ping_status":"closed","template":"elementor_header_footer","meta":{"iawp_total_views":3,"footnotes":""},"class_list":["post-17845","page","type-page","status-publish","hentry"],"_links":{"self":[{"href":"https:\/\/testit.uni.lu\/fr\/wp-json\/wp\/v2\/pages\/17845","targetHints":{"allow":["GET"]}}],"collection":[{"href":"https:\/\/testit.uni.lu\/fr\/wp-json\/wp\/v2\/pages"}],"about":[{"href":"https:\/\/testit.uni.lu\/fr\/wp-json\/wp\/v2\/types\/page"}],"author":[{"embeddable":true,"href":"https:\/\/testit.uni.lu\/fr\/wp-json\/wp\/v2\/users\/1486"}],"replies":[{"embeddable":true,"href":"https:\/\/testit.uni.lu\/fr\/wp-json\/wp\/v2\/comments?post=17845"}],"version-history":[{"count":8,"href":"https:\/\/testit.uni.lu\/fr\/wp-json\/wp\/v2\/pages\/17845\/revisions"}],"predecessor-version":[{"id":22998,"href":"https:\/\/testit.uni.lu\/fr\/wp-json\/wp\/v2\/pages\/17845\/revisions\/22998"}],"up":[{"embeddable":true,"href":"https:\/\/testit.uni.lu\/fr\/wp-json\/wp\/v2\/pages\/14377"}],"wp:attachment":[{"href":"https:\/\/testit.uni.lu\/fr\/wp-json\/wp\/v2\/media?parent=17845"}],"curies":[{"name":"wp","href":"https:\/\/api.w.org\/{rel}","templated":true}]}}