{"id":23489,"date":"2025-09-02T15:07:20","date_gmt":"2025-09-02T13:07:20","guid":{"rendered":"https:\/\/testit.uni.lu\/information\/girls-in-it-programmieren\/"},"modified":"2025-10-14T09:47:42","modified_gmt":"2025-10-14T07:47:42","slug":"girls-in-it-programmieren","status":"publish","type":"page","link":"https:\/\/testit.uni.lu\/de\/information\/girls-in-it-programmieren\/","title":{"rendered":"Girls in IT &#8211; Programmieren"},"content":{"rendered":"\t\t<div data-elementor-type=\"wp-page\" data-elementor-id=\"23489\" class=\"elementor elementor-23489 elementor-23465\" data-elementor-post-type=\"page\">\n\t\t\t\t\t\t<section class=\"elementor-section elementor-top-section elementor-element elementor-element-2855398 elementor-section-stretched elementor-section-height-min-height elementor-section-boxed elementor-section-height-default elementor-section-items-middle\" data-id=\"2855398\" data-element_type=\"section\" data-settings=\"{&quot;stretch_section&quot;:&quot;section-stretched&quot;,&quot;background_background&quot;:&quot;classic&quot;,&quot;background_motion_fx_motion_fx_scrolling&quot;:&quot;yes&quot;,&quot;background_motion_fx_translateY_effect&quot;:&quot;yes&quot;,&quot;background_motion_fx_translateY_direction&quot;:&quot;negative&quot;,&quot;jet_parallax_layout_list&quot;:[],&quot;background_motion_fx_translateY_speed&quot;:{&quot;unit&quot;:&quot;px&quot;,&quot;size&quot;:4,&quot;sizes&quot;:[]},&quot;background_motion_fx_translateY_affectedRange&quot;:{&quot;unit&quot;:&quot;%&quot;,&quot;size&quot;:&quot;&quot;,&quot;sizes&quot;:{&quot;start&quot;:0,&quot;end&quot;:100}},&quot;background_motion_fx_devices&quot;:[&quot;desktop&quot;,&quot;tablet&quot;,&quot;mobile&quot;]}\">\n\t\t\t\t\t\t\t<div class=\"elementor-background-overlay\"><\/div>\n\t\t\t\t\t\t\t<div class=\"elementor-container elementor-column-gap-default\">\n\t\t\t\t\t<div class=\"elementor-column elementor-col-50 elementor-top-column elementor-element elementor-element-318ff70\" data-id=\"318ff70\" data-element_type=\"column\">\n\t\t\t<div class=\"elementor-widget-wrap elementor-element-populated\">\n\t\t\t\t\t\t<div class=\"elementor-element elementor-element-bf2f023 elementor-widget elementor-widget-heading\" data-id=\"bf2f023\" data-element_type=\"widget\" data-widget_type=\"heading.default\">\n\t\t\t\t<div class=\"elementor-widget-container\">\n\t\t\t<h2 class=\"elementor-heading-title elementor-size-default\">Girls in IT - Programmieren<\/h2>\t\t<\/div>\n\t\t\t\t<\/div>\n\t\t\t\t\t<\/div>\n\t\t<\/div>\n\t\t\t\t<div class=\"elementor-column elementor-col-50 elementor-top-column elementor-element elementor-element-0eff36c\" data-id=\"0eff36c\" data-element_type=\"column\">\n\t\t\t<div class=\"elementor-widget-wrap\">\n\t\t\t\t\t\t\t<\/div>\n\t\t<\/div>\n\t\t\t\t\t<\/div>\n\t\t<\/section>\n\t\t\t\t<section class=\"elementor-section elementor-top-section elementor-element elementor-element-85c8370 elementor-section-stretched elementor-section-full_width elementor-section-height-min-height elementor-section-items-top elementor-section-height-default\" data-id=\"85c8370\" data-element_type=\"section\" data-settings=\"{&quot;stretch_section&quot;:&quot;section-stretched&quot;,&quot;background_background&quot;:&quot;classic&quot;,&quot;jet_parallax_layout_list&quot;:[]}\">\n\t\t\t\t\t\t<div class=\"elementor-container elementor-column-gap-narrow\">\n\t\t\t\t\t<div class=\"elementor-column elementor-col-100 elementor-top-column elementor-element elementor-element-4d5f155\" data-id=\"4d5f155\" data-element_type=\"column\">\n\t\t\t<div class=\"elementor-widget-wrap elementor-element-populated\">\n\t\t\t\t\t\t<div class=\"elementor-element elementor-element-5eae75f elementor-widget elementor-widget-toggle\" data-id=\"5eae75f\" data-element_type=\"widget\" data-widget_type=\"toggle.default\">\n\t\t\t\t<div class=\"elementor-widget-container\">\n\t\t\t\t\t<div class=\"elementor-toggle\">\n\t\t\t\t\t\t\t<div class=\"elementor-toggle-item\">\n\t\t\t\t\t<div id=\"elementor-tab-title-9921\" class=\"elementor-tab-title\" data-tab=\"1\" role=\"button\" aria-controls=\"elementor-tab-content-9921\" aria-expanded=\"false\">\n\t\t\t\t\t\t\t\t\t\t\t\t<span class=\"elementor-toggle-icon elementor-toggle-icon-right\" aria-hidden=\"true\">\n\t\t\t\t\t\t\t\t\t\t\t\t\t\t\t<span class=\"elementor-toggle-icon-closed\"><svg class=\"e-font-icon-svg e-fas-chevron-down\" viewBox=\"0 0 448 512\" xmlns=\"http:\/\/www.w3.org\/2000\/svg\"><path d=\"M207.029 381.476L12.686 187.132c-9.373-9.373-9.373-24.569 0-33.941l22.667-22.667c9.357-9.357 24.522-9.375 33.901-.04L224 284.505l154.745-154.021c9.379-9.335 24.544-9.317 33.901.04l22.667 22.667c9.373 9.373 9.373 24.569 0 33.941L240.971 381.476c-9.373 9.372-24.569 9.372-33.942 0z\"><\/path><\/svg><\/span>\n\t\t\t\t\t\t\t\t<span class=\"elementor-toggle-icon-opened\"><svg class=\"elementor-toggle-icon-opened e-font-icon-svg e-fas-chevron-up\" viewBox=\"0 0 448 512\" xmlns=\"http:\/\/www.w3.org\/2000\/svg\"><path d=\"M240.971 130.524l194.343 194.343c9.373 9.373 9.373 24.569 0 33.941l-22.667 22.667c-9.357 9.357-24.522 9.375-33.901.04L224 227.495 69.255 381.516c-9.379 9.335-24.544 9.317-33.901-.04l-22.667-22.667c-9.373-9.373-9.373-24.569 0-33.941L207.03 130.525c9.372-9.373 24.568-9.373 33.941-.001z\"><\/path><\/svg><\/span>\n\t\t\t\t\t\t\t\t\t\t\t\t\t<\/span>\n\t\t\t\t\t\t\t\t\t\t\t\t<a class=\"elementor-toggle-title\" tabindex=\"0\">Sortieralgorithmen Visualisieren<\/a>\n\t\t\t\t\t<\/div>\n\n\t\t\t\t\t<div id=\"elementor-tab-content-9921\" class=\"elementor-tab-content elementor-clearfix\" data-tab=\"1\" role=\"region\" aria-labelledby=\"elementor-tab-title-9921\"><p>Dieses Tool visualisiert verschiedene Sortieralgorithmen. Schaue es dir an:<\/p>\n<p><a href=\"https:\/\/mszula.github.io\/visual-sorting\/\" target=\"_blank\" rel=\"noopener\">Sortieralgorithmen<\/a>.<\/p>\n<\/div>\n\t\t\t\t<\/div>\n\t\t\t\t\t\t\t<div class=\"elementor-toggle-item\">\n\t\t\t\t\t<div id=\"elementor-tab-title-9922\" class=\"elementor-tab-title\" data-tab=\"2\" role=\"button\" aria-controls=\"elementor-tab-content-9922\" aria-expanded=\"false\">\n\t\t\t\t\t\t\t\t\t\t\t\t<span class=\"elementor-toggle-icon elementor-toggle-icon-right\" aria-hidden=\"true\">\n\t\t\t\t\t\t\t\t\t\t\t\t\t\t\t<span class=\"elementor-toggle-icon-closed\"><svg class=\"e-font-icon-svg e-fas-chevron-down\" viewBox=\"0 0 448 512\" xmlns=\"http:\/\/www.w3.org\/2000\/svg\"><path d=\"M207.029 381.476L12.686 187.132c-9.373-9.373-9.373-24.569 0-33.941l22.667-22.667c9.357-9.357 24.522-9.375 33.901-.04L224 284.505l154.745-154.021c9.379-9.335 24.544-9.317 33.901.04l22.667 22.667c9.373 9.373 9.373 24.569 0 33.941L240.971 381.476c-9.373 9.372-24.569 9.372-33.942 0z\"><\/path><\/svg><\/span>\n\t\t\t\t\t\t\t\t<span class=\"elementor-toggle-icon-opened\"><svg class=\"elementor-toggle-icon-opened e-font-icon-svg e-fas-chevron-up\" viewBox=\"0 0 448 512\" xmlns=\"http:\/\/www.w3.org\/2000\/svg\"><path d=\"M240.971 130.524l194.343 194.343c9.373 9.373 9.373 24.569 0 33.941l-22.667 22.667c-9.357 9.357-24.522 9.375-33.901.04L224 227.495 69.255 381.516c-9.379 9.335-24.544 9.317-33.901-.04l-22.667-22.667c-9.373-9.373-9.373-24.569 0-33.941L207.03 130.525c9.372-9.373 24.568-9.373 33.941-.001z\"><\/path><\/svg><\/span>\n\t\t\t\t\t\t\t\t\t\t\t\t\t<\/span>\n\t\t\t\t\t\t\t\t\t\t\t\t<a class=\"elementor-toggle-title\" tabindex=\"0\">Programmieren<\/a>\n\t\t\t\t\t<\/div>\n\n\t\t\t\t\t<div id=\"elementor-tab-content-9922\" class=\"elementor-tab-content elementor-clearfix\" data-tab=\"2\" role=\"region\" aria-labelledby=\"elementor-tab-title-9922\"><p><strong>Anf\u00e4nger:<\/strong><\/p>\n<p>Programmieren ist ein gro\u00dfes Thema, und um es zu verstehen, muss man zwei Dinge wissen:<br \/>1. Man muss die Logik hinter einem Computerprogramm verstehen und wissen, wie ein Computer die Anweisungen eines Computerprogramms ausf\u00fchrt. <a href=\"https:\/\/compute-it.toxicode.fr\/?hour-of-code&amp;progression=python\" target=\"_blank\" rel=\"noopener\">Hier<\/a> kannst du dich wie ein Computer verhalten und das trainieren.<br \/>2. Man muss lernen, wie man Code schreibt, den der Computer versteht und in ein Programm umwandeln kann. <a href=\"https:\/\/imagilabs-webapp-test.herokuapp.com\/app\/explore\" target=\"_blank\" rel=\"noopener\">Hier<\/a> siehst du ein anschauliches Beispiel daf\u00fcr, wie Code Bilder zeichnen kann. Probier es aus, um zu lernen, wie Code vom Computer verstanden wird. <\/p>\n<p><strong>Mittel: <\/strong><\/p>\n<p>Irgendwann ist es am einfachsten, das Programmieren zu lernen, indem man sich einen Code schnappt, kleine \u00c4nderungen vornimmt und schaut, was dabei rauskommt. Dieses Tutorial bietet ein visuelles Programm in Python, das immer komplexer wird und bei dem du alles \u00e4ndern kannst, um zu sehen, was passiert. Probier&#8217;s hier aus:  <\/p>\n<p><a href=\"https:\/\/hourofpython.trinket.io\/a-visual-introduction-to-python#\/welcome\/an-hour-of-code\" target=\"_blank\" rel=\"noopener\">Zum Lernprogramm<\/a><\/p>\n<p><strong>Fortgeschritten:<\/strong><\/p>\n<p>Eine der besten Methoden, sich an das Programmieren zu gew\u00f6hnen, ist die Auseinandersetzung mit realen Problemen. Daf\u00fcr gibt es online viele gro\u00dfartige Tools (f\u00fcr die alle ein Konto erforderlich ist), die Herausforderungen bieten und deine L\u00f6sungsvorschl\u00e4ge (die sehr anspruchsvoll sein k\u00f6nnen) in jeder beliebigen Programmiersprache testen. Zwei gute Plattformen sind die folgenden:  <\/p>\n<p><a href=\"https:\/\/leetcode.com\/problems\/two-sum\/\" target=\"_blank\" rel=\"noopener\">LeetCode<\/a> (Die erste Aufgabe, oben rechts kann man weitere Aufgaben ausw\u00e4hlen)<\/p>\n<p><a href=\"https:\/\/www.codewars.com\/dashboard\" target=\"_blank\" rel=\"noopener\">CodeWars<\/a> (Beginne mit den 8 und 7 kyu Aufgaben)<\/p>\n<p><a href=\"https:\/\/edabit.com\/challenges\" target=\"_blank\" rel=\"noopener\">Edabit<\/a> (Kleine Programmier\u00fcbungen in Python oder JavaScript)<\/p>\n<\/div>\n\t\t\t\t<\/div>\n\t\t\t\t\t\t\t<div class=\"elementor-toggle-item\">\n\t\t\t\t\t<div id=\"elementor-tab-title-9923\" class=\"elementor-tab-title\" data-tab=\"3\" role=\"button\" aria-controls=\"elementor-tab-content-9923\" aria-expanded=\"false\">\n\t\t\t\t\t\t\t\t\t\t\t\t<span class=\"elementor-toggle-icon elementor-toggle-icon-right\" aria-hidden=\"true\">\n\t\t\t\t\t\t\t\t\t\t\t\t\t\t\t<span class=\"elementor-toggle-icon-closed\"><svg class=\"e-font-icon-svg e-fas-chevron-down\" viewBox=\"0 0 448 512\" xmlns=\"http:\/\/www.w3.org\/2000\/svg\"><path d=\"M207.029 381.476L12.686 187.132c-9.373-9.373-9.373-24.569 0-33.941l22.667-22.667c9.357-9.357 24.522-9.375 33.901-.04L224 284.505l154.745-154.021c9.379-9.335 24.544-9.317 33.901.04l22.667 22.667c9.373 9.373 9.373 24.569 0 33.941L240.971 381.476c-9.373 9.372-24.569 9.372-33.942 0z\"><\/path><\/svg><\/span>\n\t\t\t\t\t\t\t\t<span class=\"elementor-toggle-icon-opened\"><svg class=\"elementor-toggle-icon-opened e-font-icon-svg e-fas-chevron-up\" viewBox=\"0 0 448 512\" xmlns=\"http:\/\/www.w3.org\/2000\/svg\"><path d=\"M240.971 130.524l194.343 194.343c9.373 9.373 9.373 24.569 0 33.941l-22.667 22.667c-9.357 9.357-24.522 9.375-33.901.04L224 227.495 69.255 381.516c-9.379 9.335-24.544 9.317-33.901-.04l-22.667-22.667c-9.373-9.373-9.373-24.569 0-33.941L207.03 130.525c9.372-9.373 24.568-9.373 33.941-.001z\"><\/path><\/svg><\/span>\n\t\t\t\t\t\t\t\t\t\t\t\t\t<\/span>\n\t\t\t\t\t\t\t\t\t\t\t\t<a class=\"elementor-toggle-title\" tabindex=\"0\">Spieledesign<\/a>\n\t\t\t\t\t<\/div>\n\n\t\t\t\t\t<div id=\"elementor-tab-content-9923\" class=\"elementor-tab-content elementor-clearfix\" data-tab=\"3\" role=\"region\" aria-labelledby=\"elementor-tab-title-9923\"><p><strong>Anf\u00e4nger:<\/strong><\/p>\n<p>Deine ersten Schritte im Bereich Spieledesign und das Verst\u00e4ndnis der Logik hinter deinem ersten Spiel. Wie steuert man einen Spielercharakter und wie z\u00e4hlt ein Spiel Punkte oder beendet ein Spiel? Lerne dies in einem einfachen Tutorial mit einer einfachen Version von Scratch, das dich Schritt f\u00fcr Schritt durch ein Spiel im Stil von \u201eFlappy Bird\u201c f\u00fchrt.  <\/p>\n<p><a href=\"https:\/\/studio.code.org\/flappy\/1\" target=\"_blank\" rel=\"noopener\">Flappy Bird auf Scratch-Basis<\/a><\/p>\n<p><strong>Mittel:<\/strong><\/p>\n<p>Scratch ist eine gute Software f\u00fcr den Einstieg in das Spieledesign, da die Programmierung sehr einfach zu verstehen ist, sodass du sich ganz auf die einzelnen Schritte der Spielentwicklung konzentrieren k\u00f6nnen. In diesem Tutorial lernst du, wie du mit der echten Scratch-Plattform ein einfaches Spiel erstellen k\u00f6nnen. <\/p>\n<p><a href=\"https:\/\/testit.uni.lu\/de\/aktivitat\/scratchgame\/\" target=\"_blank\" rel=\"noopener\">Erstellen Sie Ihr Spiel mit Scratch<\/a><\/p>\n<p><strong>Fortgeschritten:<\/strong><\/p>\n<p>Die meisten echten Videospiele, ob klein oder gro\u00df, werden in einer Game Engine programmiert, einem leistungsstarken Tool, das Grafik, Spielelogik und Steuerung in einem praktischen Programm vereint. Ein solches kostenloses Beispiel ist Godot, mit dem sich einfache und komplexe Projekte realisieren lassen. Die gesamte Engine ist <a href=\"https:\/\/editor.godotengine.org\/releases\/latest\/\" target=\"_blank\" rel=\"noopener\">hier online verf\u00fcgbar,<\/a> aber f\u00fcr den Einstieg eignet sich dieses gro\u00dfartige Tutorial, das dir die Programmiersprache hinter Godot namens GDScript n\u00e4herbringt:  <\/p>\n<p><a href=\"https:\/\/gdquest.github.io\/learn-gdscript\/\" target=\"_blank\" rel=\"noopener\">Die ersten Schritte mit einer echten Game Engine<\/a><\/p>\n<\/div>\n\t\t\t\t<\/div>\n\t\t\t\t\t\t\t\t<\/div>\n\t\t\t\t<\/div>\n\t\t\t\t<\/div>\n\t\t\t\t<div class=\"elementor-element elementor-element-87701d5 elementor-align-center elementor-widget elementor-widget-button\" data-id=\"87701d5\" data-element_type=\"widget\" data-widget_type=\"button.default\">\n\t\t\t\t<div class=\"elementor-widget-container\">\n\t\t\t\t\t\t\t<div class=\"elementor-button-wrapper\">\n\t\t\t\t\t<a class=\"elementor-button elementor-button-link elementor-size-sm\" href=\"https:\/\/forms.cloud.microsoft\/e\/DVqxrKzi5N\" target=\"_blank\">\n\t\t\t\t\t\t<span class=\"elementor-button-content-wrapper\">\n\t\t\t\t\t\t\t\t\t<span class=\"elementor-button-text\">Feedback<\/span>\n\t\t\t\t\t<\/span>\n\t\t\t\t\t<\/a>\n\t\t\t\t<\/div>\n\t\t\t\t\t\t<\/div>\n\t\t\t\t<\/div>\n\t\t\t\t\t<\/div>\n\t\t<\/div>\n\t\t\t\t\t<\/div>\n\t\t<\/section>\n\t\t\t\t<\/div>\n\t\t","protected":false},"excerpt":{"rendered":"<p>Girls in IT &#8211; Programmieren Sortieralgorithmen Visualisieren Dieses Tool visualisiert verschiedene Sortieralgorithmen. Schaue es dir an: Sortieralgorithmen. Programmieren Anf\u00e4nger: Programmieren ist ein gro\u00dfes Thema, und um es zu verstehen, muss man zwei Dinge wissen:1. Man muss die Logik hinter einem Computerprogramm verstehen und wissen, wie ein Computer die Anweisungen eines Computerprogramms ausf\u00fchrt. Hier kannst du &hellip; <a href=\"https:\/\/testit.uni.lu\/de\/information\/girls-in-it-programmieren\/\" class=\"more-link\"><span class=\"screen-reader-text\">\u201eGirls in IT &#8211; Programmieren\u201c<\/span> weiterlesen<\/a><\/p>\n","protected":false},"author":1,"featured_media":0,"parent":9690,"menu_order":0,"comment_status":"closed","ping_status":"closed","template":"","meta":{"iawp_total_views":28,"footnotes":""},"class_list":["post-23489","page","type-page","status-publish","hentry"],"_links":{"self":[{"href":"https:\/\/testit.uni.lu\/de\/wp-json\/wp\/v2\/pages\/23489","targetHints":{"allow":["GET"]}}],"collection":[{"href":"https:\/\/testit.uni.lu\/de\/wp-json\/wp\/v2\/pages"}],"about":[{"href":"https:\/\/testit.uni.lu\/de\/wp-json\/wp\/v2\/types\/page"}],"author":[{"embeddable":true,"href":"https:\/\/testit.uni.lu\/de\/wp-json\/wp\/v2\/users\/1"}],"replies":[{"embeddable":true,"href":"https:\/\/testit.uni.lu\/de\/wp-json\/wp\/v2\/comments?post=23489"}],"version-history":[{"count":5,"href":"https:\/\/testit.uni.lu\/de\/wp-json\/wp\/v2\/pages\/23489\/revisions"}],"predecessor-version":[{"id":24458,"href":"https:\/\/testit.uni.lu\/de\/wp-json\/wp\/v2\/pages\/23489\/revisions\/24458"}],"up":[{"embeddable":true,"href":"https:\/\/testit.uni.lu\/de\/wp-json\/wp\/v2\/pages\/9690"}],"wp:attachment":[{"href":"https:\/\/testit.uni.lu\/de\/wp-json\/wp\/v2\/media?parent=23489"}],"curies":[{"name":"wp","href":"https:\/\/api.w.org\/{rel}","templated":true}]}}