{"id":22640,"date":"2025-07-31T08:51:21","date_gmt":"2025-07-31T06:51:21","guid":{"rendered":"https:\/\/testit.uni.lu\/rolemodels-vanina-3\/"},"modified":"2025-08-19T15:58:47","modified_gmt":"2025-08-19T13:58:47","slug":"programming-languages","status":"publish","type":"page","link":"https:\/\/testit.uni.lu\/de\/austausch\/askaresearcher\/programming-languages\/","title":{"rendered":"ProgrammingLanguages"},"content":{"rendered":"\t\t<div data-elementor-type=\"wp-page\" data-elementor-id=\"22640\" class=\"elementor elementor-22640 elementor-22639\" data-elementor-post-type=\"page\">\n\t\t\t\t\t\t<section class=\"elementor-section elementor-top-section elementor-element elementor-element-cb55d70 elementor-section-content-middle elementor-section-stretched elementor-section-boxed elementor-section-height-default elementor-section-height-default\" data-id=\"cb55d70\" data-element_type=\"section\" data-settings=\"{&quot;background_background&quot;:&quot;classic&quot;,&quot;jet_parallax_layout_list&quot;:[],&quot;stretch_section&quot;:&quot;section-stretched&quot;}\">\n\t\t\t\t\t\t<div class=\"elementor-container elementor-column-gap-default\">\n\t\t\t\t\t<div class=\"elementor-column elementor-col-50 elementor-top-column elementor-element elementor-element-2220d8a\" data-id=\"2220d8a\" data-element_type=\"column\" data-settings=\"{&quot;background_background&quot;:&quot;classic&quot;,&quot;animation&quot;:&quot;none&quot;}\">\n\t\t\t<div class=\"elementor-widget-wrap elementor-element-populated\">\n\t\t\t\t\t\t<div class=\"elementor-element elementor-element-1195a7f elementor-widget elementor-widget-image\" data-id=\"1195a7f\" data-element_type=\"widget\" data-settings=\"{&quot;_animation&quot;:&quot;none&quot;}\" data-widget_type=\"image.default\">\n\t\t\t\t<div class=\"elementor-widget-container\">\n\t\t\t\t\t\t\t\t\t\t\t\t\t\t<a href=\"https:\/\/testit\/rolemodels\/\">\n\t\t\t\t\t\t\t<img fetchpriority=\"high\" decoding=\"async\" width=\"840\" height=\"391\" src=\"https:\/\/testit.uni.lu\/wp-content\/uploads\/2024\/09\/dfzh-768x472-2-1024x477.png\" class=\"attachment-large size-large wp-image-17164\" alt=\"\" srcset=\"https:\/\/testit.uni.lu\/wp-content\/uploads\/2024\/09\/dfzh-768x472-2-1024x477.png 1024w, https:\/\/testit.uni.lu\/wp-content\/uploads\/2024\/09\/dfzh-768x472-2-300x140.png 300w, https:\/\/testit.uni.lu\/wp-content\/uploads\/2024\/09\/dfzh-768x472-2-768x358.png 768w, https:\/\/testit.uni.lu\/wp-content\/uploads\/2024\/09\/dfzh-768x472-2-1536x716.png 1536w, https:\/\/testit.uni.lu\/wp-content\/uploads\/2024\/09\/dfzh-768x472-2-2048x954.png 2048w, https:\/\/testit.uni.lu\/wp-content\/uploads\/2024\/09\/dfzh-768x472-2-1200x559.png 1200w\" sizes=\"(max-width: 709px) 85vw, (max-width: 909px) 67vw, (max-width: 1362px) 62vw, 840px\" \/>\t\t\t\t\t\t\t\t<\/a>\n\t\t\t\t\t\t\t\t\t\t\t\t\t<\/div>\n\t\t\t\t<\/div>\n\t\t\t\t\t<\/div>\n\t\t<\/div>\n\t\t\t\t<div class=\"elementor-column elementor-col-50 elementor-top-column elementor-element elementor-element-a69c9d9\" data-id=\"a69c9d9\" data-element_type=\"column\">\n\t\t\t<div class=\"elementor-widget-wrap elementor-element-populated\">\n\t\t\t\t\t\t<div class=\"elementor-element elementor-element-861dcf7 elementor-widget__width-inherit elementor-widget elementor-widget-heading\" data-id=\"861dcf7\" data-element_type=\"widget\" data-widget_type=\"heading.default\">\n\t\t\t\t<div class=\"elementor-widget-container\">\n\t\t\t<h1 class=\"elementor-heading-title elementor-size-default\"><a href=\"https:\/\/testit\/askaresearcher\/\">Warum gibt es so viele Programmiersprachen?<\/a><\/h1>\t\t<\/div>\n\t\t\t\t<\/div>\n\t\t\t\t\t<\/div>\n\t\t<\/div>\n\t\t\t\t\t<\/div>\n\t\t<\/section>\n\t\t\t\t<section class=\"elementor-section elementor-top-section elementor-element elementor-element-3eb872e elementor-section-boxed elementor-section-height-default elementor-section-height-default\" data-id=\"3eb872e\" data-element_type=\"section\" data-settings=\"{&quot;jet_parallax_layout_list&quot;:[]}\">\n\t\t\t\t\t\t<div class=\"elementor-container elementor-column-gap-default\">\n\t\t\t\t\t<div class=\"elementor-column elementor-col-100 elementor-top-column elementor-element elementor-element-3f99b3d\" data-id=\"3f99b3d\" data-element_type=\"column\">\n\t\t\t<div class=\"elementor-widget-wrap elementor-element-populated\">\n\t\t\t\t\t\t<div class=\"elementor-element elementor-element-0ee1fde elementor-widget elementor-widget-image\" data-id=\"0ee1fde\" data-element_type=\"widget\" data-widget_type=\"image.default\">\n\t\t\t\t<div class=\"elementor-widget-container\">\n\t\t\t\t\t\t\t\t\t\t\t\t\t<img decoding=\"async\" width=\"640\" height=\"395\" src=\"https:\/\/testit.uni.lu\/wp-content\/uploads\/2025\/08\/drawing-367946_640.png\" class=\"attachment-large size-large wp-image-22624\" alt=\"\" srcset=\"https:\/\/testit.uni.lu\/wp-content\/uploads\/2025\/08\/drawing-367946_640.png 640w, https:\/\/testit.uni.lu\/wp-content\/uploads\/2025\/08\/drawing-367946_640-300x185.png 300w, https:\/\/testit.uni.lu\/wp-content\/uploads\/2025\/08\/drawing-367946_640-150x93.png 150w\" sizes=\"(max-width: 640px) 85vw, 640px\" \/>\t\t\t\t\t\t\t\t\t\t\t\t\t<\/div>\n\t\t\t\t<\/div>\n\t\t\t\t\t<\/div>\n\t\t<\/div>\n\t\t\t\t\t<\/div>\n\t\t<\/section>\n\t\t\t\t<section class=\"elementor-section elementor-top-section elementor-element elementor-element-df2ef2f elementor-section-stretched elementor-section-boxed elementor-section-height-default elementor-section-height-default\" data-id=\"df2ef2f\" data-element_type=\"section\" data-settings=\"{&quot;jet_parallax_layout_list&quot;:[],&quot;stretch_section&quot;:&quot;section-stretched&quot;}\">\n\t\t\t\t\t\t<div class=\"elementor-container elementor-column-gap-default\">\n\t\t\t\t\t<div class=\"elementor-column elementor-col-100 elementor-top-column elementor-element elementor-element-59eaa1b\" data-id=\"59eaa1b\" data-element_type=\"column\">\n\t\t\t<div class=\"elementor-widget-wrap elementor-element-populated\">\n\t\t\t\t\t\t<div class=\"elementor-element elementor-element-aeb37ba elementor-widget elementor-widget-heading\" data-id=\"aeb37ba\" data-element_type=\"widget\" data-widget_type=\"heading.default\">\n\t\t\t\t<div class=\"elementor-widget-container\">\n\t\t\t<h2 class=\"elementor-heading-title elementor-size-default\">Was ist eine Programmiersprache?<\/h2>\t\t<\/div>\n\t\t\t\t<\/div>\n\t\t\t\t<div class=\"elementor-element elementor-element-84cda89 elementor-widget elementor-widget-text-editor\" data-id=\"84cda89\" data-element_type=\"widget\" data-widget_type=\"text-editor.default\">\n\t\t\t\t<div class=\"elementor-widget-container\">\n\t\t\t\t\t\t\t<p>Wenn du schon einmal programmiert hast oder Leute dar\u00fcber sprechen h\u00f6rst, fragst du dich vielleicht: Warum gibt es eigentlich so viele Programmiersprachen? Genauso wie es Englisch, Spanisch, Japanisch und Hunderte andere menschliche Sprachen gibt, hat auch die Welt der Computer ihre eigenen Sprachen \u2013 von etwa 700 bis \u00fcber 100.000, je nachdem, wie man z\u00e4hlt. Jede Programmiersprache ist eine M\u00f6glichkeit, mit Computern zu \u201esprechen\u201c und ihnen zu sagen, was sie tun sollen. Aber nicht alle Sprachen sind gleich: Manche eignen sich besser zum Erstellen von Webseiten, andere f\u00fcr Videospiele, wieder andere zur Steuerung von Robotern oder zur Datenanalyse.    <\/p>\n<p>Warum brauchen wir also so viele? Weil unterschiedliche Aufgaben unterschiedliche Werkzeuge erfordern. Stell dir vor, du willst eine Wand mit einer Zahnb\u00fcrste streichen \u2013 es geht, aber es ist nicht ideal. Genauso sind manche Programmiersprachen darauf ausgelegt, besonders schnell und leistungsstark zu sein (wie C++), w\u00e4hrend andere besonders leicht zu lesen und zu schreiben sind (wie Python). Neue Sprachen entstehen auch, wenn Entwickler Probleme \u00e4lterer Sprachen l\u00f6sen oder neue Ideen ausprobieren wollen. Das ist ein bisschen so, wie wenn sich in menschlichen Sprachen neue W\u00f6rter oder Slang entwickeln.     <\/p>\n\t\t\t\t\t\t<\/div>\n\t\t\t\t<\/div>\n\t\t\t\t\t<\/div>\n\t\t<\/div>\n\t\t\t\t\t<\/div>\n\t\t<\/section>\n\t\t\t\t<section class=\"elementor-section elementor-top-section elementor-element elementor-element-423e06b elementor-section-stretched elementor-section-boxed elementor-section-height-default elementor-section-height-default\" data-id=\"423e06b\" data-element_type=\"section\" data-settings=\"{&quot;jet_parallax_layout_list&quot;:[],&quot;stretch_section&quot;:&quot;section-stretched&quot;}\">\n\t\t\t\t\t\t<div class=\"elementor-container elementor-column-gap-default\">\n\t\t\t\t\t<div class=\"elementor-column elementor-col-100 elementor-top-column elementor-element elementor-element-6aaa9d1\" data-id=\"6aaa9d1\" data-element_type=\"column\">\n\t\t\t<div class=\"elementor-widget-wrap elementor-element-populated\">\n\t\t\t\t\t\t<div class=\"elementor-element elementor-element-574a08f elementor-widget elementor-widget-heading\" data-id=\"574a08f\" data-element_type=\"widget\" data-widget_type=\"heading.default\">\n\t\t\t\t<div class=\"elementor-widget-container\">\n\t\t\t<h2 class=\"elementor-heading-title elementor-size-default\">Verschiedene Arten von Programmiersprachen<\/h2>\t\t<\/div>\n\t\t\t\t<\/div>\n\t\t\t\t<div class=\"elementor-element elementor-element-18102e4 elementor-widget elementor-widget-text-editor\" data-id=\"18102e4\" data-element_type=\"widget\" data-widget_type=\"text-editor.default\">\n\t\t\t\t<div class=\"elementor-widget-container\">\n\t\t\t\t\t\t\t<p>Programmiersprachen gibt es in vielen Varianten, je nachdem, f\u00fcr welche Aufgaben sie gedacht sind:<\/p>\n<ol>\n<li><strong>Low-Level-Sprachen (Maschinennahe Sprachen) <\/strong>sind dem Aufbau und der Funktionsweise von Computern am n\u00e4chsten. Es sind die ersten Sprachen, mit denen Informatiker gearbeitet haben. Eine der bekanntesten ist Assembler. Sie verwendet kurze Befehle wie MOV oder ADD, um Anweisungen darzustellen, und wird haupts\u00e4chlich zur Programmierung von Hardware verwendet.   <\/li>\n<li><strong>High-Level-Sprachen (H\u00f6here Programmiersprachen) <\/strong>sind f\u00fcr Menschen leichter zu lesen und zu schreiben. Sie verwenden englische Begriffe und m\u00fcssen kompiliert werden, um ausf\u00fchrbare Dateien zu erzeugen, die der Computer versteht. Jede Sprache wurde f\u00fcr einen bestimmten Zweck entwickelt. Zum Beispiel ist Fortran ideal f\u00fcr wissenschaftliche und technische Anwendungen und wird oft f\u00fcr Supercomputer verwendet. Java ist ein \u201eWrite once, run anywhere\u201c-Programm: Der kompilierte Code l\u00e4uft auf jedem Ger\u00e4t dank der Java Virtual Machine (JVM), einer Art virtuellem Computer. Das macht Java perfekt f\u00fcr Software und Apps \u2013 und es hat Sprachen wie JavaScript und Python inspiriert.     <\/li>\n<li><strong>Dom\u00e4nenspezifische Sprachen (DSLs) <\/strong>sind f\u00fcr ganz bestimmte Aufgaben gemacht. Zum Beispiel wird SQL zur Verwaltung von Datenbanken verwendet, Matlab f\u00fcr mathematische Berechnungen und HTML\/CSS zur Gestaltung von Webseiten. <\/li>\n<li><strong>Visuelle Programmiersprachen<\/strong> wie Scratch oder Blockly sind ideal f\u00fcr Einsteiger. Anstatt Code zu tippen, zieht man Bausteine per Drag-and-Drop zusammen. Und das Beste: Sie sind in \u00fcber 70 Sprachen \u00fcbersetzt \u2013 wahrscheinlich auch in deiner Muttersprache.  <\/li>\n<\/ol>\n\t\t\t\t\t\t<\/div>\n\t\t\t\t<\/div>\n\t\t\t\t\t<\/div>\n\t\t<\/div>\n\t\t\t\t\t<\/div>\n\t\t<\/section>\n\t\t\t\t<section class=\"elementor-section elementor-top-section elementor-element elementor-element-362d234 elementor-section-stretched elementor-section-boxed elementor-section-height-default elementor-section-height-default\" data-id=\"362d234\" data-element_type=\"section\" data-settings=\"{&quot;jet_parallax_layout_list&quot;:[],&quot;stretch_section&quot;:&quot;section-stretched&quot;}\">\n\t\t\t\t\t\t<div class=\"elementor-container elementor-column-gap-default\">\n\t\t\t\t\t<div class=\"elementor-column elementor-col-100 elementor-top-column elementor-element elementor-element-ad0fcc2\" data-id=\"ad0fcc2\" data-element_type=\"column\">\n\t\t\t<div class=\"elementor-widget-wrap elementor-element-populated\">\n\t\t\t\t\t\t<div class=\"elementor-element elementor-element-246d7d7 elementor-widget elementor-widget-heading\" data-id=\"246d7d7\" data-element_type=\"widget\" data-widget_type=\"heading.default\">\n\t\t\t\t<div class=\"elementor-widget-container\">\n\t\t\t<h2 class=\"elementor-heading-title elementor-size-default\">Welche Programmiersprache sollte ich zuerst lernen?<\/h2>\t\t<\/div>\n\t\t\t\t<\/div>\n\t\t\t\t<div class=\"elementor-element elementor-element-a6ed8c5 elementor-widget__width-initial elementor-widget elementor-widget-text-editor\" data-id=\"a6ed8c5\" data-element_type=\"widget\" data-widget_type=\"text-editor.default\">\n\t\t\t\t<div class=\"elementor-widget-container\">\n\t\t\t\t\t\t\t<p class=\"MsoNormal\">Hier ein paar einsteigerfreundliche Optionen \u2013 je nachdem, was du machen willst:<\/p>\n<ul style=\"margin-top: 0cm;\" type=\"disc\">\n<li class=\"MsoNormal\">Willst du Webseiten bauen? \u2192 Fang mit <b>JavaScript <\/b>an. <\/li>\n<li class=\"MsoNormal\">Willst du Spiele entwickeln oder Dinge automatisieren? \u2192 Probier <b>Python<\/b>. <\/li>\n<li class=\"MsoNormal\">Bist du ganz neu und willst etwas Spielerisches? \u2192 Starte mit <b>Scratch<\/b>. <\/li>\n<li class=\"MsoNormal\">Willst du Apps f\u00fcr Smartphones entwickeln? \u2192 Nimm <b>Java.<\/b> <\/li>\n<\/ul>\n\t\t\t\t\t\t<\/div>\n\t\t\t\t<\/div>\n\t\t\t\t\t<\/div>\n\t\t<\/div>\n\t\t\t\t\t<\/div>\n\t\t<\/section>\n\t\t\t\t<section class=\"elementor-section elementor-top-section elementor-element elementor-element-446f55d elementor-section-stretched elementor-section-boxed elementor-section-height-default elementor-section-height-default\" data-id=\"446f55d\" data-element_type=\"section\" data-settings=\"{&quot;jet_parallax_layout_list&quot;:[],&quot;stretch_section&quot;:&quot;section-stretched&quot;}\">\n\t\t\t\t\t\t<div class=\"elementor-container elementor-column-gap-default\">\n\t\t\t\t\t<div class=\"elementor-column elementor-col-100 elementor-top-column elementor-element elementor-element-a6e1d91\" data-id=\"a6e1d91\" data-element_type=\"column\">\n\t\t\t<div class=\"elementor-widget-wrap elementor-element-populated\">\n\t\t\t\t\t\t<div class=\"elementor-element elementor-element-cddd7c1 elementor-widget elementor-widget-text-editor\" data-id=\"cddd7c1\" data-element_type=\"widget\" data-widget_type=\"text-editor.default\">\n\t\t\t\t<div class=\"elementor-widget-container\">\n\t\t\t\t\t\t\t<p>M\u00f6glichkeit, das beste Werkzeug f\u00fcr jede Aufgabe zu w\u00e4hlen. Und es zeigt, wie kreativ und vielf\u00e4ltig die Welt des Programmierens ist. Ob du eine App entwickelst, ein Spiel gestaltest oder dich mit k\u00fcnstlicher Intelligenz besch\u00e4ftigst \u2013 es gibt eine Sprache, die zu deinem Projekt passt. Und genauso wie das Erlernen einer neuen menschlichen Sprache dir neue Kulturen und Ideen er\u00f6ffnet, macht dich das Lernen verschiedener Programmiersprachen zu einem besseren, flexibleren Entwickler.    <\/p>\n\t\t\t\t\t\t<\/div>\n\t\t\t\t<\/div>\n\t\t\t\t\t<\/div>\n\t\t<\/div>\n\t\t\t\t\t<\/div>\n\t\t<\/section>\n\t\t\t\t<section class=\"elementor-section elementor-top-section elementor-element elementor-element-d7bbd19 elementor-section-stretched elementor-section-boxed elementor-section-height-default elementor-section-height-default\" data-id=\"d7bbd19\" data-element_type=\"section\" data-settings=\"{&quot;jet_parallax_layout_list&quot;:[],&quot;stretch_section&quot;:&quot;section-stretched&quot;}\">\n\t\t\t\t\t\t<div class=\"elementor-container elementor-column-gap-default\">\n\t\t\t\t\t<div class=\"elementor-column elementor-col-100 elementor-top-column elementor-element elementor-element-0bf2cb2\" data-id=\"0bf2cb2\" data-element_type=\"column\">\n\t\t\t<div class=\"elementor-widget-wrap elementor-element-populated\">\n\t\t\t\t\t\t<div class=\"elementor-element elementor-element-d535b2a elementor-widget elementor-widget-text-editor\" data-id=\"d535b2a\" data-element_type=\"widget\" data-widget_type=\"text-editor.default\">\n\t\t\t\t<div class=\"elementor-widget-container\">\n\t\t\t\t\t\t\t<p><span lang=\"EN-US\" style=\"font-size: 11.0pt; font-family: 'Aptos',sans-serif; mso-fareast-font-family: 'Times New Roman'; mso-bidi-font-family: Aptos; mso-ansi-language: EN-US; mso-fareast-language: EN-US; mso-bidi-language: AR-SA;\">Artikel verfasst von R\u00e9gine POUSSIN<\/span><\/p>\n\t\t\t\t\t\t<\/div>\n\t\t\t\t<\/div>\n\t\t\t\t\t<\/div>\n\t\t<\/div>\n\t\t\t\t\t<\/div>\n\t\t<\/section>\n\t\t\t\t<section class=\"elementor-section elementor-top-section elementor-element elementor-element-d43d8bb elementor-section-boxed elementor-section-height-default elementor-section-height-default\" data-id=\"d43d8bb\" data-element_type=\"section\" data-settings=\"{&quot;jet_parallax_layout_list&quot;:[]}\">\n\t\t\t\t\t\t<div class=\"elementor-container elementor-column-gap-default\">\n\t\t\t\t\t<div class=\"elementor-column elementor-col-100 elementor-top-column elementor-element elementor-element-966ca0e\" data-id=\"966ca0e\" data-element_type=\"column\">\n\t\t\t<div class=\"elementor-widget-wrap elementor-element-populated\">\n\t\t\t\t\t\t<section class=\"elementor-section elementor-inner-section elementor-element elementor-element-f653f70 elementor-section-boxed elementor-section-height-default elementor-section-height-default\" data-id=\"f653f70\" data-element_type=\"section\" data-settings=\"{&quot;jet_parallax_layout_list&quot;:[]}\">\n\t\t\t\t\t\t<div class=\"elementor-container elementor-column-gap-default\">\n\t\t\t\t\t<div class=\"elementor-column elementor-col-50 elementor-inner-column elementor-element elementor-element-1070760\" data-id=\"1070760\" data-element_type=\"column\">\n\t\t\t<div class=\"elementor-widget-wrap elementor-element-populated\">\n\t\t\t\t\t\t<div class=\"elementor-element elementor-element-73d5149 elementor-button-info elementor-mobile-align-center elementor-widget elementor-widget-button\" data-id=\"73d5149\" data-element_type=\"widget\" data-widget_type=\"button.default\">\n\t\t\t\t<div class=\"elementor-widget-container\">\n\t\t\t\t\t\t\t<div class=\"elementor-button-wrapper\">\n\t\t\t\t\t<a class=\"elementor-button elementor-button-link elementor-size-sm\" href=\"https:\/\/testit.uni.lu\/connect\/askaresearcher\/\" target=\"_blank\">\n\t\t\t\t\t\t<span class=\"elementor-button-content-wrapper\">\n\t\t\t\t\t\t\t\t\t<span class=\"elementor-button-text\">Weitere Artikel<\/span>\n\t\t\t\t\t<\/span>\n\t\t\t\t\t<\/a>\n\t\t\t\t<\/div>\n\t\t\t\t\t\t<\/div>\n\t\t\t\t<\/div>\n\t\t\t\t\t<\/div>\n\t\t<\/div>\n\t\t\t\t<div class=\"elementor-column elementor-col-50 elementor-inner-column elementor-element elementor-element-fe78664\" data-id=\"fe78664\" data-element_type=\"column\">\n\t\t\t<div class=\"elementor-widget-wrap\">\n\t\t\t\t\t\t\t<\/div>\n\t\t<\/div>\n\t\t\t\t\t<\/div>\n\t\t<\/section>\n\t\t\t\t\t<\/div>\n\t\t<\/div>\n\t\t\t\t\t<\/div>\n\t\t<\/section>\n\t\t\t\t<\/div>\n\t\t","protected":false},"excerpt":{"rendered":"<p>Warum gibt es so viele Programmiersprachen? Was ist eine Programmiersprache? Wenn du schon einmal programmiert hast oder Leute dar\u00fcber sprechen h\u00f6rst, fragst du dich vielleicht: Warum gibt es eigentlich so viele Programmiersprachen? Genauso wie es Englisch, Spanisch, Japanisch und Hunderte andere menschliche Sprachen gibt, hat auch die Welt der Computer ihre eigenen Sprachen \u2013 von &hellip; <a href=\"https:\/\/testit.uni.lu\/de\/austausch\/askaresearcher\/programming-languages\/\" class=\"more-link\"><span class=\"screen-reader-text\">\u201eProgrammingLanguages\u201c<\/span> weiterlesen<\/a><\/p>\n","protected":false},"author":1525,"featured_media":0,"parent":22206,"menu_order":0,"comment_status":"closed","ping_status":"closed","template":"elementor_header_footer","meta":{"iawp_total_views":2,"footnotes":""},"class_list":["post-22640","page","type-page","status-publish","hentry"],"_links":{"self":[{"href":"https:\/\/testit.uni.lu\/de\/wp-json\/wp\/v2\/pages\/22640","targetHints":{"allow":["GET"]}}],"collection":[{"href":"https:\/\/testit.uni.lu\/de\/wp-json\/wp\/v2\/pages"}],"about":[{"href":"https:\/\/testit.uni.lu\/de\/wp-json\/wp\/v2\/types\/page"}],"author":[{"embeddable":true,"href":"https:\/\/testit.uni.lu\/de\/wp-json\/wp\/v2\/users\/1525"}],"replies":[{"embeddable":true,"href":"https:\/\/testit.uni.lu\/de\/wp-json\/wp\/v2\/comments?post=22640"}],"version-history":[{"count":7,"href":"https:\/\/testit.uni.lu\/de\/wp-json\/wp\/v2\/pages\/22640\/revisions"}],"predecessor-version":[{"id":23059,"href":"https:\/\/testit.uni.lu\/de\/wp-json\/wp\/v2\/pages\/22640\/revisions\/23059"}],"up":[{"embeddable":true,"href":"https:\/\/testit.uni.lu\/de\/wp-json\/wp\/v2\/pages\/22206"}],"wp:attachment":[{"href":"https:\/\/testit.uni.lu\/de\/wp-json\/wp\/v2\/media?parent=22640"}],"curies":[{"name":"wp","href":"https:\/\/api.w.org\/{rel}","templated":true}]}}