{"id":19724,"date":"2025-02-27T15:32:13","date_gmt":"2025-02-27T13:32:13","guid":{"rendered":"https:\/\/testit\/role-models-egle\/"},"modified":"2025-08-19T16:40:34","modified_gmt":"2025-08-19T14:40:34","slug":"rolemodels","status":"publish","type":"page","link":"https:\/\/testit.uni.lu\/de\/austausch\/rolemodels\/rolemodels\/","title":{"rendered":"Role Models &#8211; Egle"},"content":{"rendered":"\t\t<div data-elementor-type=\"wp-page\" data-elementor-id=\"19724\" class=\"elementor elementor-19724 elementor-19693\" data-elementor-post-type=\"page\">\n\t\t\t\t\t\t<section class=\"elementor-section elementor-top-section elementor-element elementor-element-cb55d70 elementor-section-content-middle elementor-section-stretched elementor-section-boxed elementor-section-height-default elementor-section-height-default\" data-id=\"cb55d70\" data-element_type=\"section\" data-settings=\"{&quot;background_background&quot;:&quot;classic&quot;,&quot;jet_parallax_layout_list&quot;:[],&quot;stretch_section&quot;:&quot;section-stretched&quot;}\">\n\t\t\t\t\t\t<div class=\"elementor-container elementor-column-gap-default\">\n\t\t\t\t\t<div class=\"elementor-column elementor-col-50 elementor-top-column elementor-element elementor-element-2220d8a\" data-id=\"2220d8a\" data-element_type=\"column\" data-settings=\"{&quot;background_background&quot;:&quot;classic&quot;,&quot;animation&quot;:&quot;none&quot;}\">\n\t\t\t<div class=\"elementor-widget-wrap elementor-element-populated\">\n\t\t\t\t\t\t<div class=\"elementor-element elementor-element-1195a7f elementor-widget elementor-widget-image\" data-id=\"1195a7f\" data-element_type=\"widget\" data-settings=\"{&quot;_animation&quot;:&quot;none&quot;}\" data-widget_type=\"image.default\">\n\t\t\t\t<div class=\"elementor-widget-container\">\n\t\t\t\t\t\t\t\t\t\t\t\t\t\t<a href=\"https:\/\/testit\/rolemodels\/\">\n\t\t\t\t\t\t\t<img fetchpriority=\"high\" decoding=\"async\" width=\"840\" height=\"391\" src=\"https:\/\/testit.uni.lu\/wp-content\/uploads\/2024\/09\/dfzh-768x472-2-1024x477.png\" class=\"attachment-large size-large wp-image-17164\" alt=\"\" srcset=\"https:\/\/testit.uni.lu\/wp-content\/uploads\/2024\/09\/dfzh-768x472-2-1024x477.png 1024w, https:\/\/testit.uni.lu\/wp-content\/uploads\/2024\/09\/dfzh-768x472-2-300x140.png 300w, https:\/\/testit.uni.lu\/wp-content\/uploads\/2024\/09\/dfzh-768x472-2-768x358.png 768w, https:\/\/testit.uni.lu\/wp-content\/uploads\/2024\/09\/dfzh-768x472-2-1536x716.png 1536w, https:\/\/testit.uni.lu\/wp-content\/uploads\/2024\/09\/dfzh-768x472-2-2048x954.png 2048w, https:\/\/testit.uni.lu\/wp-content\/uploads\/2024\/09\/dfzh-768x472-2-1200x559.png 1200w\" sizes=\"(max-width: 709px) 85vw, (max-width: 909px) 67vw, (max-width: 1362px) 62vw, 840px\" \/>\t\t\t\t\t\t\t\t<\/a>\n\t\t\t\t\t\t\t\t\t\t\t\t\t<\/div>\n\t\t\t\t<\/div>\n\t\t\t\t\t<\/div>\n\t\t<\/div>\n\t\t\t\t<div class=\"elementor-column elementor-col-50 elementor-top-column elementor-element elementor-element-a69c9d9\" data-id=\"a69c9d9\" data-element_type=\"column\">\n\t\t\t<div class=\"elementor-widget-wrap elementor-element-populated\">\n\t\t\t\t\t\t<div class=\"elementor-element elementor-element-861dcf7 elementor-widget__width-inherit elementor-widget elementor-widget-heading\" data-id=\"861dcf7\" data-element_type=\"widget\" data-widget_type=\"heading.default\">\n\t\t\t\t<div class=\"elementor-widget-container\">\n\t\t\t<h1 class=\"elementor-heading-title elementor-size-default\"><a href=\"https:\/\/testit\/rolemodels\/\">VORBILDER<\/a><\/h1>\t\t<\/div>\n\t\t\t\t<\/div>\n\t\t\t\t\t<\/div>\n\t\t<\/div>\n\t\t\t\t\t<\/div>\n\t\t<\/section>\n\t\t\t\t<section class=\"elementor-section elementor-top-section elementor-element elementor-element-551a2ac elementor-section-boxed elementor-section-height-default elementor-section-height-default\" data-id=\"551a2ac\" data-element_type=\"section\" data-settings=\"{&quot;jet_parallax_layout_list&quot;:[]}\">\n\t\t\t\t\t\t<div class=\"elementor-container elementor-column-gap-default\">\n\t\t\t\t\t<div class=\"elementor-column elementor-col-100 elementor-top-column elementor-element elementor-element-b210fb0\" data-id=\"b210fb0\" data-element_type=\"column\">\n\t\t\t<div class=\"elementor-widget-wrap elementor-element-populated\">\n\t\t\t\t\t\t<div class=\"elementor-element elementor-element-829ff83 elementor-widget-divider--view-line elementor-widget elementor-widget-divider\" data-id=\"829ff83\" data-element_type=\"widget\" data-widget_type=\"divider.default\">\n\t\t\t\t<div class=\"elementor-widget-container\">\n\t\t\t\t\t<div class=\"elementor-divider\">\n\t\t\t<span class=\"elementor-divider-separator\">\n\t\t\t\t\t\t<\/span>\n\t\t<\/div>\n\t\t\t\t<\/div>\n\t\t\t\t<\/div>\n\t\t\t\t\t<\/div>\n\t\t<\/div>\n\t\t\t\t\t<\/div>\n\t\t<\/section>\n\t\t\t\t<section class=\"elementor-section elementor-top-section elementor-element elementor-element-8a0e98d elementor-section-stretched elementor-section-boxed elementor-section-height-default elementor-section-height-default\" data-id=\"8a0e98d\" data-element_type=\"section\" data-settings=\"{&quot;jet_parallax_layout_list&quot;:[],&quot;stretch_section&quot;:&quot;section-stretched&quot;}\">\n\t\t\t\t\t\t<div class=\"elementor-container elementor-column-gap-default\">\n\t\t\t\t\t<div class=\"elementor-column elementor-col-50 elementor-top-column elementor-element elementor-element-4cffd36\" data-id=\"4cffd36\" data-element_type=\"column\">\n\t\t\t<div class=\"elementor-widget-wrap elementor-element-populated\">\n\t\t\t\t\t\t<div class=\"elementor-element elementor-element-ce2a356 elementor-widget elementor-widget-image\" data-id=\"ce2a356\" data-element_type=\"widget\" data-widget_type=\"image.default\">\n\t\t\t\t<div class=\"elementor-widget-container\">\n\t\t\t\t\t\t\t\t\t\t\t\t\t<img decoding=\"async\" width=\"819\" height=\"1024\" src=\"https:\/\/testit.uni.lu\/wp-content\/uploads\/2025\/05\/Egle-Valkunaite_cropped_2048x2560-819x1024.jpg\" class=\"attachment-large size-large wp-image-20270\" alt=\"\" srcset=\"https:\/\/testit.uni.lu\/wp-content\/uploads\/2025\/05\/Egle-Valkunaite_cropped_2048x2560-819x1024.jpg 819w, https:\/\/testit.uni.lu\/wp-content\/uploads\/2025\/05\/Egle-Valkunaite_cropped_2048x2560-240x300.jpg 240w, https:\/\/testit.uni.lu\/wp-content\/uploads\/2025\/05\/Egle-Valkunaite_cropped_2048x2560-768x960.jpg 768w, https:\/\/testit.uni.lu\/wp-content\/uploads\/2025\/05\/Egle-Valkunaite_cropped_2048x2560-1229x1536.jpg 1229w, https:\/\/testit.uni.lu\/wp-content\/uploads\/2025\/05\/Egle-Valkunaite_cropped_2048x2560-1638x2048.jpg 1638w, https:\/\/testit.uni.lu\/wp-content\/uploads\/2025\/05\/Egle-Valkunaite_cropped_2048x2560-1200x1500.jpg 1200w, https:\/\/testit.uni.lu\/wp-content\/uploads\/2025\/05\/Egle-Valkunaite_cropped_2048x2560.jpg 2048w\" sizes=\"(max-width: 819px) 85vw, 819px\" \/>\t\t\t\t\t\t\t\t\t\t\t\t\t<\/div>\n\t\t\t\t<\/div>\n\t\t\t\t\t<\/div>\n\t\t<\/div>\n\t\t\t\t<div class=\"elementor-column elementor-col-50 elementor-top-column elementor-element elementor-element-24d14dc\" data-id=\"24d14dc\" data-element_type=\"column\">\n\t\t\t<div class=\"elementor-widget-wrap elementor-element-populated\">\n\t\t\t\t\t\t<div class=\"elementor-element elementor-element-9c23b0f elementor-widget elementor-widget-heading\" data-id=\"9c23b0f\" data-element_type=\"widget\" data-widget_type=\"heading.default\">\n\t\t\t\t<div class=\"elementor-widget-container\">\n\t\t\t<h1 class=\"elementor-heading-title elementor-size-default\">Egle Valkunaite<\/h1>\t\t<\/div>\n\t\t\t\t<\/div>\n\t\t\t\t<div class=\"elementor-element elementor-element-41b85b8 elementor-widget__width-initial elementor-widget elementor-widget-text-editor\" data-id=\"41b85b8\" data-element_type=\"widget\" data-widget_type=\"text-editor.default\">\n\t\t\t\t<div class=\"elementor-widget-container\">\n\t\t\t\t\t\t\t<p>Egle entdeckte ihre Leidenschaft f\u00fcr die Informatik bereits im Alter von 12 Jahren, als sie in einem Webentwicklungskurs ihr Interesse an der Technik weckte. Urspr\u00fcnglich aus Litauen stammend, studierte sie Informatik an der Universit\u00e4t von St. Andrews in Schottland. Nach einem Praktikum bei der CACEIS Bank nahm Egle am Graduiertenprogramm der Bank teil, einer Initiative, die es Hochschulabsolventen erm\u00f6glicht, verschiedene Abteilungen zu erkunden und Aufgaben zu finden, die ihren F\u00e4higkeiten und Interessen entsprechen. Ihr st\u00e4ndiger Lerneifer half ihr, von einer IT-Projektmanagerin zu ihrer jetzigen Position als Senior IT-Projektmanagerin aufzusteigen.   <\/p>\n\t\t\t\t\t\t<\/div>\n\t\t\t\t<\/div>\n\t\t\t\t\t<\/div>\n\t\t<\/div>\n\t\t\t\t\t<\/div>\n\t\t<\/section>\n\t\t\t\t<section class=\"elementor-section elementor-top-section elementor-element elementor-element-df2ef2f elementor-section-stretched elementor-section-boxed elementor-section-height-default elementor-section-height-default\" data-id=\"df2ef2f\" data-element_type=\"section\" data-settings=\"{&quot;jet_parallax_layout_list&quot;:[],&quot;stretch_section&quot;:&quot;section-stretched&quot;}\">\n\t\t\t\t\t\t<div class=\"elementor-container elementor-column-gap-default\">\n\t\t\t\t\t<div class=\"elementor-column elementor-col-100 elementor-top-column elementor-element elementor-element-59eaa1b\" data-id=\"59eaa1b\" data-element_type=\"column\">\n\t\t\t<div class=\"elementor-widget-wrap elementor-element-populated\">\n\t\t\t\t\t\t<div class=\"elementor-element elementor-element-aeb37ba elementor-widget elementor-widget-heading\" data-id=\"aeb37ba\" data-element_type=\"widget\" data-widget_type=\"heading.default\">\n\t\t\t\t<div class=\"elementor-widget-container\">\n\t\t\t<h2 class=\"elementor-heading-title elementor-size-default\">Wenn du in der Zeit zur\u00fcckgehen und mit Ihrem j\u00fcngeren Ich \u00fcber Informatik sprechen k\u00f6nntest, wie w\u00fcrdest du ihr Interesse wecken?<\/h2>\t\t<\/div>\n\t\t\t\t<\/div>\n\t\t\t\t<div class=\"elementor-element elementor-element-84cda89 elementor-widget elementor-widget-text-editor\" data-id=\"84cda89\" data-element_type=\"widget\" data-widget_type=\"text-editor.default\">\n\t\t\t\t<div class=\"elementor-widget-container\">\n\t\t\t\t\t\t\t<p>Die Informatik ist ein viel breiteres Feld, was die Arbeits- und Studienm\u00f6glichkeiten angeht, als oft dargestellt wird. Es beschr\u00e4nkt sich nicht darauf, Programmierer zu werden, sondern erfordert viele andere F\u00e4higkeiten, wie z. B. Kreativit\u00e4t bei der Gestaltung von Websites, Anwendungen und Werbung f\u00fcr verschiedene Kommunikationskan\u00e4le. Die Datenanalyse ist ein weiteres Beispiel f\u00fcr die Vielseitigkeit des Bereichs: Sie erfordert Liebe, Wissen und Verst\u00e4ndnis f\u00fcr Daten, um zu verstehen, was sich dahinter verbirgt, und bietet Ihnen im Gegenzug die M\u00f6glichkeit, Muster in jedem Bereich zu finden, der Ihr Interesse weckt.  <\/p>\n<p>Die Informatik ist in Bezug auf die Arbeits- und Studienm\u00f6glichkeiten viel breiter gef\u00e4chert, als oft dargestellt wird. Es beschr\u00e4nkt sich nicht darauf, Programmierer zu werden, sondern erfordert viele andere F\u00e4higkeiten, wie Kreativit\u00e4t bei der Gestaltung von Websites, Anwendungen und Werbung f\u00fcr verschiedene Kommunikationskan\u00e4le. Die Datenanalyse ist ein weiteres Beispiel f\u00fcr die Vielseitigkeit des Fachgebiets: Sie erfordert Liebe, Wissen und Verst\u00e4ndnis f\u00fcr Daten, um zu verstehen, was sich dahinter verbirgt, und bietet Ihnen im Gegenzug die M\u00f6glichkeit, Muster in jedem Bereich zu finden, der Ihr Interesse weckt.  <\/p>\n\t\t\t\t\t\t<\/div>\n\t\t\t\t<\/div>\n\t\t\t\t\t<\/div>\n\t\t<\/div>\n\t\t\t\t\t<\/div>\n\t\t<\/section>\n\t\t\t\t<section class=\"elementor-section elementor-top-section elementor-element elementor-element-423e06b elementor-section-stretched elementor-section-boxed elementor-section-height-default elementor-section-height-default\" data-id=\"423e06b\" data-element_type=\"section\" data-settings=\"{&quot;jet_parallax_layout_list&quot;:[],&quot;stretch_section&quot;:&quot;section-stretched&quot;}\">\n\t\t\t\t\t\t<div class=\"elementor-container elementor-column-gap-default\">\n\t\t\t\t\t<div class=\"elementor-column elementor-col-100 elementor-top-column elementor-element elementor-element-6aaa9d1\" data-id=\"6aaa9d1\" data-element_type=\"column\">\n\t\t\t<div class=\"elementor-widget-wrap elementor-element-populated\">\n\t\t\t\t\t\t<div class=\"elementor-element elementor-element-574a08f elementor-widget elementor-widget-heading\" data-id=\"574a08f\" data-element_type=\"widget\" data-widget_type=\"heading.default\">\n\t\t\t\t<div class=\"elementor-widget-container\">\n\t\t\t<h2 class=\"elementor-heading-title elementor-size-default\">Welche F\u00e4higkeiten oder Eigenschaften sind deiner Meinung nach wichtig f\u00fcr jemanden, der eine Karriere in der Informatik anstrebt? Welchen Rat w\u00fcrdest du aufgrund deiner Erfahrungen jungen Frauen geben, die sich f\u00fcr die Informatik interessieren?<\/h2>\t\t<\/div>\n\t\t\t\t<\/div>\n\t\t\t\t<div class=\"elementor-element elementor-element-18102e4 elementor-widget elementor-widget-text-editor\" data-id=\"18102e4\" data-element_type=\"widget\" data-widget_type=\"text-editor.default\">\n\t\t\t\t<div class=\"elementor-widget-container\">\n\t\t\t\t\t\t\t<p>Logisches Denken spielt in der Informatik eine wichtige Rolle, vor allem wenn es darum geht, Entscheidungen zu treffen, die sich m\u00f6glicherweise auf die Entwicklung eines laufenden Projekts auswirken k\u00f6nnten. Sie sollten in der Lage sein, \u201eout of the box\u201c zu denken und sich nicht an die konventionellen Wege der Probleml\u00f6sung zu halten. Nutzen Sie die technischen M\u00f6glichkeiten und Ressourcen, die Ihnen zur Verf\u00fcgung stehen, um L\u00f6sungen zu finden. Scheuen Sie sich nicht, Dinge kaputt zu machen und bis an die Grenzen zu gehen. Scheuen Sie sich nicht, bei Bedarf um Hilfe zu bitten, vor allem, wenn Sie neu auf dem Gebiet sind. Es ist ein Segen, Kollegen mit Erfahrung zu haben, und Sie sollten die Gelegenheit nutzen, von ihnen zu lernen.     <\/p>\n\t\t\t\t\t\t<\/div>\n\t\t\t\t<\/div>\n\t\t\t\t\t<\/div>\n\t\t<\/div>\n\t\t\t\t\t<\/div>\n\t\t<\/section>\n\t\t\t\t<section class=\"elementor-section elementor-top-section elementor-element elementor-element-e436f02 elementor-section-stretched elementor-section-boxed elementor-section-height-default elementor-section-height-default\" data-id=\"e436f02\" data-element_type=\"section\" data-settings=\"{&quot;jet_parallax_layout_list&quot;:[],&quot;stretch_section&quot;:&quot;section-stretched&quot;}\">\n\t\t\t\t\t\t<div class=\"elementor-container elementor-column-gap-default\">\n\t\t\t\t\t<div class=\"elementor-column elementor-col-100 elementor-top-column elementor-element elementor-element-485a548\" data-id=\"485a548\" data-element_type=\"column\">\n\t\t\t<div class=\"elementor-widget-wrap elementor-element-populated\">\n\t\t\t\t\t\t<div class=\"elementor-element elementor-element-55089df elementor-widget elementor-widget-heading\" data-id=\"55089df\" data-element_type=\"widget\" data-widget_type=\"heading.default\">\n\t\t\t\t<div class=\"elementor-widget-container\">\n\t\t\t<h2 class=\"elementor-heading-title elementor-size-default\">Wie kann deiner Meinung nach die Wahrnehmung von Frauen in m\u00e4nnerdominierten Bereichen wie der Informatik ver\u00e4ndert werden? <\/h2>\t\t<\/div>\n\t\t\t\t<\/div>\n\t\t\t\t<div class=\"elementor-element elementor-element-ba5fc94 elementor-widget elementor-widget-text-editor\" data-id=\"ba5fc94\" data-element_type=\"widget\" data-widget_type=\"text-editor.default\">\n\t\t\t\t<div class=\"elementor-widget-container\">\n\t\t\t\t\t\t\t<p>Es beginnt mit den m\u00e4nnlichen Vorbildern, die Frauen in ihrem Leben haben und die sie unterst\u00fctzen und ermutigen, ihre Ziele zu verfolgen, auch wenn der Bereich als m\u00e4nnerdominiert gilt. Aber auch mit Frauen, die diese Stereotypen in Frage stellen. Es kann so einfach sein, eine Person zu fragen, warum sie glaubt, dass ein Bereich wie Informatik als m\u00e4nnerdominiert gilt.  <\/p>\n<p>Die Gleichstellung sollte auch am Arbeitsplatz gef\u00f6rdert werden. Die meisten Unternehmen haben sich in diesem Bereich bereits Ziele gesetzt, aber sie sollten auch die j\u00fcngeren Generationen ansprechen, die Jahre sp\u00e4ter auf den Arbeitsmarkt kommen werden. Sommerjobs und Praktika k\u00f6nnten ein einfacher Weg sein, um Einblicke und Erfahrungen zu vermitteln, wie es ist, in der Informatik zu arbeiten, und um zu zeigen, dass es keinen Grund gibt, diesen Bereich als eher f\u00fcr M\u00e4nner geeignet zu betrachten. Durch die Aufnahme von Praktikanten in der Bank hat CACEIS einen Beitrag zum Plan Jeunesse von Cr\u00e9dit Agricole geleistet, um die jungen Generationen zu integrieren und zu f\u00f6rdern.   <\/p>\n\t\t\t\t\t\t<\/div>\n\t\t\t\t<\/div>\n\t\t\t\t\t<\/div>\n\t\t<\/div>\n\t\t\t\t\t<\/div>\n\t\t<\/section>\n\t\t\t\t<section class=\"elementor-section elementor-top-section elementor-element elementor-element-700cb9d elementor-section-stretched elementor-section-boxed elementor-section-height-default elementor-section-height-default\" data-id=\"700cb9d\" data-element_type=\"section\" data-settings=\"{&quot;jet_parallax_layout_list&quot;:[],&quot;stretch_section&quot;:&quot;section-stretched&quot;}\">\n\t\t\t\t\t\t<div class=\"elementor-container elementor-column-gap-default\">\n\t\t\t\t\t<div class=\"elementor-column elementor-col-100 elementor-top-column elementor-element elementor-element-20290ae\" data-id=\"20290ae\" data-element_type=\"column\">\n\t\t\t<div class=\"elementor-widget-wrap elementor-element-populated\">\n\t\t\t\t\t\t<div class=\"elementor-element elementor-element-e213d76 elementor-widget elementor-widget-heading\" data-id=\"e213d76\" data-element_type=\"widget\" data-widget_type=\"heading.default\">\n\t\t\t\t<div class=\"elementor-widget-container\">\n\t\t\t<h2 class=\"elementor-heading-title elementor-size-default\">Welche Aspekte der Informatik gefallen Ihnen am meisten und warum?<\/h2>\t\t<\/div>\n\t\t\t\t<\/div>\n\t\t\t\t<div class=\"elementor-element elementor-element-a6040cc elementor-widget elementor-widget-text-editor\" data-id=\"a6040cc\" data-element_type=\"widget\" data-widget_type=\"text-editor.default\">\n\t\t\t\t<div class=\"elementor-widget-container\">\n\t\t\t\t\t\t\t<p>Wenn Sie die Kernkonzepte der Informatik verstehen, k\u00f6nnen Sie nachvollziehen, wie die meisten Werkzeuge und Ger\u00e4te um uns herum funktionieren. Sie sind dann nicht nur in der Lage, einfache Probleme selbst zu beheben, sondern k\u00f6nnen sie auch verbessern und an Ihre speziellen Bed\u00fcrfnisse anpassen. <\/p>\n<p>Die Informatik entwickelt sich schnell weiter und es entstehen st\u00e4ndig neue Technologien. Solange Sie bereit sind zu lernen, wird es Ihnen nie langweilig werden! <\/p>\n\t\t\t\t\t\t<\/div>\n\t\t\t\t<\/div>\n\t\t\t\t\t<\/div>\n\t\t<\/div>\n\t\t\t\t\t<\/div>\n\t\t<\/section>\n\t\t\t\t<section class=\"elementor-section elementor-top-section elementor-element elementor-element-d7bbd19 elementor-section-stretched elementor-section-boxed elementor-section-height-default elementor-section-height-default\" data-id=\"d7bbd19\" data-element_type=\"section\" data-settings=\"{&quot;jet_parallax_layout_list&quot;:[],&quot;stretch_section&quot;:&quot;section-stretched&quot;}\">\n\t\t\t\t\t\t<div class=\"elementor-container elementor-column-gap-default\">\n\t\t\t\t\t<div class=\"elementor-column elementor-col-100 elementor-top-column elementor-element elementor-element-0bf2cb2\" data-id=\"0bf2cb2\" data-element_type=\"column\">\n\t\t\t<div class=\"elementor-widget-wrap elementor-element-populated\">\n\t\t\t\t\t\t<div class=\"elementor-element elementor-element-0d8f84f elementor-button-info elementor-mobile-align-center elementor-widget elementor-widget-button\" data-id=\"0d8f84f\" data-element_type=\"widget\" data-widget_type=\"button.default\">\n\t\t\t\t<div class=\"elementor-widget-container\">\n\t\t\t\t\t\t\t<div class=\"elementor-button-wrapper\">\n\t\t\t\t\t<a class=\"elementor-button elementor-button-link elementor-size-sm\" href=\"https:\/\/testit.uni.lu\/connect\/rolemodels\/\">\n\t\t\t\t\t\t<span class=\"elementor-button-content-wrapper\">\n\t\t\t\t\t\t\t\t\t<span class=\"elementor-button-text\">Weitere Artikel<\/span>\n\t\t\t\t\t<\/span>\n\t\t\t\t\t<\/a>\n\t\t\t\t<\/div>\n\t\t\t\t\t\t<\/div>\n\t\t\t\t<\/div>\n\t\t\t\t\t<\/div>\n\t\t<\/div>\n\t\t\t\t\t<\/div>\n\t\t<\/section>\n\t\t\t\t<\/div>\n\t\t","protected":false},"excerpt":{"rendered":"<p>VORBILDER Egle Valkunaite Egle entdeckte ihre Leidenschaft f\u00fcr die Informatik bereits im Alter von 12 Jahren, als sie in einem Webentwicklungskurs ihr Interesse an der Technik weckte. Urspr\u00fcnglich aus Litauen stammend, studierte sie Informatik an der Universit\u00e4t von St. Andrews in Schottland. Nach einem Praktikum bei der CACEIS Bank nahm Egle am Graduiertenprogramm der Bank &hellip; <a href=\"https:\/\/testit.uni.lu\/de\/austausch\/rolemodels\/rolemodels\/\" class=\"more-link\"><span class=\"screen-reader-text\">\u201eRole Models &#8211; Egle\u201c<\/span> weiterlesen<\/a><\/p>\n","protected":false},"author":1525,"featured_media":0,"parent":18567,"menu_order":0,"comment_status":"closed","ping_status":"closed","template":"elementor_header_footer","meta":{"iawp_total_views":0,"footnotes":""},"class_list":["post-19724","page","type-page","status-publish","hentry"],"_links":{"self":[{"href":"https:\/\/testit.uni.lu\/de\/wp-json\/wp\/v2\/pages\/19724","targetHints":{"allow":["GET"]}}],"collection":[{"href":"https:\/\/testit.uni.lu\/de\/wp-json\/wp\/v2\/pages"}],"about":[{"href":"https:\/\/testit.uni.lu\/de\/wp-json\/wp\/v2\/types\/page"}],"author":[{"embeddable":true,"href":"https:\/\/testit.uni.lu\/de\/wp-json\/wp\/v2\/users\/1525"}],"replies":[{"embeddable":true,"href":"https:\/\/testit.uni.lu\/de\/wp-json\/wp\/v2\/comments?post=19724"}],"version-history":[{"count":18,"href":"https:\/\/testit.uni.lu\/de\/wp-json\/wp\/v2\/pages\/19724\/revisions"}],"predecessor-version":[{"id":23050,"href":"https:\/\/testit.uni.lu\/de\/wp-json\/wp\/v2\/pages\/19724\/revisions\/23050"}],"up":[{"embeddable":true,"href":"https:\/\/testit.uni.lu\/de\/wp-json\/wp\/v2\/pages\/18567"}],"wp:attachment":[{"href":"https:\/\/testit.uni.lu\/de\/wp-json\/wp\/v2\/media?parent=19724"}],"curies":[{"name":"wp","href":"https:\/\/api.w.org\/{rel}","templated":true}]}}