{"id":17802,"date":"2024-07-12T13:23:12","date_gmt":"2024-07-12T11:23:12","guid":{"rendered":"https:\/\/testit\/ausstellung\/tanz-und-kuenstliche-intelligenz-2\/"},"modified":"2025-08-19T15:40:19","modified_gmt":"2025-08-19T13:40:19","slug":"tanz-und-kuenstliche-intelligenz","status":"publish","type":"page","link":"https:\/\/testit.uni.lu\/de\/ausstellung\/tanz-und-kuenstliche-intelligenz\/","title":{"rendered":"Tanz und K\u00fcnstliche Intelligenz"},"content":{"rendered":"\t\t<div data-elementor-type=\"wp-page\" data-elementor-id=\"17802\" class=\"elementor elementor-17802 elementor-16856\" data-elementor-post-type=\"page\">\n\t\t\t\t\t\t<section class=\"elementor-section elementor-top-section elementor-element elementor-element-15d1701 elementor-section-height-min-height elementor-section-items-stretch elementor-section-content-bottom elementor-section-stretched elementor-section-boxed elementor-section-height-default\" data-id=\"15d1701\" data-element_type=\"section\" data-settings=\"{&quot;jet_parallax_layout_list&quot;:[],&quot;background_background&quot;:&quot;classic&quot;,&quot;stretch_section&quot;:&quot;section-stretched&quot;}\">\n\t\t\t\t\t\t<div class=\"elementor-container elementor-column-gap-no\">\n\t\t\t\t\t<div class=\"elementor-column elementor-col-50 elementor-top-column elementor-element elementor-element-711f27c\" data-id=\"711f27c\" data-element_type=\"column\">\n\t\t\t<div class=\"elementor-widget-wrap elementor-element-populated\">\n\t\t\t\t\t\t<div class=\"elementor-element elementor-element-1eb442e elementor-widget elementor-widget-heading\" data-id=\"1eb442e\" data-element_type=\"widget\" data-widget_type=\"heading.default\">\n\t\t\t\t<div class=\"elementor-widget-container\">\n\t\t\t<h2 class=\"elementor-heading-title elementor-size-default\">Tanz und K\u00fcnstliche Intelligenz<\/h2>\t\t<\/div>\n\t\t\t\t<\/div>\n\t\t\t\t<div class=\"elementor-element elementor-element-1965711 elementor-widget elementor-widget-text-editor\" data-id=\"1965711\" data-element_type=\"widget\" data-widget_type=\"text-editor.default\">\n\t\t\t\t<div class=\"elementor-widget-container\">\n\t\t\t\t\t\t\t<p><span class=\"ui-provider fz b c d e f g h i j k l m n o p q r s t u v w x y z ab ac ae af ag ah ai aj ak\" dir=\"ltr\">Al ROBOLAB @University of Luxembourg | <\/span><span class=\"ui-provider fz b c d e f g h i j k l m n o p q r s t u v w x y z ab ac ae af ag ah ai aj ak\" dir=\"ltr\">N. Shojaee, B. Antico |2022<br \/><\/span><\/p>\n\t\t\t\t\t\t<\/div>\n\t\t\t\t<\/div>\n\t\t\t\t\t<\/div>\n\t\t<\/div>\n\t\t\t\t<div class=\"elementor-column elementor-col-50 elementor-top-column elementor-element elementor-element-cdc19b1\" data-id=\"cdc19b1\" data-element_type=\"column\">\n\t\t\t<div class=\"elementor-widget-wrap elementor-element-populated\">\n\t\t\t\t\t\t<section class=\"elementor-section elementor-inner-section elementor-element elementor-element-97e76e3 elementor-section-boxed elementor-section-height-default elementor-section-height-default\" data-id=\"97e76e3\" data-element_type=\"section\" data-settings=\"{&quot;jet_parallax_layout_list&quot;:[]}\">\n\t\t\t\t\t\t<div class=\"elementor-container elementor-column-gap-no\">\n\t\t\t\t\t<div class=\"elementor-column elementor-col-50 elementor-inner-column elementor-element elementor-element-18d29e4\" data-id=\"18d29e4\" data-element_type=\"column\">\n\t\t\t<div class=\"elementor-widget-wrap elementor-element-populated\">\n\t\t\t\t\t\t<div class=\"elementor-element elementor-element-69a6060 animated-fast elementor-invisible elementor-widget elementor-widget-image\" data-id=\"69a6060\" data-element_type=\"widget\" data-settings=\"{&quot;_animation&quot;:&quot;slideInDown&quot;,&quot;_animation_tablet&quot;:&quot;slideInRight&quot;}\" data-widget_type=\"image.default\">\n\t\t\t\t<div class=\"elementor-widget-container\">\n\t\t\t\t\t\t\t\t\t\t\t\t\t<img fetchpriority=\"high\" decoding=\"async\" width=\"666\" height=\"1024\" src=\"https:\/\/testit.uni.lu\/wp-content\/uploads\/2023\/07\/MicrosoftTeams-image-151-666x1024.png\" class=\"attachment-large size-large wp-image-11303\" alt=\"\" srcset=\"https:\/\/testit.uni.lu\/wp-content\/uploads\/2023\/07\/MicrosoftTeams-image-151-666x1024.png 666w, https:\/\/testit.uni.lu\/wp-content\/uploads\/2023\/07\/MicrosoftTeams-image-151-195x300.png 195w, https:\/\/testit.uni.lu\/wp-content\/uploads\/2023\/07\/MicrosoftTeams-image-151.png 700w\" sizes=\"(max-width: 666px) 85vw, 666px\" \/>\t\t\t\t\t\t\t\t\t\t\t\t\t<\/div>\n\t\t\t\t<\/div>\n\t\t\t\t\t<\/div>\n\t\t<\/div>\n\t\t\t\t<div class=\"elementor-column elementor-col-50 elementor-inner-column elementor-element elementor-element-6d734ca\" data-id=\"6d734ca\" data-element_type=\"column\">\n\t\t\t<div class=\"elementor-widget-wrap elementor-element-populated\">\n\t\t\t\t\t\t<div class=\"elementor-element elementor-element-56387502 animated-fast elementor-invisible elementor-widget elementor-widget-image\" data-id=\"56387502\" data-element_type=\"widget\" data-settings=\"{&quot;_animation&quot;:&quot;slideInRight&quot;,&quot;_animation_tablet&quot;:&quot;slideInLeft&quot;}\" data-widget_type=\"image.default\">\n\t\t\t\t<div class=\"elementor-widget-container\">\n\t\t\t\t\t\t\t\t\t\t\t\t\t<img decoding=\"async\" width=\"568\" height=\"700\" src=\"https:\/\/testit.uni.lu\/wp-content\/uploads\/2023\/07\/MicrosoftTeams-image-154.png\" class=\"attachment-large size-large wp-image-11310\" alt=\"\" srcset=\"https:\/\/testit.uni.lu\/wp-content\/uploads\/2023\/07\/MicrosoftTeams-image-154.png 568w, https:\/\/testit.uni.lu\/wp-content\/uploads\/2023\/07\/MicrosoftTeams-image-154-243x300.png 243w\" sizes=\"(max-width: 568px) 85vw, 568px\" \/>\t\t\t\t\t\t\t\t\t\t\t\t\t<\/div>\n\t\t\t\t<\/div>\n\t\t\t\t\t<\/div>\n\t\t<\/div>\n\t\t\t\t\t<\/div>\n\t\t<\/section>\n\t\t\t\t\t<\/div>\n\t\t<\/div>\n\t\t\t\t\t<\/div>\n\t\t<\/section>\n\t\t\t\t<section class=\"elementor-section elementor-top-section elementor-element elementor-element-603a14a elementor-section-boxed elementor-section-height-default elementor-section-height-default\" data-id=\"603a14a\" data-element_type=\"section\" data-settings=\"{&quot;jet_parallax_layout_list&quot;:[],&quot;background_background&quot;:&quot;classic&quot;}\">\n\t\t\t\t\t\t<div class=\"elementor-container elementor-column-gap-default\">\n\t\t\t\t\t<div class=\"elementor-column elementor-col-100 elementor-top-column elementor-element elementor-element-5ba8ced\" data-id=\"5ba8ced\" data-element_type=\"column\">\n\t\t\t<div class=\"elementor-widget-wrap elementor-element-populated\">\n\t\t\t\t\t\t<div class=\"elementor-element elementor-element-b1a454b elementor-widget elementor-widget-heading\" data-id=\"b1a454b\" data-element_type=\"widget\" data-widget_type=\"heading.default\">\n\t\t\t\t<div class=\"elementor-widget-container\">\n\t\t\t<h2 class=\"elementor-heading-title elementor-size-default\">Schaue einer KI beim Tanzen zu!<\/h2>\t\t<\/div>\n\t\t\t\t<\/div>\n\t\t\t\t<div class=\"elementor-element elementor-element-14294ed elementor-widget elementor-widget-text-editor\" data-id=\"14294ed\" data-element_type=\"widget\" data-widget_type=\"text-editor.default\">\n\t\t\t\t<div class=\"elementor-widget-container\">\n\t\t\t\t\t\t\t<p>F\u00fcr diese Ausstellung im Jahr 2022 haben wir ein KI-Programm darauf trainiert, Musik zu h\u00f6ren und Tanzbewegungen zu dieser Musik zu erzeugen. In diesen beiden Videos siehst du zwei Beispiele f\u00fcr Tanzbewegungen, die unser KI-Programm zu zwei verschiedenen Tanzstilen generiert hat: Ballett und Tango. <\/p>\n\t\t\t\t\t\t<\/div>\n\t\t\t\t<\/div>\n\t\t\t\t\t<\/div>\n\t\t<\/div>\n\t\t\t\t\t<\/div>\n\t\t<\/section>\n\t\t\t\t<section class=\"elementor-section elementor-top-section elementor-element elementor-element-f0972d5 elementor-section-boxed elementor-section-height-default elementor-section-height-default\" data-id=\"f0972d5\" data-element_type=\"section\" data-settings=\"{&quot;jet_parallax_layout_list&quot;:[],&quot;background_background&quot;:&quot;classic&quot;}\">\n\t\t\t\t\t\t<div class=\"elementor-container elementor-column-gap-default\">\n\t\t\t\t\t<div class=\"elementor-column elementor-col-50 elementor-top-column elementor-element elementor-element-a1d4048\" data-id=\"a1d4048\" data-element_type=\"column\">\n\t\t\t<div class=\"elementor-widget-wrap elementor-element-populated\">\n\t\t\t\t\t\t<div class=\"elementor-element elementor-element-00e7e12 elementor-widget elementor-widget-video\" data-id=\"00e7e12\" data-element_type=\"widget\" data-settings=\"{&quot;video_type&quot;:&quot;hosted&quot;,&quot;controls&quot;:&quot;yes&quot;}\" data-widget_type=\"video.default\">\n\t\t\t\t<div class=\"elementor-widget-container\">\n\t\t\t\t\t<div class=\"e-hosted-video elementor-wrapper elementor-open-inline\">\n\t\t\t\t\t<video class=\"elementor-video\" src=\"https:\/\/testit.uni.lu\/wp-content\/uploads\/2023\/07\/Tango-Workshop1-video-converter.com_.mp4\" controls=\"\" preload=\"metadata\" controlsList=\"nodownload\"><\/video>\n\t\t\t\t<\/div>\n\t\t\t\t<\/div>\n\t\t\t\t<\/div>\n\t\t\t\t\t<\/div>\n\t\t<\/div>\n\t\t\t\t<div class=\"elementor-column elementor-col-50 elementor-top-column elementor-element elementor-element-15e060d\" data-id=\"15e060d\" data-element_type=\"column\">\n\t\t\t<div class=\"elementor-widget-wrap elementor-element-populated\">\n\t\t\t\t\t\t<div class=\"elementor-element elementor-element-eb3ba26 elementor-widget elementor-widget-video\" data-id=\"eb3ba26\" data-element_type=\"widget\" data-settings=\"{&quot;video_type&quot;:&quot;hosted&quot;,&quot;controls&quot;:&quot;yes&quot;}\" data-widget_type=\"video.default\">\n\t\t\t\t<div class=\"elementor-widget-container\">\n\t\t\t\t\t<div class=\"e-hosted-video elementor-wrapper elementor-open-inline\">\n\t\t\t\t\t<video class=\"elementor-video\" src=\"https:\/\/testit.uni.lu\/wp-content\/uploads\/2023\/07\/AI-DANCER-Ballet-video-converter.com_.mp4\" controls=\"\" preload=\"metadata\" controlsList=\"nodownload\"><\/video>\n\t\t\t\t<\/div>\n\t\t\t\t<\/div>\n\t\t\t\t<\/div>\n\t\t\t\t\t<\/div>\n\t\t<\/div>\n\t\t\t\t\t<\/div>\n\t\t<\/section>\n\t\t\t\t<section class=\"elementor-section elementor-top-section elementor-element elementor-element-8656b53 elementor-section-boxed elementor-section-height-default elementor-section-height-default\" data-id=\"8656b53\" data-element_type=\"section\" data-settings=\"{&quot;jet_parallax_layout_list&quot;:[],&quot;background_background&quot;:&quot;classic&quot;}\">\n\t\t\t\t\t\t<div class=\"elementor-container elementor-column-gap-default\">\n\t\t\t\t\t<div class=\"elementor-column elementor-col-100 elementor-top-column elementor-element elementor-element-265c8f0\" data-id=\"265c8f0\" data-element_type=\"column\">\n\t\t\t<div class=\"elementor-widget-wrap elementor-element-populated\">\n\t\t\t\t\t\t<div class=\"elementor-element elementor-element-844e79f elementor-widget elementor-widget-text-editor\" data-id=\"844e79f\" data-element_type=\"widget\" data-widget_type=\"text-editor.default\">\n\t\t\t\t<div class=\"elementor-widget-container\">\n\t\t\t\t\t\t\t<p>Diese Videos zeigen die Ergebnisse einer k\u00fcnstlichen Intelligenz, die auf 71 Stunden Filmmaterial von Tanzclips mit Musik trainiert wurde. Die Tanzposen werden durch 14 Schl\u00fcsselpunkte (Arm- und Beingelenke, Schultern, &#8230;) definiert, die ein Skelett bilden, das die Tanzbewegungen darstellt. Die k\u00fcnstliche Intelligenz w\u00e4hlt eine Reihe von Tanzbewegungen aus, die am besten zur Musik passen, basierend auf den Trainingsdaten, mit denen das Programm gelernt hat.  <\/p>\n\t\t\t\t\t\t<\/div>\n\t\t\t\t<\/div>\n\t\t\t\t\t<\/div>\n\t\t<\/div>\n\t\t\t\t\t<\/div>\n\t\t<\/section>\n\t\t\t\t<section class=\"elementor-section elementor-top-section elementor-element elementor-element-ca74451 elementor-section-boxed elementor-section-height-default elementor-section-height-default\" data-id=\"ca74451\" data-element_type=\"section\" data-settings=\"{&quot;jet_parallax_layout_list&quot;:[],&quot;background_background&quot;:&quot;classic&quot;}\">\n\t\t\t\t\t\t<div class=\"elementor-container elementor-column-gap-default\">\n\t\t\t\t\t<div class=\"elementor-column elementor-col-100 elementor-top-column elementor-element elementor-element-75efa15\" data-id=\"75efa15\" data-element_type=\"column\">\n\t\t\t<div class=\"elementor-widget-wrap elementor-element-populated\">\n\t\t\t\t\t\t<div class=\"elementor-element elementor-element-590d31e elementor-widget elementor-widget-heading\" data-id=\"590d31e\" data-element_type=\"widget\" data-widget_type=\"heading.default\">\n\t\t\t\t<div class=\"elementor-widget-container\">\n\t\t\t<h2 class=\"elementor-heading-title elementor-size-default\">Die Schwierigkeiten dieses Projektes<\/h2>\t\t<\/div>\n\t\t\t\t<\/div>\n\t\t\t\t<div class=\"elementor-element elementor-element-4ee867c elementor-widget elementor-widget-text-editor\" data-id=\"4ee867c\" data-element_type=\"widget\" data-widget_type=\"text-editor.default\">\n\t\t\t\t<div class=\"elementor-widget-container\">\n\t\t\t\t\t\t\t<p>W\u00e4hrend des Projekts traten viele Herausforderungen auf, um die KI dazu zu bringen, Tanzbewegungen zu verstehen und sie an die Musik anzupassen. Insbesondere bei den komplexeren Tanzbewegungen hatte die KI Schwierigkeiten, das Skelett auf die Tanzbewegungen abzubilden. Das folgende Video auf der linken Seite zeigt abwechselnd ein Trainingsvideo einer Ballettt\u00e4nzerin und die Ausgabe der KI. Die rechte Seite zeigt zwei Bilder von anspruchsvollen Tanzposen, die das Skelett nicht vollst\u00e4ndig darstellen k\u00f6nnen.   <\/p>\n\t\t\t\t\t\t<\/div>\n\t\t\t\t<\/div>\n\t\t\t\t\t<\/div>\n\t\t<\/div>\n\t\t\t\t\t<\/div>\n\t\t<\/section>\n\t\t\t\t<section class=\"elementor-section elementor-top-section elementor-element elementor-element-a629c44 elementor-section-content-middle elementor-section-boxed elementor-section-height-default elementor-section-height-default\" data-id=\"a629c44\" data-element_type=\"section\" data-settings=\"{&quot;jet_parallax_layout_list&quot;:[],&quot;background_background&quot;:&quot;classic&quot;}\">\n\t\t\t\t\t\t<div class=\"elementor-container elementor-column-gap-default\">\n\t\t\t\t\t<div class=\"elementor-column elementor-col-50 elementor-top-column elementor-element elementor-element-6746650\" data-id=\"6746650\" data-element_type=\"column\">\n\t\t\t<div class=\"elementor-widget-wrap elementor-element-populated\">\n\t\t\t\t\t\t<div class=\"elementor-element elementor-element-2007288 elementor-widget elementor-widget-video\" data-id=\"2007288\" data-element_type=\"widget\" data-settings=\"{&quot;video_type&quot;:&quot;hosted&quot;,&quot;controls&quot;:&quot;yes&quot;}\" data-widget_type=\"video.default\">\n\t\t\t\t<div class=\"elementor-widget-container\">\n\t\t\t\t\t<div class=\"e-hosted-video elementor-wrapper elementor-open-inline\">\n\t\t\t\t\t<video class=\"elementor-video\" src=\"https:\/\/testit.uni.lu\/wp-content\/uploads\/2023\/07\/Dance-and-AI-2.mp4\" controls=\"\" preload=\"metadata\" controlsList=\"nodownload\"><\/video>\n\t\t\t\t<\/div>\n\t\t\t\t<\/div>\n\t\t\t\t<\/div>\n\t\t\t\t\t<\/div>\n\t\t<\/div>\n\t\t\t\t<div class=\"elementor-column elementor-col-50 elementor-top-column elementor-element elementor-element-460575a\" data-id=\"460575a\" data-element_type=\"column\">\n\t\t\t<div class=\"elementor-widget-wrap elementor-element-populated\">\n\t\t\t\t\t\t<section class=\"elementor-section elementor-inner-section elementor-element elementor-element-161f634 elementor-section-content-bottom elementor-section-boxed elementor-section-height-default elementor-section-height-default\" data-id=\"161f634\" data-element_type=\"section\" data-settings=\"{&quot;jet_parallax_layout_list&quot;:[]}\">\n\t\t\t\t\t\t<div class=\"elementor-container elementor-column-gap-default\">\n\t\t\t\t\t<div class=\"elementor-column elementor-col-50 elementor-inner-column elementor-element elementor-element-8635e87\" data-id=\"8635e87\" data-element_type=\"column\">\n\t\t\t<div class=\"elementor-widget-wrap elementor-element-populated\">\n\t\t\t\t\t\t<div class=\"elementor-element elementor-element-395c95c elementor-widget elementor-widget-image\" data-id=\"395c95c\" data-element_type=\"widget\" data-widget_type=\"image.default\">\n\t\t\t\t<div class=\"elementor-widget-container\">\n\t\t\t\t\t\t\t\t\t\t\t\t\t<img decoding=\"async\" width=\"258\" height=\"365\" src=\"https:\/\/testit.uni.lu\/wp-content\/uploads\/2024\/07\/challenge1.png\" class=\"attachment-large size-large wp-image-16857\" alt=\"\" srcset=\"https:\/\/testit.uni.lu\/wp-content\/uploads\/2024\/07\/challenge1.png 258w, https:\/\/testit.uni.lu\/wp-content\/uploads\/2024\/07\/challenge1-212x300.png 212w\" sizes=\"(max-width: 258px) 85vw, 258px\" \/>\t\t\t\t\t\t\t\t\t\t\t\t\t<\/div>\n\t\t\t\t<\/div>\n\t\t\t\t<div class=\"elementor-element elementor-element-eb7d1a3 elementor-widget elementor-widget-text-editor\" data-id=\"eb7d1a3\" data-element_type=\"widget\" data-widget_type=\"text-editor.default\">\n\t\t\t\t<div class=\"elementor-widget-container\">\n\t\t\t\t\t\t\t<p>Das linke Bein der T\u00e4nzerin ist hinter ihrem K\u00f6rper angehoben und somit unsichtbar, was eine korrekte Bestimmung des Skeletts unm\u00f6glich macht.<\/p>\n\t\t\t\t\t\t<\/div>\n\t\t\t\t<\/div>\n\t\t\t\t\t<\/div>\n\t\t<\/div>\n\t\t\t\t<div class=\"elementor-column elementor-col-50 elementor-inner-column elementor-element elementor-element-c49a7a3\" data-id=\"c49a7a3\" data-element_type=\"column\">\n\t\t\t<div class=\"elementor-widget-wrap elementor-element-populated\">\n\t\t\t\t\t\t<div class=\"elementor-element elementor-element-9b13c88 elementor-widget elementor-widget-image\" data-id=\"9b13c88\" data-element_type=\"widget\" data-widget_type=\"image.default\">\n\t\t\t\t<div class=\"elementor-widget-container\">\n\t\t\t\t\t\t\t\t\t\t\t\t\t<img loading=\"lazy\" decoding=\"async\" width=\"374\" height=\"321\" src=\"https:\/\/testit.uni.lu\/wp-content\/uploads\/2024\/07\/challenge3.png\" class=\"attachment-large size-large wp-image-16863\" alt=\"\" srcset=\"https:\/\/testit.uni.lu\/wp-content\/uploads\/2024\/07\/challenge3.png 374w, https:\/\/testit.uni.lu\/wp-content\/uploads\/2024\/07\/challenge3-300x257.png 300w\" sizes=\"(max-width: 374px) 85vw, 374px\" \/>\t\t\t\t\t\t\t\t\t\t\t\t\t<\/div>\n\t\t\t\t<\/div>\n\t\t\t\t<div class=\"elementor-element elementor-element-69e9911 elementor-widget elementor-widget-text-editor\" data-id=\"69e9911\" data-element_type=\"widget\" data-widget_type=\"text-editor.default\">\n\t\t\t\t<div class=\"elementor-widget-container\">\n\t\t\t\t\t\t\t<p>Eine komplexere Pose wie die oben gezeigte stellt die KI vor Probleme, die Schl\u00fcsselpunkte des Skeletts korrekt mit der T\u00e4nzerin zu verbinden.<\/p>\n\t\t\t\t\t\t<\/div>\n\t\t\t\t<\/div>\n\t\t\t\t\t<\/div>\n\t\t<\/div>\n\t\t\t\t\t<\/div>\n\t\t<\/section>\n\t\t\t\t\t<\/div>\n\t\t<\/div>\n\t\t\t\t\t<\/div>\n\t\t<\/section>\n\t\t\t\t<section class=\"elementor-section elementor-top-section elementor-element elementor-element-6e73780 elementor-section-boxed elementor-section-height-default elementor-section-height-default\" data-id=\"6e73780\" data-element_type=\"section\" data-settings=\"{&quot;jet_parallax_layout_list&quot;:[],&quot;background_background&quot;:&quot;classic&quot;}\">\n\t\t\t\t\t\t<div class=\"elementor-container elementor-column-gap-default\">\n\t\t\t\t\t<div class=\"elementor-column elementor-col-100 elementor-top-column elementor-element elementor-element-449463f\" data-id=\"449463f\" data-element_type=\"column\">\n\t\t\t<div class=\"elementor-widget-wrap elementor-element-populated\">\n\t\t\t\t\t\t<div class=\"elementor-element elementor-element-08b0b9a elementor-widget elementor-widget-heading\" data-id=\"08b0b9a\" data-element_type=\"widget\" data-widget_type=\"heading.default\">\n\t\t\t\t<div class=\"elementor-widget-container\">\n\t\t\t<h2 class=\"elementor-heading-title elementor-size-default\">Unsere Idee f\u00fcr einen m\u00f6glichen n\u00e4chsten Schritt<\/h2>\t\t<\/div>\n\t\t\t\t<\/div>\n\t\t\t\t<div class=\"elementor-element elementor-element-c70fe2d elementor-widget elementor-widget-text-editor\" data-id=\"c70fe2d\" data-element_type=\"widget\" data-widget_type=\"text-editor.default\">\n\t\t\t\t<div class=\"elementor-widget-container\">\n\t\t\t\t\t\t\t<p>Eine weitere Idee, die wir im Anschluss an diese automatisierten T\u00e4nze hatten, war, einen halbhumanoiden Roboter tanzen zu lassen. Pepper ist der erste soziale halbhumanoide Roboter, der von SoftBank Robotics hergestellt wurde und in der Lage ist, Gesichter und grundlegende menschliche Emotionen zu erkennen. Pepper wurde f\u00fcr die Interaktion mit Menschen optimiert und kann mit Menschen durch Gespr\u00e4che und seinen Touchscreen interagieren. Peppers physische und interaktive Eigenschaften weckten unser Interesse, eine grundlegende Ballett-Tanzsequenz f\u00fcr diesen Roboter zu entwerfen und die Mensch-Roboter-Interaktion durch Tanz zu erproben. Schaue dir die Tanzchoreografien mit dem Pepper-Roboter im folgenden Video an.  <\/p>\n\t\t\t\t\t\t<\/div>\n\t\t\t\t<\/div>\n\t\t\t\t\t<\/div>\n\t\t<\/div>\n\t\t\t\t\t<\/div>\n\t\t<\/section>\n\t\t\t\t<section class=\"elementor-section elementor-top-section elementor-element elementor-element-0c4302e elementor-section-boxed elementor-section-height-default elementor-section-height-default\" data-id=\"0c4302e\" data-element_type=\"section\" data-settings=\"{&quot;jet_parallax_layout_list&quot;:[],&quot;background_background&quot;:&quot;classic&quot;}\">\n\t\t\t\t\t\t<div class=\"elementor-container elementor-column-gap-default\">\n\t\t\t\t\t<div class=\"elementor-column elementor-col-100 elementor-top-column elementor-element elementor-element-42220a5\" data-id=\"42220a5\" data-element_type=\"column\">\n\t\t\t<div class=\"elementor-widget-wrap elementor-element-populated\">\n\t\t\t\t\t\t<div class=\"elementor-element elementor-element-e1887fc elementor-widget elementor-widget-heading\" data-id=\"e1887fc\" data-element_type=\"widget\" data-widget_type=\"heading.default\">\n\t\t\t\t<div class=\"elementor-widget-container\">\n\t\t\t<h2 class=\"elementor-heading-title elementor-size-default\">Video mit tanzenden Pepper Robotern einer anderen Firma, nicht unseres Projektes!<\/h2>\t\t<\/div>\n\t\t\t\t<\/div>\n\t\t\t\t<div class=\"elementor-element elementor-element-55923a5 elementor-widget elementor-widget-video\" data-id=\"55923a5\" data-element_type=\"widget\" data-settings=\"{&quot;youtube_url&quot;:&quot;https:\\\/\\\/www.youtube.com\\\/watch?v=fndpS3Ak_WU&quot;,&quot;video_type&quot;:&quot;youtube&quot;,&quot;controls&quot;:&quot;yes&quot;}\" data-widget_type=\"video.default\">\n\t\t\t\t<div class=\"elementor-widget-container\">\n\t\t\t\t\t<div class=\"elementor-wrapper elementor-open-inline\">\n\t\t\t<div class=\"elementor-video\"><\/div>\t\t<\/div>\n\t\t\t\t<\/div>\n\t\t\t\t<\/div>\n\t\t\t\t\t<\/div>\n\t\t<\/div>\n\t\t\t\t\t<\/div>\n\t\t<\/section>\n\t\t\t\t<\/div>\n\t\t","protected":false},"excerpt":{"rendered":"<p>Tanz und K\u00fcnstliche Intelligenz Al ROBOLAB @University of Luxembourg | N. Shojaee, B. Antico |2022 Schaue einer KI beim Tanzen zu! F\u00fcr diese Ausstellung im Jahr 2022 haben wir ein KI-Programm darauf trainiert, Musik zu h\u00f6ren und Tanzbewegungen zu dieser Musik zu erzeugen. In diesen beiden Videos siehst du zwei Beispiele f\u00fcr Tanzbewegungen, die unser &hellip; <a href=\"https:\/\/testit.uni.lu\/de\/ausstellung\/tanz-und-kuenstliche-intelligenz\/\" class=\"more-link\"><span class=\"screen-reader-text\">\u201eTanz und K\u00fcnstliche Intelligenz\u201c<\/span> weiterlesen<\/a><\/p>\n","protected":false},"author":1486,"featured_media":0,"parent":14384,"menu_order":0,"comment_status":"closed","ping_status":"closed","template":"elementor_header_footer","meta":{"iawp_total_views":19,"footnotes":""},"class_list":["post-17802","page","type-page","status-publish","hentry"],"_links":{"self":[{"href":"https:\/\/testit.uni.lu\/de\/wp-json\/wp\/v2\/pages\/17802","targetHints":{"allow":["GET"]}}],"collection":[{"href":"https:\/\/testit.uni.lu\/de\/wp-json\/wp\/v2\/pages"}],"about":[{"href":"https:\/\/testit.uni.lu\/de\/wp-json\/wp\/v2\/types\/page"}],"author":[{"embeddable":true,"href":"https:\/\/testit.uni.lu\/de\/wp-json\/wp\/v2\/users\/1486"}],"replies":[{"embeddable":true,"href":"https:\/\/testit.uni.lu\/de\/wp-json\/wp\/v2\/comments?post=17802"}],"version-history":[{"count":10,"href":"https:\/\/testit.uni.lu\/de\/wp-json\/wp\/v2\/pages\/17802\/revisions"}],"predecessor-version":[{"id":22997,"href":"https:\/\/testit.uni.lu\/de\/wp-json\/wp\/v2\/pages\/17802\/revisions\/22997"}],"up":[{"embeddable":true,"href":"https:\/\/testit.uni.lu\/de\/wp-json\/wp\/v2\/pages\/14384"}],"wp:attachment":[{"href":"https:\/\/testit.uni.lu\/de\/wp-json\/wp\/v2\/media?parent=17802"}],"curies":[{"name":"wp","href":"https:\/\/api.w.org\/{rel}","templated":true}]}}